{"id":996,"date":"2026-03-20T12:15:58","date_gmt":"2026-03-20T12:15:58","guid":{"rendered":"https:\/\/idealpesca.com\/loja\/produto\/boia-buldo-barros-3309-4967\/"},"modified":"2026-03-20T23:42:47","modified_gmt":"2026-03-20T23:42:47","slug":"boia-buldo-barros-3309-4967","status":"publish","type":"product","link":"https:\/\/idealpesca.com\/loja\/produto\/boia-buldo-barros-3309-4967\/","title":{"rendered":"BOIA Bombette Samurai DAIWA"},"content":{"rendered":"<p>Uma bombette aerodin\u00e2mica com um corpo transl\u00facido e um fio de a\u00e7o corda de piano conectam dois rolamentos de ambos os lados. Afundante e discreta, \u00e9 perfeita para impulsionar amostras flex\u00edveis, amostras duras ou enguias a grande dist\u00e2ncia.<\/p>\n","protected":false},"excerpt":{"rendered":"<p>Disponivel com 50gr.<\/p>\n","protected":false},"featured_media":4035,"comment_status":"open","ping_status":"closed","template":"","meta":[],"product_brand":[],"product_cat":[176],"product_tag":[],"class_list":{"0":"post-996","1":"product","2":"type-product","3":"status-publish","4":"has-post-thumbnail","6":"product_cat-080102-boias-de-buldo-e-corrico","8":"first","9":"instock","10":"taxable","11":"shipping-taxable","12":"purchasable","13":"product-type-variable"},"_links":{"self":[{"href":"https:\/\/idealpesca.com\/loja\/wp-json\/wp\/v2\/product\/996","targetHints":{"allow":["GET"]}}],"collection":[{"href":"https:\/\/idealpesca.com\/loja\/wp-json\/wp\/v2\/product"}],"about":[{"href":"https:\/\/idealpesca.com\/loja\/wp-json\/wp\/v2\/types\/product"}],"replies":[{"embeddable":true,"href":"https:\/\/idealpesca.com\/loja\/wp-json\/wp\/v2\/comments?post=996"}],"wp:featuredmedia":[{"embeddable":true,"href":"https:\/\/idealpesca.com\/loja\/wp-json\/wp\/v2\/media\/4035"}],"wp:attachment":[{"href":"https:\/\/idealpesca.com\/loja\/wp-json\/wp\/v2\/media?parent=996"}],"wp:term":[{"taxonomy":"product_brand","embeddable":true,"href":"https:\/\/idealpesca.com\/loja\/wp-json\/wp\/v2\/product_brand?post=996"},{"taxonomy":"product_cat","embeddable":true,"href":"https:\/\/idealpesca.com\/loja\/wp-json\/wp\/v2\/product_cat?post=996"},{"taxonomy":"product_tag","embeddable":true,"href":"https:\/\/idealpesca.com\/loja\/wp-json\/wp\/v2\/product_tag?post=996"}],"curies":[{"name":"wp","href":"https:\/\/api.w.org\/{rel}","templated":true}]}}