{"id":995,"date":"2026-03-20T12:15:58","date_gmt":"2026-03-20T12:15:58","guid":{"rendered":"https:\/\/idealpesca.com\/loja\/produto\/boia-buldo-barros-3309\/"},"modified":"2026-03-20T23:42:47","modified_gmt":"2026-03-20T23:42:47","slug":"boia-buldo-barros-3309","status":"publish","type":"product","link":"https:\/\/idealpesca.com\/loja\/produto\/boia-buldo-barros-3309\/","title":{"rendered":"BOIA Bulle Samurai DAIWA"},"content":{"rendered":"<p>-Uma bola de forma original, aerodin\u00e2mica e fosforescente! Flutuante, adapta-se \u00e0s t\u00e9cnicas habituais do lan\u00e7ado.<\/p>\n","protected":false},"excerpt":{"rendered":"<p>Disponivel com 60gr. e 80gr.<\/p>\n","protected":false},"featured_media":4033,"comment_status":"open","ping_status":"closed","template":"","meta":[],"product_brand":[],"product_cat":[176],"product_tag":[],"class_list":{"0":"post-995","1":"product","2":"type-product","3":"status-publish","4":"has-post-thumbnail","6":"product_cat-080102-boias-de-buldo-e-corrico","8":"first","9":"instock","10":"taxable","11":"shipping-taxable","12":"purchasable","13":"product-type-variable"},"_links":{"self":[{"href":"https:\/\/idealpesca.com\/loja\/wp-json\/wp\/v2\/product\/995","targetHints":{"allow":["GET"]}}],"collection":[{"href":"https:\/\/idealpesca.com\/loja\/wp-json\/wp\/v2\/product"}],"about":[{"href":"https:\/\/idealpesca.com\/loja\/wp-json\/wp\/v2\/types\/product"}],"replies":[{"embeddable":true,"href":"https:\/\/idealpesca.com\/loja\/wp-json\/wp\/v2\/comments?post=995"}],"wp:featuredmedia":[{"embeddable":true,"href":"https:\/\/idealpesca.com\/loja\/wp-json\/wp\/v2\/media\/4033"}],"wp:attachment":[{"href":"https:\/\/idealpesca.com\/loja\/wp-json\/wp\/v2\/media?parent=995"}],"wp:term":[{"taxonomy":"product_brand","embeddable":true,"href":"https:\/\/idealpesca.com\/loja\/wp-json\/wp\/v2\/product_brand?post=995"},{"taxonomy":"product_cat","embeddable":true,"href":"https:\/\/idealpesca.com\/loja\/wp-json\/wp\/v2\/product_cat?post=995"},{"taxonomy":"product_tag","embeddable":true,"href":"https:\/\/idealpesca.com\/loja\/wp-json\/wp\/v2\/product_tag?post=995"}],"curies":[{"name":"wp","href":"https:\/\/api.w.org\/{rel}","templated":true}]}}