{"id":93,"date":"2026-03-20T12:12:47","date_gmt":"2026-03-20T12:12:47","guid":{"rendered":"https:\/\/idealpesca.com\/loja\/produto\/zagaia-maria-mucho-lucir\/"},"modified":"2026-03-20T23:59:26","modified_gmt":"2026-03-20T23:59:26","slug":"zagaia-maria-mucho-lucir","status":"publish","type":"product","link":"https:\/\/idealpesca.com\/loja\/produto\/zagaia-maria-mucho-lucir\/","title":{"rendered":"ZAGAIA Maria Mucho Lucir 45GR"},"content":{"rendered":"<p><span style=\"font-size: large;color: #000000\"><strong>Tamanho:<\/strong> 68mm\u00a0<\/span><\/p>\n<p><span style=\"font-size: large;color: #000000\"><strong>Peso:<\/strong> 45g\u00a0<\/span><\/p>\n<p><strong><span style=\"font-size: large;color: #000000\">A Mucho Lucir \u00e9 um jig concebido para o light e cast jigging assim como pescas de spinning. A Mucho Lucir \u00e9 um jig pequeno, compacto e muito equilibrado que produz grandes lan\u00e7amentos, e que devido \u00e0 sua ac\u00e7\u00e3o e aos seus magn\u00edficos hologr\u00e1ficos atrai os grandes predadores.<\/span><\/strong><\/p>\n","protected":false},"excerpt":{"rendered":"<p>Casting jig de 45 GRS<\/p>\n","protected":false},"featured_media":2712,"comment_status":"open","ping_status":"closed","template":"","meta":[],"product_brand":[],"product_cat":[54,138],"product_tag":[],"class_list":{"0":"post-93","1":"product","2":"type-product","3":"status-publish","4":"has-post-thumbnail","6":"product_cat-030600-zagaiascasting-jigs-inchikus-e-light-rock-fishing","7":"product_cat-030606-maria","9":"first","10":"instock","11":"taxable","12":"shipping-taxable","13":"purchasable","14":"product-type-variable"},"_links":{"self":[{"href":"https:\/\/idealpesca.com\/loja\/wp-json\/wp\/v2\/product\/93","targetHints":{"allow":["GET"]}}],"collection":[{"href":"https:\/\/idealpesca.com\/loja\/wp-json\/wp\/v2\/product"}],"about":[{"href":"https:\/\/idealpesca.com\/loja\/wp-json\/wp\/v2\/types\/product"}],"replies":[{"embeddable":true,"href":"https:\/\/idealpesca.com\/loja\/wp-json\/wp\/v2\/comments?post=93"}],"wp:featuredmedia":[{"embeddable":true,"href":"https:\/\/idealpesca.com\/loja\/wp-json\/wp\/v2\/media\/2712"}],"wp:attachment":[{"href":"https:\/\/idealpesca.com\/loja\/wp-json\/wp\/v2\/media?parent=93"}],"wp:term":[{"taxonomy":"product_brand","embeddable":true,"href":"https:\/\/idealpesca.com\/loja\/wp-json\/wp\/v2\/product_brand?post=93"},{"taxonomy":"product_cat","embeddable":true,"href":"https:\/\/idealpesca.com\/loja\/wp-json\/wp\/v2\/product_cat?post=93"},{"taxonomy":"product_tag","embeddable":true,"href":"https:\/\/idealpesca.com\/loja\/wp-json\/wp\/v2\/product_tag?post=93"}],"curies":[{"name":"wp","href":"https:\/\/api.w.org\/{rel}","templated":true}]}}