{"id":907,"date":"2026-03-20T12:15:39","date_gmt":"2026-03-20T12:15:39","guid":{"rendered":"https:\/\/idealpesca.com\/loja\/produto\/cana-tubertini-talaxa-7300\/"},"modified":"2026-03-20T23:49:26","modified_gmt":"2026-03-20T23:49:26","slug":"cana-tubertini-talaxa-7300","status":"publish","type":"product","link":"https:\/\/idealpesca.com\/loja\/produto\/cana-tubertini-talaxa-7300\/","title":{"rendered":"Cana TUBERTINI TALAXA 7300"},"content":{"rendered":"<p>AC\u00c7\u00c3O: 300 GR.<\/p>\n<p>PASSADORES: SIC<\/p>\n<p>PORTA-CARRETOS: TUBULAR<\/p>\n<p>ELEMENTOS: 2+2 PONTEIRAS<\/p>\n<table class=\"tabella-prodotto\">\n<tr>\n<th>codigo<\/th>\n<th>comprimento<\/th>\n<th>peso<\/th>\n<th>elementos<\/th>\n<th>comp. de transporte<\/th>\n<th>potencia<\/th>\n<\/tr>\n<tr>\n<td>03100<\/td>\n<td>2,10 m<\/td>\n<td>212 g<\/td>\n<td>2+2<\/td>\n<td>112cm<\/td>\n<td>Max 300 g<\/td>\n<\/tr>\n<tr>\n<td>03101<\/td>\n<td>2,40 m<\/td>\n<td>228 g<\/td>\n<td>2+2<\/td>\n<td>127 cm<\/td>\n<td>Max 300 g<\/td>\n<\/tr>\n<tr>\n<td>03102<\/td>\n<td>2,70 m<\/td>\n<td>240 g<\/td>\n<td>2+2<\/td>\n<td>140 cm<\/td>\n<td>Max 300 g<\/td>\n<\/tr>\n<\/table>\n<p>Ponteiras:<br \/>\u00a0-L 7300 Leve &#8211; 530 mm &#8211; \u00d8 4,60 mm<br \/>&#8211; M 7300 M\u00e9dia &#8211; 530 mm &#8211; \u00d8 4,60 mm<\/p>\n","protected":false},"excerpt":{"rendered":"<p>Cana de carbono com a\u00e7\u00e3o interm\u00e9dia, muito resistente<br \/>\nIndicada para pesca aos diversos<br \/>\n3 comprimentos dispon\u00edveis<\/p>\n","protected":false},"featured_media":3911,"comment_status":"open","ping_status":"closed","template":"","meta":[],"product_brand":[],"product_cat":[518,90,43,517],"product_tag":[],"class_list":{"0":"post-907","1":"product","2":"type-product","3":"status-publish","4":"has-post-thumbnail","6":"product_cat-010300-pesca-embarcada","7":"product_cat-010309-tubertini","8":"product_cat-310000-novidades-gerais","9":"product_cat-ideal-pesca","11":"first","12":"instock","13":"taxable","14":"shipping-taxable","15":"purchasable","16":"product-type-variable"},"_links":{"self":[{"href":"https:\/\/idealpesca.com\/loja\/wp-json\/wp\/v2\/product\/907","targetHints":{"allow":["GET"]}}],"collection":[{"href":"https:\/\/idealpesca.com\/loja\/wp-json\/wp\/v2\/product"}],"about":[{"href":"https:\/\/idealpesca.com\/loja\/wp-json\/wp\/v2\/types\/product"}],"replies":[{"embeddable":true,"href":"https:\/\/idealpesca.com\/loja\/wp-json\/wp\/v2\/comments?post=907"}],"wp:featuredmedia":[{"embeddable":true,"href":"https:\/\/idealpesca.com\/loja\/wp-json\/wp\/v2\/media\/3911"}],"wp:attachment":[{"href":"https:\/\/idealpesca.com\/loja\/wp-json\/wp\/v2\/media?parent=907"}],"wp:term":[{"taxonomy":"product_brand","embeddable":true,"href":"https:\/\/idealpesca.com\/loja\/wp-json\/wp\/v2\/product_brand?post=907"},{"taxonomy":"product_cat","embeddable":true,"href":"https:\/\/idealpesca.com\/loja\/wp-json\/wp\/v2\/product_cat?post=907"},{"taxonomy":"product_tag","embeddable":true,"href":"https:\/\/idealpesca.com\/loja\/wp-json\/wp\/v2\/product_tag?post=907"}],"curies":[{"name":"wp","href":"https:\/\/api.w.org\/{rel}","templated":true}]}}