{"id":888,"date":"2026-03-20T12:15:36","date_gmt":"2026-03-20T12:15:36","guid":{"rendered":"https:\/\/idealpesca.com\/loja\/produto\/lanterna-de-cabeca-petzl-tikkina-300-lumens\/"},"modified":"2026-04-17T18:11:55","modified_gmt":"2026-04-17T17:11:55","slug":"lanterna-de-cabeca-petzl-tikkina-300-lumens","status":"publish","type":"product","link":"https:\/\/idealpesca.com\/loja\/produto\/lanterna-de-cabeca-petzl-tikkina-300-lumens\/","title":{"rendered":"LANTERNA de cabe\u00e7a PETZL TIKKINA 300 LUMENS"},"content":{"rendered":"<p><strong>Descri\u00e7\u00e3o<br \/><\/strong><\/p>\n<table>\n<tr>\n<th>C\u00f4r<\/th>\n<td>cinza ou azul<\/td>\n<\/tr>\n<tr>\n<th>peso<\/th>\n<td>92 gr<\/td>\n<\/tr>\n<tr>\n<th>estanquecidade<\/th>\n<td>IPX4\u00a0<\/td>\n<\/tr>\n<tr>\n<th>categoria<\/th>\n<td>Lanterna cabe\u00e7a<\/td>\n<\/tr>\n<tr>\n<th>tipo l\u00e2mpada<\/th>\n<td>LED<\/td>\n<\/tr>\n<tr>\n<th>alimenta\u00e7\u00e3o<\/th>\n<td>3xAAA\/LR03<\/td>\n<\/tr>\n<tr>\n<th>Material<\/th>\n<td>pl\u00e1stico<\/td>\n<\/tr>\n<tr>\n<th>intensidade (max)<\/th>\n<td>300 lumens<\/td>\n<\/tr>\n<\/table>\n<p>TIKKINA\u00ae<\/p>\n<p>Lanterna compacta, leve e com fita de cabe\u00e7a 300 lumens<\/p>\n<div class=\"productCaracteristiquesPosition inlineblock\">\n<p>Vem com pilhas AAA\/LR03 duracell e \u00e9 poss\u00edvel adquirir bateria de lithium recarreg\u00e1vel (core).<\/p>\n<p>\u00a0<\/p>\n<\/div>\n","protected":false},"excerpt":{"rendered":"<p>PETZL TIKKINA\u00ae &#8211; LANTERNA DE CABE\u00c7A DE ALTA QUALIDADE 300 lumens<\/p>\n","protected":false},"featured_media":3883,"comment_status":"open","ping_status":"closed","template":"","meta":[],"product_brand":[],"product_cat":[57],"product_tag":[],"class_list":{"0":"post-888","1":"product","2":"type-product","3":"status-publish","4":"has-post-thumbnail","6":"product_cat-190000-lanternas","8":"first","9":"outofstock","10":"taxable","11":"shipping-taxable","12":"purchasable","13":"product-type-variable"},"_links":{"self":[{"href":"https:\/\/idealpesca.com\/loja\/wp-json\/wp\/v2\/product\/888","targetHints":{"allow":["GET"]}}],"collection":[{"href":"https:\/\/idealpesca.com\/loja\/wp-json\/wp\/v2\/product"}],"about":[{"href":"https:\/\/idealpesca.com\/loja\/wp-json\/wp\/v2\/types\/product"}],"replies":[{"embeddable":true,"href":"https:\/\/idealpesca.com\/loja\/wp-json\/wp\/v2\/comments?post=888"}],"wp:featuredmedia":[{"embeddable":true,"href":"https:\/\/idealpesca.com\/loja\/wp-json\/wp\/v2\/media\/3883"}],"wp:attachment":[{"href":"https:\/\/idealpesca.com\/loja\/wp-json\/wp\/v2\/media?parent=888"}],"wp:term":[{"taxonomy":"product_brand","embeddable":true,"href":"https:\/\/idealpesca.com\/loja\/wp-json\/wp\/v2\/product_brand?post=888"},{"taxonomy":"product_cat","embeddable":true,"href":"https:\/\/idealpesca.com\/loja\/wp-json\/wp\/v2\/product_cat?post=888"},{"taxonomy":"product_tag","embeddable":true,"href":"https:\/\/idealpesca.com\/loja\/wp-json\/wp\/v2\/product_tag?post=888"}],"curies":[{"name":"wp","href":"https:\/\/api.w.org\/{rel}","templated":true}]}}