{"id":873,"date":"2026-03-20T12:15:32","date_gmt":"2026-03-20T12:15:32","guid":{"rendered":"https:\/\/idealpesca.com\/loja\/produto\/bolsa-daiwa-deluxe-2531-4730-4790-4791-4792\/"},"modified":"2026-04-17T18:11:56","modified_gmt":"2026-04-17T17:11:56","slug":"bolsa-daiwa-deluxe-2531-4730-4790-4791-4792","status":"publish","type":"product","link":"https:\/\/idealpesca.com\/loja\/produto\/bolsa-daiwa-deluxe-2531-4730-4790-4791-4792\/","title":{"rendered":"Bolsa Rapala SPORTSMAN\u00b4S 12"},"content":{"rendered":"<p>Ref: SPORTSMAN\u00b4S 12<\/p>\n<p>-Material imperme\u00e1vel;<\/p>\n<p>-Capa interior em PVC amov\u00edvel;<\/p>\n<p>-Medidas(larguraxprofundidadexaltura): 34x28x15cm;<\/p>\n<p>-12 Litros de capacidade;<\/p>\n<p>-C\u00f4r: CINZA PRETO E VERMELHO;<\/p>\n<p>\u00a0<\/p>\n<p>\u00a0<\/p>\n","protected":false},"excerpt":{"rendered":"<p>Bolsa de alta qualidade para transporte de material de pesca<br \/>\nObserva\u00e7\u00e3o: O fecho da bolsa \u00e9 a vers\u00e3o vermelha<\/p>\n","protected":false},"featured_media":3865,"comment_status":"open","ping_status":"closed","template":"","meta":[],"product_brand":[],"product_cat":[171],"product_tag":[],"class_list":{"0":"post-873","1":"product","2":"type-product","3":"status-publish","4":"has-post-thumbnail","6":"product_cat-070000-mochilas-e-bolsas-de-pesca","8":"first","9":"outofstock","10":"taxable","11":"shipping-taxable","12":"purchasable","13":"product-type-simple"},"_links":{"self":[{"href":"https:\/\/idealpesca.com\/loja\/wp-json\/wp\/v2\/product\/873","targetHints":{"allow":["GET"]}}],"collection":[{"href":"https:\/\/idealpesca.com\/loja\/wp-json\/wp\/v2\/product"}],"about":[{"href":"https:\/\/idealpesca.com\/loja\/wp-json\/wp\/v2\/types\/product"}],"replies":[{"embeddable":true,"href":"https:\/\/idealpesca.com\/loja\/wp-json\/wp\/v2\/comments?post=873"}],"wp:featuredmedia":[{"embeddable":true,"href":"https:\/\/idealpesca.com\/loja\/wp-json\/wp\/v2\/media\/3865"}],"wp:attachment":[{"href":"https:\/\/idealpesca.com\/loja\/wp-json\/wp\/v2\/media?parent=873"}],"wp:term":[{"taxonomy":"product_brand","embeddable":true,"href":"https:\/\/idealpesca.com\/loja\/wp-json\/wp\/v2\/product_brand?post=873"},{"taxonomy":"product_cat","embeddable":true,"href":"https:\/\/idealpesca.com\/loja\/wp-json\/wp\/v2\/product_cat?post=873"},{"taxonomy":"product_tag","embeddable":true,"href":"https:\/\/idealpesca.com\/loja\/wp-json\/wp\/v2\/product_tag?post=873"}],"curies":[{"name":"wp","href":"https:\/\/api.w.org\/{rel}","templated":true}]}}