{"id":870,"date":"2026-03-20T12:15:31","date_gmt":"2026-03-20T12:15:31","guid":{"rendered":"https:\/\/idealpesca.com\/loja\/produto\/mochila-daiwa-surf-para-chariot-43l\/"},"modified":"2026-04-17T18:11:57","modified_gmt":"2026-04-17T17:11:57","slug":"mochila-daiwa-surf-para-chariot-43l","status":"publish","type":"product","link":"https:\/\/idealpesca.com\/loja\/produto\/mochila-daiwa-surf-para-chariot-43l\/","title":{"rendered":"MOCHILA DAIWA Surf para chariot 43L"},"content":{"rendered":"<div class=\"product-content\">\n<div class=\"product-content-inner\">\n<div class=\"product-desc\">\n<p>Esta mochila \u00e9 ideal para transportar os seus equipamentos de pesca no carrinho. Concebido em material semirr\u00edgido, \u00e9 o compromisso perfeito entre caixa e mochila. Gra\u00e7as \u00e0s duas al\u00e7as de fixa\u00e7\u00e3o ajust\u00e1veis, pode fix\u00e1-la ao seu carrinho. A sua capacidade de 43L permitir\u00e1 reunir e organizar o seu equipamento de pesca surfcasting. O bolso central cont\u00e9m tr\u00eas espa\u00e7os nos quais pode armazenar os seus carretos, bobinas, bolsas de acess\u00f3rios, etc. Esta mochila cont\u00e9m igualmente uma grande caixa de armazenamento com 22 compartimentos modulares: \u00e9 ideal para armazenar baixadas e outros pequenos acess\u00f3rios. Tr\u00eas bolsos suplementares est\u00e3o localizados nas laterais da mochila. Na parte superior, uma bolsa grande dividida em 3 compartimentos modulares acomodar\u00e1 os produtos que deseje ter rapidamente \u00e0 m\u00e3o. A aba da mochila est\u00e1 equipada com el\u00e1stico para armazenamento de alicates ou tubo de agulhas Daiwa. Uma al\u00e7a permite transportar a mochila ao ombro. Os fechos zip de pl\u00e1stico resistentes \u00e0 eros\u00e3o aumentam a vida \u00fatil destes produtos.<\/p>\n<\/div>\n<div class=\"embed-video product-video\"><\/div>\n<div class=\"row\">\u00a0<\/div>\n<\/div>\n<\/div>\n<div class=\"product-content-next\">\n<div class=\"product-content-next-inner\">\n<div class=\"polymorphic-table product-table\">\n<div class=\"polymorphic-table-inner\">\n<table class=\"table bordered js-pswp-gallery\">\n<tr>\n<th>Refer\u00eancia<\/th>\n<th>Cor<\/th>\n<th>Dimens\u00f5es<\/th>\n<th>Capacidade<\/th>\n<\/tr>\n<\/table>\n<\/div>\n<\/div>\n<\/div>\n<\/div>\n<p>\u00a0<\/p>\n<p>\u00a0<\/p>\n","protected":false},"excerpt":{"rendered":"<p>O compromisso entre saco e caixa sobre o vosso chariot<br \/>\nRefer\u00eancia:DSSC43<br \/>\nCor:Vermelho e preto<br \/>\nDimens\u00f5es: 37 x 32 x 36 cm<br \/>\nCapacidade:43 L <\/p>\n<p>Bobines e carretos apresentados nas bolsas n\u00e3o inclu\u00eddos<\/p>\n","protected":false},"featured_media":3858,"comment_status":"open","ping_status":"closed","template":"","meta":[],"product_brand":[],"product_cat":[171,43],"product_tag":[],"class_list":{"0":"post-870","1":"product","2":"type-product","3":"status-publish","4":"has-post-thumbnail","6":"product_cat-070000-mochilas-e-bolsas-de-pesca","7":"product_cat-310000-novidades-gerais","9":"first","10":"outofstock","11":"taxable","12":"shipping-taxable","13":"purchasable","14":"product-type-simple"},"_links":{"self":[{"href":"https:\/\/idealpesca.com\/loja\/wp-json\/wp\/v2\/product\/870","targetHints":{"allow":["GET"]}}],"collection":[{"href":"https:\/\/idealpesca.com\/loja\/wp-json\/wp\/v2\/product"}],"about":[{"href":"https:\/\/idealpesca.com\/loja\/wp-json\/wp\/v2\/types\/product"}],"replies":[{"embeddable":true,"href":"https:\/\/idealpesca.com\/loja\/wp-json\/wp\/v2\/comments?post=870"}],"wp:featuredmedia":[{"embeddable":true,"href":"https:\/\/idealpesca.com\/loja\/wp-json\/wp\/v2\/media\/3858"}],"wp:attachment":[{"href":"https:\/\/idealpesca.com\/loja\/wp-json\/wp\/v2\/media?parent=870"}],"wp:term":[{"taxonomy":"product_brand","embeddable":true,"href":"https:\/\/idealpesca.com\/loja\/wp-json\/wp\/v2\/product_brand?post=870"},{"taxonomy":"product_cat","embeddable":true,"href":"https:\/\/idealpesca.com\/loja\/wp-json\/wp\/v2\/product_cat?post=870"},{"taxonomy":"product_tag","embeddable":true,"href":"https:\/\/idealpesca.com\/loja\/wp-json\/wp\/v2\/product_tag?post=870"}],"curies":[{"name":"wp","href":"https:\/\/api.w.org\/{rel}","templated":true}]}}