{"id":867,"date":"2026-03-20T12:15:31","date_gmt":"2026-03-20T12:15:31","guid":{"rendered":"https:\/\/idealpesca.com\/loja\/produto\/anzois-decoy-2985-4780-4781\/"},"modified":"2026-03-20T23:41:05","modified_gmt":"2026-03-20T23:41:05","slug":"anzois-decoy-2985-4780-4781","status":"publish","type":"product","link":"https:\/\/idealpesca.com\/loja\/produto\/anzois-decoy-2985-4780-4781\/","title":{"rendered":"ANZOL DAIWA D&#8217;Hook Chinu Ring"},"content":{"rendered":"<p><span style=\"font-size: large;color: #000000\"><strong>O Chinu ring \u00e9 um anzol com argola t\u00edpico das pescas no mar para utilizar bons iscos na busca de espar\u00eddeos (dourada, ro\u00e7ada, pargo&#8230;). A sua ponta reentrante e a sua curvatura s\u00e3o \u00f3timos para a boa apresenta\u00e7\u00e3o dos iscos para a pesca dos predadores marinhos.<\/strong><\/span><\/p>\n<table class=\"table bordered js-pswp-gallery\">\n<tr>\n<th>Tamanho<\/th>\n<th>Quant\/saqueta<\/th>\n<th>Refer\u00eancia<\/th>\n<\/tr>\n<tr>\n<td>N\u00b0 3\/0<\/td>\n<td>x 10<\/td>\n<td>DHCHR3-0<\/td>\n<\/tr>\n<tr>\n<td>N\u00b0 4\/0<\/td>\n<td>x 10<\/td>\n<td>DHCHR4-0<\/td>\n<\/tr>\n<tr>\n<td>N\u00b0 5\/0<\/td>\n<td>x 10<\/td>\n<td>DHCHR5-0<\/td>\n<\/tr>\n<\/table>\n","protected":false},"excerpt":{"rendered":"<p>O Chinu ring \u00e9 um anzol com argola t\u00edpico das pescas no mar.<\/p>\n","protected":false},"featured_media":3852,"comment_status":"open","ping_status":"closed","template":"","meta":[],"product_brand":[],"product_cat":[133,461],"product_tag":[],"class_list":{"0":"post-867","1":"product","2":"type-product","3":"status-publish","4":"has-post-thumbnail","6":"product_cat-040100-anzois-de-patilha","7":"product_cat-040102-daiwa","9":"first","10":"instock","11":"taxable","12":"shipping-taxable","13":"purchasable","14":"product-type-variable"},"_links":{"self":[{"href":"https:\/\/idealpesca.com\/loja\/wp-json\/wp\/v2\/product\/867","targetHints":{"allow":["GET"]}}],"collection":[{"href":"https:\/\/idealpesca.com\/loja\/wp-json\/wp\/v2\/product"}],"about":[{"href":"https:\/\/idealpesca.com\/loja\/wp-json\/wp\/v2\/types\/product"}],"replies":[{"embeddable":true,"href":"https:\/\/idealpesca.com\/loja\/wp-json\/wp\/v2\/comments?post=867"}],"wp:featuredmedia":[{"embeddable":true,"href":"https:\/\/idealpesca.com\/loja\/wp-json\/wp\/v2\/media\/3852"}],"wp:attachment":[{"href":"https:\/\/idealpesca.com\/loja\/wp-json\/wp\/v2\/media?parent=867"}],"wp:term":[{"taxonomy":"product_brand","embeddable":true,"href":"https:\/\/idealpesca.com\/loja\/wp-json\/wp\/v2\/product_brand?post=867"},{"taxonomy":"product_cat","embeddable":true,"href":"https:\/\/idealpesca.com\/loja\/wp-json\/wp\/v2\/product_cat?post=867"},{"taxonomy":"product_tag","embeddable":true,"href":"https:\/\/idealpesca.com\/loja\/wp-json\/wp\/v2\/product_tag?post=867"}],"curies":[{"name":"wp","href":"https:\/\/api.w.org\/{rel}","templated":true}]}}