{"id":856,"date":"2026-03-20T12:15:29","date_gmt":"2026-03-20T12:15:29","guid":{"rendered":"https:\/\/idealpesca.com\/loja\/produto\/zagaia-daiwa-saltiga-sk-jig-85-gr-3831-4685-4690\/"},"modified":"2026-03-20T23:59:36","modified_gmt":"2026-03-20T23:59:36","slug":"zagaia-daiwa-saltiga-sk-jig-85-gr-3831-4685-4690","status":"publish","type":"product","link":"https:\/\/idealpesca.com\/loja\/produto\/zagaia-daiwa-saltiga-sk-jig-85-gr-3831-4685-4690\/","title":{"rendered":"ZAGAIA SHIMANO Ocea Sardine Waver"},"content":{"rendered":"<p>\u00a0Dispon\u00edvel em 130 gr. e 160 gr.<\/p>\n<p>A Sardine Waver \u00e9 uma excitante zagaia desenhada especialmente para inshore e pesca em slow em profundidades m\u00e9dias. Para al\u00e9m da queda lenta combina varios tipos de efeitos na queda, todos eles para tornar-se mais apelativa aos grandes predadores!<\/p>\n","protected":false},"excerpt":{"rendered":"<p>Zagaia Shimano OCEA sardine weaver<\/p>\n","protected":false},"featured_media":3827,"comment_status":"open","ping_status":"closed","template":"","meta":[],"product_brand":[],"product_cat":[54,459,43],"product_tag":[],"class_list":{"0":"post-856","1":"product","2":"type-product","3":"status-publish","4":"has-post-thumbnail","6":"product_cat-030600-zagaiascasting-jigs-inchikus-e-light-rock-fishing","7":"product_cat-030610-shimano","8":"product_cat-310000-novidades-gerais","10":"first","11":"instock","12":"taxable","13":"shipping-taxable","14":"purchasable","15":"product-type-variable"},"_links":{"self":[{"href":"https:\/\/idealpesca.com\/loja\/wp-json\/wp\/v2\/product\/856","targetHints":{"allow":["GET"]}}],"collection":[{"href":"https:\/\/idealpesca.com\/loja\/wp-json\/wp\/v2\/product"}],"about":[{"href":"https:\/\/idealpesca.com\/loja\/wp-json\/wp\/v2\/types\/product"}],"replies":[{"embeddable":true,"href":"https:\/\/idealpesca.com\/loja\/wp-json\/wp\/v2\/comments?post=856"}],"wp:featuredmedia":[{"embeddable":true,"href":"https:\/\/idealpesca.com\/loja\/wp-json\/wp\/v2\/media\/3827"}],"wp:attachment":[{"href":"https:\/\/idealpesca.com\/loja\/wp-json\/wp\/v2\/media?parent=856"}],"wp:term":[{"taxonomy":"product_brand","embeddable":true,"href":"https:\/\/idealpesca.com\/loja\/wp-json\/wp\/v2\/product_brand?post=856"},{"taxonomy":"product_cat","embeddable":true,"href":"https:\/\/idealpesca.com\/loja\/wp-json\/wp\/v2\/product_cat?post=856"},{"taxonomy":"product_tag","embeddable":true,"href":"https:\/\/idealpesca.com\/loja\/wp-json\/wp\/v2\/product_tag?post=856"}],"curies":[{"name":"wp","href":"https:\/\/api.w.org\/{rel}","templated":true}]}}