{"id":843,"date":"2026-03-20T12:15:26","date_gmt":"2026-03-20T12:15:26","guid":{"rendered":"https:\/\/idealpesca.com\/loja\/produto\/t-shirt-daiwa-1734\/"},"modified":"2026-03-20T23:58:04","modified_gmt":"2026-03-20T23:58:04","slug":"t-shirt-daiwa-1734","status":"publish","type":"product","link":"https:\/\/idealpesca.com\/loja\/produto\/t-shirt-daiwa-1734\/","title":{"rendered":"Sweat-shirt DAIWA com capuz"},"content":{"rendered":"<p>Sweat-shirt com capuz 100% algod\u00e3o relativamente macio para uma postura descontra\u00edda permitindo pescar com estilo! Bolso ventral. Capuz com cord\u00e3o largo de ajuste.<\/p>\n<p>Cor: PRETO<\/p>\n<p>\u00a0<\/p>\n<p>\u00a0<\/p>\n","protected":false},"excerpt":{"rendered":"<p>Sweat-shirt com capuz 100% algod\u00e3o relativamente macio para uma postura descontra\u00edda permitindo pescar com estilo! Bolso ventral. Capuz com cord\u00e3o largo de ajuste. Cor: PRETO \u00a0 \u00a0<\/p>\n","protected":false},"featured_media":3810,"comment_status":"open","ping_status":"closed","template":"","meta":[],"product_brand":[],"product_cat":[63],"product_tag":[],"class_list":{"0":"post-843","1":"product","2":"type-product","3":"status-publish","4":"has-post-thumbnail","6":"product_cat-100101-t-shirt-polos-e-sweats","8":"first","9":"instock","10":"taxable","11":"shipping-taxable","12":"purchasable","13":"product-type-variable"},"_links":{"self":[{"href":"https:\/\/idealpesca.com\/loja\/wp-json\/wp\/v2\/product\/843","targetHints":{"allow":["GET"]}}],"collection":[{"href":"https:\/\/idealpesca.com\/loja\/wp-json\/wp\/v2\/product"}],"about":[{"href":"https:\/\/idealpesca.com\/loja\/wp-json\/wp\/v2\/types\/product"}],"replies":[{"embeddable":true,"href":"https:\/\/idealpesca.com\/loja\/wp-json\/wp\/v2\/comments?post=843"}],"wp:featuredmedia":[{"embeddable":true,"href":"https:\/\/idealpesca.com\/loja\/wp-json\/wp\/v2\/media\/3810"}],"wp:attachment":[{"href":"https:\/\/idealpesca.com\/loja\/wp-json\/wp\/v2\/media?parent=843"}],"wp:term":[{"taxonomy":"product_brand","embeddable":true,"href":"https:\/\/idealpesca.com\/loja\/wp-json\/wp\/v2\/product_brand?post=843"},{"taxonomy":"product_cat","embeddable":true,"href":"https:\/\/idealpesca.com\/loja\/wp-json\/wp\/v2\/product_cat?post=843"},{"taxonomy":"product_tag","embeddable":true,"href":"https:\/\/idealpesca.com\/loja\/wp-json\/wp\/v2\/product_tag?post=843"}],"curies":[{"name":"wp","href":"https:\/\/api.w.org\/{rel}","templated":true}]}}