{"id":837,"date":"2026-03-20T12:15:25","date_gmt":"2026-03-20T12:15:25","guid":{"rendered":"https:\/\/idealpesca.com\/loja\/produto\/dedeiras-daiwa\/"},"modified":"2026-03-20T23:52:29","modified_gmt":"2026-03-20T23:52:29","slug":"dedeiras-daiwa","status":"publish","type":"product","link":"https:\/\/idealpesca.com\/loja\/produto\/dedeiras-daiwa\/","title":{"rendered":"Dedeiras DAIWA"},"content":{"rendered":"<div class=\"product-content\">\n<div class=\"product-content-inner\">\n<div class=\"product-desc\">\n<p>A dedeira de lan\u00e7amento \u00e9 um equipamento ideal para os pescadores de surf casting, em spinning ou de carpa. Estas duas refer\u00eancias proteger\u00e3o o dedo indicador de eventuais cortes causados por um lan\u00e7amento apoiado, com nylon ou com um multifilamento muito fino.<\/p>\n<p>O modelo DL402361 prende-se em volta do pulso com um velcro.<\/p>\n<p>O modelo DL403726 desliza no dedo. O el\u00e1stico que o comp\u00f5e permite que se adapte a todos os tamanhos e espessuras de dedo.<\/p>\n<\/div>\n<div class=\"row\">\u00a0<\/div>\n<\/div>\n<\/div>\n<div class=\"product-content-next\">\n<div class=\"product-content-next-inner\">\n<div class=\"polymorphic-table product-table\">\n<div class=\"polymorphic-table-inner\">\n<table class=\"table bordered js-pswp-gallery\">\n<tr>\n<th>\u00a0<\/th>\n<th>Refer\u00eancia<\/th>\n<th>\u00a0<\/th>\n<\/tr>\n<tr>\n<td><span class=\"new\">N<\/span><\/td>\n<td>DL403726<\/td>\n<td>Dedeira simples<\/td>\n<\/tr>\n<tr>\n<td><span class=\"new\">N<\/span><\/td>\n<td>DL402361<\/td>\n<td>Dedeira fixa\u00e7\u00e3o punho<\/td>\n<\/tr>\n<\/table>\n<\/div>\n<\/div>\n<\/div>\n<\/div>\n","protected":false},"excerpt":{"rendered":"<p>DISPON\u00cdVEL EM 2 VERS\u00d5ES<br \/>\nA dedeira de lan\u00e7amento \u00e9 um equipamento ideal para os pescadores de surf casting, em spinning ou de carpa.<\/p>\n","protected":false},"featured_media":3799,"comment_status":"open","ping_status":"closed","template":"","meta":[],"product_brand":[],"product_cat":[209,517],"product_tag":[],"class_list":{"0":"post-837","1":"product","2":"type-product","3":"status-publish","4":"has-post-thumbnail","6":"product_cat-100105-luvas-e-dedeiras","7":"product_cat-ideal-pesca","9":"first","10":"instock","11":"taxable","12":"shipping-taxable","13":"purchasable","14":"product-type-variable"},"_links":{"self":[{"href":"https:\/\/idealpesca.com\/loja\/wp-json\/wp\/v2\/product\/837","targetHints":{"allow":["GET"]}}],"collection":[{"href":"https:\/\/idealpesca.com\/loja\/wp-json\/wp\/v2\/product"}],"about":[{"href":"https:\/\/idealpesca.com\/loja\/wp-json\/wp\/v2\/types\/product"}],"replies":[{"embeddable":true,"href":"https:\/\/idealpesca.com\/loja\/wp-json\/wp\/v2\/comments?post=837"}],"wp:featuredmedia":[{"embeddable":true,"href":"https:\/\/idealpesca.com\/loja\/wp-json\/wp\/v2\/media\/3799"}],"wp:attachment":[{"href":"https:\/\/idealpesca.com\/loja\/wp-json\/wp\/v2\/media?parent=837"}],"wp:term":[{"taxonomy":"product_brand","embeddable":true,"href":"https:\/\/idealpesca.com\/loja\/wp-json\/wp\/v2\/product_brand?post=837"},{"taxonomy":"product_cat","embeddable":true,"href":"https:\/\/idealpesca.com\/loja\/wp-json\/wp\/v2\/product_cat?post=837"},{"taxonomy":"product_tag","embeddable":true,"href":"https:\/\/idealpesca.com\/loja\/wp-json\/wp\/v2\/product_tag?post=837"}],"curies":[{"name":"wp","href":"https:\/\/api.w.org\/{rel}","templated":true}]}}