{"id":834,"date":"2026-03-20T12:15:23","date_gmt":"2026-03-20T12:15:23","guid":{"rendered":"https:\/\/idealpesca.com\/loja\/produto\/montagem-decoy-tenya-os-2-38-45-gr-3929\/"},"modified":"2026-03-20T23:55:14","modified_gmt":"2026-03-20T23:55:14","slug":"montagem-decoy-tenya-os-2-38-45-gr-3929","status":"publish","type":"product","link":"https:\/\/idealpesca.com\/loja\/produto\/montagem-decoy-tenya-os-2-38-45-gr-3929\/","title":{"rendered":"Montagem DAIWA Samurai Tenya"},"content":{"rendered":"<p>Tenya Daiwa com perfil redondo perfeitamente equilibrada e com acabamentos cuidados. \u00c9 equipada com um anzol fixo, robusto e adaptado \u00e0 utiliza\u00e7\u00e3o de camar\u00e3o, mas tamb\u00e9m com um assist hook com corda. Os dois anz\u00f3is fabricados no Jap\u00e3o t\u00eam um extremo agu\u00e7amento e durabilidade. Os acabamentos, cores e olhos 3D s\u00e3o cuidados e muito atrativos.<\/p>\n<table class=\"table bordered js-pswp-gallery\">\n<tr>\n<th>\u00a0<\/th>\n<th>Peso<\/th>\n<th>Red<\/th>\n<th>*Glow Pink*<\/th>\n<th>*Green Gold *<\/th>\n<th>*Orange*<\/th>\n<\/tr>\n<tr>\n<td><span class=\"new\">N<\/span><\/td>\n<td>14 g<\/td>\n<td>ST14G33<\/td>\n<td>ST14G03<\/td>\n<td><a href=\"https:\/\/www.daiwa.pt\/uploads\/products\/line_equipment\/2020\/10\/st14g27_1200x1200.jpg\"> <span class=\"inner\"> <img decoding=\"async\" src=\"image\/gif;base64,R0lGODlhAQABAIAAAMLCwgAAACH5BAAAAAAALAAAAAABAAEAAAICRAEAOw==\" alt=\"\" width=\"1\" height=\"1\" \/><\/span><\/a><br \/>\nST14G27\n<\/td>\n<td>ST14G38<\/td>\n<\/tr>\n<tr>\n<td>\u00a0<\/td>\n<td>21 g<\/td>\n<td>ST21G33<\/td>\n<td>ST21G03<\/td>\n<td>ST21G27<\/td>\n<td>ST21G38<\/td>\n<\/tr>\n<tr>\n<td>\u00a0<\/td>\n<td>28 g<\/td>\n<td>ST28G33<\/td>\n<td>ST28G03<\/td>\n<td>ST28G27<\/td>\n<td>ST28G38<\/td>\n<\/tr>\n<tr>\n<td>\u00a0<\/td>\n<td>35 g<\/td>\n<td>ST35G33<\/td>\n<td>ST35G03<\/td>\n<td>ST35G27<\/td>\n<td>ST35G38<\/td>\n<\/tr>\n<tr>\n<td>\u00a0<\/td>\n<td>42 g<\/td>\n<td><a href=\"https:\/\/www.daiwa.pt\/uploads\/products\/line_equipment\/2020\/2\/st42g33_1200x1200.jpg\"> <span class=\"inner\"> <img decoding=\"async\" src=\"image\/gif;base64,R0lGODlhAQABAIAAAMLCwgAAACH5BAAAAAAALAAAAAABAAEAAAICRAEAOw==\" alt=\"\" width=\"1\" height=\"1\" \/><\/span><\/a><br \/>\nST42G33\n<\/td>\n<td><a href=\"https:\/\/www.daiwa.pt\/uploads\/products\/line_equipment\/2020\/2\/st42g03_1200x1200.jpg\"> <span class=\"inner\"> <img decoding=\"async\" src=\"image\/gif;base64,R0lGODlhAQABAIAAAMLCwgAAACH5BAAAAAAALAAAAAABAAEAAAICRAEAOw==\" alt=\"\" width=\"1\" height=\"1\" \/><\/span><\/a><br \/>\nST42G03\n<\/td>\n<td><a href=\"https:\/\/www.daiwa.pt\/uploads\/products\/line_equipment\/2020\/2\/st42g27_1200x1200.jpg\"> <span class=\"inner\"> <img decoding=\"async\" src=\"image\/gif;base64,R0lGODlhAQABAIAAAMLCwgAAACH5BAAAAAAALAAAAAABAAEAAAICRAEAOw==\" alt=\"\" width=\"1\" height=\"1\" \/><\/span><\/a><br \/>\nST42G27\n<\/td>\n<td>ST42G38<\/td>\n<\/tr>\n<tr>\n<td>\u00a0<\/td>\n<td>56 g<\/td>\n<td>ST56G33<\/td>\n<td>ST56G03<\/td>\n<td>ST56G27<\/td>\n<td><a href=\"https:\/\/www.daiwa.pt\/uploads\/products\/line_equipment\/2020\/2\/st56g38_1200x1200.jpg\"> <span class=\"inner\"> <img decoding=\"async\" src=\"image\/gif;base64,R0lGODlhAQABAIAAAMLCwgAAACH5BAAAAAAALAAAAAABAAEAAAICRAEAOw==\" alt=\"\" width=\"1\" height=\"1\" \/><\/span><\/a><br \/>\nST56G38\n<\/td>\n<\/tr>\n<tr>\n<td><span class=\"new\">N<\/span><\/td>\n<td>72 g<\/td>\n<td>ST72G33<\/td>\n<td>ST72G03<\/td>\n<td>ST72G27<\/td>\n<td>ST72G38<\/td>\n<\/tr>\n<\/table>\n","protected":false},"excerpt":{"rendered":"<p>Tenya Daiwa<\/p>\n","protected":false},"featured_media":3788,"comment_status":"open","ping_status":"closed","template":"","meta":[],"product_brand":[],"product_cat":[157,456,43],"product_tag":[],"class_list":{"0":"post-834","1":"product","2":"type-product","3":"status-publish","4":"has-post-thumbnail","6":"product_cat-090100-montagens-de-embarcada","7":"product_cat-090103-daiwa","8":"product_cat-310000-novidades-gerais","10":"first","11":"instock","12":"taxable","13":"shipping-taxable","14":"purchasable","15":"product-type-variable"},"_links":{"self":[{"href":"https:\/\/idealpesca.com\/loja\/wp-json\/wp\/v2\/product\/834","targetHints":{"allow":["GET"]}}],"collection":[{"href":"https:\/\/idealpesca.com\/loja\/wp-json\/wp\/v2\/product"}],"about":[{"href":"https:\/\/idealpesca.com\/loja\/wp-json\/wp\/v2\/types\/product"}],"replies":[{"embeddable":true,"href":"https:\/\/idealpesca.com\/loja\/wp-json\/wp\/v2\/comments?post=834"}],"wp:featuredmedia":[{"embeddable":true,"href":"https:\/\/idealpesca.com\/loja\/wp-json\/wp\/v2\/media\/3788"}],"wp:attachment":[{"href":"https:\/\/idealpesca.com\/loja\/wp-json\/wp\/v2\/media?parent=834"}],"wp:term":[{"taxonomy":"product_brand","embeddable":true,"href":"https:\/\/idealpesca.com\/loja\/wp-json\/wp\/v2\/product_brand?post=834"},{"taxonomy":"product_cat","embeddable":true,"href":"https:\/\/idealpesca.com\/loja\/wp-json\/wp\/v2\/product_cat?post=834"},{"taxonomy":"product_tag","embeddable":true,"href":"https:\/\/idealpesca.com\/loja\/wp-json\/wp\/v2\/product_tag?post=834"}],"curies":[{"name":"wp","href":"https:\/\/api.w.org\/{rel}","templated":true}]}}