{"id":833,"date":"2026-03-20T12:15:23","date_gmt":"2026-03-20T12:15:23","guid":{"rendered":"https:\/\/idealpesca.com\/loja\/produto\/saco-rigido-para-canas-tournament-surf-3847-4285-4727\/"},"modified":"2026-03-20T23:52:53","modified_gmt":"2026-03-20T23:52:53","slug":"saco-rigido-para-canas-tournament-surf-3847-4285-4727","status":"publish","type":"product","link":"https:\/\/idealpesca.com\/loja\/produto\/saco-rigido-para-canas-tournament-surf-3847-4285-4727\/","title":{"rendered":"Estojo DAIWA flex\u00edvel em tecido 2 canas n\u00e3o montadas 160CM"},"content":{"rendered":"<p>Pequenos sacos flex\u00edveis e refor\u00e7ados para proteger as canas durante o transporte. O sistema de duplo fecho z\u00edper em PVC de alta qualidade permite deixar o carreto montado na cana, ganhando tempo e garantindo a prote\u00e7\u00e3o da mesma durante a desloca\u00e7\u00e3o. Uma al\u00e7a de transporte permite transportar as canas confort\u00e1vel e facilmente. Os sacos s\u00e3o feitas em nylon 600 deniers.<\/p>\n<p>\u00a0<\/p>\n<table class=\"table bordered js-pswp-gallery\">\n<tr>\n<th>\u00a0<\/th>\n<th>Refer\u00eancia<\/th>\n<th>Cor<\/th>\n<th>Dimens\u00f5es<\/th>\n<\/tr>\n<tr>\n<td><span class=\"new\">N<\/span><\/td>\n<td>ES160BG<\/td>\n<td>Preto \/ Dourado<\/td>\n<td>160 x 10 cm<\/td>\n<\/tr>\n<\/table>\n","protected":false},"excerpt":{"rendered":"<p>NOVIDADE 2021<\/p>\n","protected":false},"featured_media":3787,"comment_status":"open","ping_status":"closed","template":"","meta":[],"product_brand":[],"product_cat":[59],"product_tag":[],"class_list":{"0":"post-833","1":"product","2":"type-product","3":"status-publish","4":"has-post-thumbnail","6":"product_cat-150000-estojos-e-bolsas-para-canas","8":"first","9":"instock","10":"taxable","11":"shipping-taxable","12":"purchasable","13":"product-type-variable"},"_links":{"self":[{"href":"https:\/\/idealpesca.com\/loja\/wp-json\/wp\/v2\/product\/833","targetHints":{"allow":["GET"]}}],"collection":[{"href":"https:\/\/idealpesca.com\/loja\/wp-json\/wp\/v2\/product"}],"about":[{"href":"https:\/\/idealpesca.com\/loja\/wp-json\/wp\/v2\/types\/product"}],"replies":[{"embeddable":true,"href":"https:\/\/idealpesca.com\/loja\/wp-json\/wp\/v2\/comments?post=833"}],"wp:featuredmedia":[{"embeddable":true,"href":"https:\/\/idealpesca.com\/loja\/wp-json\/wp\/v2\/media\/3787"}],"wp:attachment":[{"href":"https:\/\/idealpesca.com\/loja\/wp-json\/wp\/v2\/media?parent=833"}],"wp:term":[{"taxonomy":"product_brand","embeddable":true,"href":"https:\/\/idealpesca.com\/loja\/wp-json\/wp\/v2\/product_brand?post=833"},{"taxonomy":"product_cat","embeddable":true,"href":"https:\/\/idealpesca.com\/loja\/wp-json\/wp\/v2\/product_cat?post=833"},{"taxonomy":"product_tag","embeddable":true,"href":"https:\/\/idealpesca.com\/loja\/wp-json\/wp\/v2\/product_tag?post=833"}],"curies":[{"name":"wp","href":"https:\/\/api.w.org\/{rel}","templated":true}]}}