{"id":828,"date":"2026-03-20T12:15:22","date_gmt":"2026-03-20T12:15:22","guid":{"rendered":"https:\/\/idealpesca.com\/loja\/produto\/mochila-daiwa-25-l\/"},"modified":"2026-03-20T23:55:11","modified_gmt":"2026-03-20T23:55:11","slug":"mochila-daiwa-25-l","status":"publish","type":"product","link":"https:\/\/idealpesca.com\/loja\/produto\/mochila-daiwa-25-l\/","title":{"rendered":"MOCHILA DAIWA 25 L"},"content":{"rendered":"<p>\u00a0<\/p>\n<p>Este saco \u00e9 tamb\u00e9m inteligente quanto design! Disp\u00f5e de um compartimento principal equipado com um fecho-\u00e9clair duplo que permite abrir total ou parcialmente o saco. \u00c9 equipado com um pequeno bolso interno colocado logo abaixo do fecho para que possa guardar pap\u00e9is ou acess\u00f3rios. Dois pequenos bolsos laterais de malha podem acomodar as suas bebidas ou outros pequenos acess\u00f3rios. A frente do saco consiste num grande bolso de malha fechado com um fecho de press\u00e3o. A parte de tr\u00e1s do saco e as al\u00e7as s\u00e3o acolchoadas, garantindo que transporta os seus pertences confortavelmente.<\/p>\n<table class=\"table bordered js-pswp-gallery\">\n<tr>\n<th>Refer\u00eancia<\/th>\n<th>Cor<\/th>\n<th>Dimens\u00f5es<\/th>\n<\/tr>\n<tr>\n<td>DR1<\/td>\n<td>Cinza \/ Laranja<\/td>\n<td>50 x 30 x 15 cm<\/td>\n<td>\u00a0<\/td>\n<\/tr>\n<\/table>\n","protected":false},"excerpt":{"rendered":"<p>MOCHILA DAIWA 25 LITROS DE CAPACIDADE<\/p>\n","protected":false},"featured_media":3776,"comment_status":"open","ping_status":"closed","template":"","meta":[],"product_brand":[],"product_cat":[171,43],"product_tag":[],"class_list":{"0":"post-828","1":"product","2":"type-product","3":"status-publish","4":"has-post-thumbnail","6":"product_cat-070000-mochilas-e-bolsas-de-pesca","7":"product_cat-310000-novidades-gerais","9":"first","10":"instock","11":"taxable","12":"shipping-taxable","13":"purchasable","14":"product-type-variable"},"_links":{"self":[{"href":"https:\/\/idealpesca.com\/loja\/wp-json\/wp\/v2\/product\/828","targetHints":{"allow":["GET"]}}],"collection":[{"href":"https:\/\/idealpesca.com\/loja\/wp-json\/wp\/v2\/product"}],"about":[{"href":"https:\/\/idealpesca.com\/loja\/wp-json\/wp\/v2\/types\/product"}],"replies":[{"embeddable":true,"href":"https:\/\/idealpesca.com\/loja\/wp-json\/wp\/v2\/comments?post=828"}],"wp:featuredmedia":[{"embeddable":true,"href":"https:\/\/idealpesca.com\/loja\/wp-json\/wp\/v2\/media\/3776"}],"wp:attachment":[{"href":"https:\/\/idealpesca.com\/loja\/wp-json\/wp\/v2\/media?parent=828"}],"wp:term":[{"taxonomy":"product_brand","embeddable":true,"href":"https:\/\/idealpesca.com\/loja\/wp-json\/wp\/v2\/product_brand?post=828"},{"taxonomy":"product_cat","embeddable":true,"href":"https:\/\/idealpesca.com\/loja\/wp-json\/wp\/v2\/product_cat?post=828"},{"taxonomy":"product_tag","embeddable":true,"href":"https:\/\/idealpesca.com\/loja\/wp-json\/wp\/v2\/product_tag?post=828"}],"curies":[{"name":"wp","href":"https:\/\/api.w.org\/{rel}","templated":true}]}}