{"id":827,"date":"2026-03-20T12:15:22","date_gmt":"2026-03-20T12:15:22","guid":{"rendered":"https:\/\/idealpesca.com\/loja\/produto\/daiwa-bg-3000-2017-3426-4214\/"},"modified":"2026-03-20T23:50:05","modified_gmt":"2026-03-20T23:50:05","slug":"daiwa-bg-3000-2017-3426-4214","status":"publish","type":"product","link":"https:\/\/idealpesca.com\/loja\/produto\/daiwa-bg-3000-2017-3426-4214\/","title":{"rendered":"Carreto DAIWA BG RR LT 3000 D XH ARK"},"content":{"rendered":"<p><strong><span style=\"font-size: 18pt\">CORPO EM METAL, MANIVELA ENROSCADA \u00c1 RODA DE COROA<\/span><\/strong><\/p>\n<p>\u00a0<\/p>\n<table class=\"table bordered js-pswp-gallery\">\n<tr>\n<th>\u00a0<\/th>\n<th>Refer\u00eancia<\/th>\n<th>Pega<\/th>\n<th>R\u00e1cio (\/1)<\/th>\n<th>VMV<\/th>\n<th>Peso<\/th>\n<th>Nylon<\/th>\n<th>Multifilamento<\/th>\n<th>Drag<\/th>\n<\/tr>\n<tr>\n<td><span class=\"new\">N<\/span><\/td>\n<td><a href=\"https:\/\/www.daiwa.pt\/uploads\/products\/reels\/2020\/10\/bgrrlt3000dxhark_1200x1200.jpg\"> <span class=\"inner\"> <img decoding=\"async\" src=\"image\/gif;base64,R0lGODlhAQABAIAAAMLCwgAAACH5BAAAAAAALAAAAAABAAEAAAICRAEAOw==\" alt=\"\" width=\"1\" height=\"1\" \/><\/span><\/a><br \/>\nBGRRLT3000D-XH-ARK\n<\/td>\n<td>O+<\/td>\n<td>6,2<\/td>\n<td>93cm<\/td>\n<td>280g<\/td>\n<td>0.33mm-150m<\/td>\n<td>0.18mm-300m<\/td>\n<td>10kg<\/td>\n<\/tr>\n<tr>\n<td><span class=\"new\">N<\/span><\/td>\n<td>\u00a0\u00a0\u00a0\u00a0\u00a0\u00a0\u00a0 BGRRLT4000D-CXH-ARK<\/td>\n<td>O+<\/td>\n<td>6,2<\/td>\n<td>99cm<\/td>\n<td>295g<\/td>\n<td>0.37mm-150m<\/td>\n<td>0.20mm-300m<\/td>\n<td>12kg<\/td>\n<\/tr>\n<tr>\n<td><span class=\"new\">N<\/span><\/td>\n<td><a href=\"https:\/\/www.daiwa.pt\/uploads\/products\/reels\/2020\/10\/bgrrlt5000dcxhark_1200x1200.jpg\"> <span class=\"inner\"> <img decoding=\"async\" src=\"image\/gif;base64,R0lGODlhAQABAIAAAMLCwgAAACH5BAAAAAAALAAAAAABAAEAAAICRAEAOw==\" alt=\"\" width=\"1\" height=\"1\" \/><\/span><\/a><br \/>\nBGRRLT5000D-CXH-ARK\n<\/td>\n<td>O+<\/td>\n<td>6,2<\/td>\n<td>105cm<\/td>\n<td>300g<\/td>\n<td>0.40mm-150m<\/td>\n<td>0.22mm-300m<\/td>\n<td>12kg<\/td>\n<\/tr>\n<tr>\n<td><span class=\"new\">N<\/span><\/td>\n<td>\u00a0\u00a0\u00a0\u00a0\u00a0\u00a0\u00a0 BGRRLT5000DC-ARK<\/td>\n<td>O+<\/td>\n<td>5,2<\/td>\n<td>87cm<\/td>\n<td>300g<\/td>\n<td>0.40mm-150m<\/td>\n<td>0.22mm-300m<\/td>\n<td>12kg<\/td>\n<\/tr>\n<tr>\n<td><span class=\"new\">N<\/span><\/td>\n<td>\u00a0\u00a0\u00a0\u00a0\u00a0\u00a0\u00a0 BGRRLT6000D-ARK<\/td>\n<td>O+<\/td>\n<td>5,1<\/td>\n<td>92cm<\/td>\n<td>390g<\/td>\n<td>0.43mm-150m<\/td>\n<td>0.24mm-300m<\/td>\n<td>12kg<\/td>\n<\/tr>\n<tr>\n<td>\u00a0<\/td>\n<td>\u00a0\u00a0\u00a0\u00a0\u00a0\u00a0\u00a0 BGRRLT6000D-H-ARK<\/td>\n<td>O+<\/td>\n<td>5,7<\/td>\n<td>101cm<\/td>\n<td>390g<\/td>\n<td>0.37mm-250m<\/td>\n<td>0.28mm-220m<\/td>\n<td>12kg<\/td>\n<\/tr>\n<\/table>\n","protected":false},"excerpt":{"rendered":"<p>O BG LT RR ARK \u00e9 um carreto robusto dotado de um corpo em alum\u00ednio. A sua enorme roda-de-coroa Tough Digigear e o seu Air Rotor em arco oferecem uma rota\u00e7\u00e3o fluida e precisa. Est\u00e1 equipado com um drag de carbono ATD de \u00faltima gera\u00e7\u00e3o para dominar os combates na perfei\u00e7\u00e3o.<\/p>\n","protected":false},"featured_media":3775,"comment_status":"open","ping_status":"closed","template":"","meta":[],"product_brand":[],"product_cat":[45,74,43],"product_tag":[],"class_list":{"0":"post-827","1":"product","2":"type-product","3":"status-publish","4":"has-post-thumbnail","6":"product_cat-020200-boia-spinning-eging","7":"product_cat-020203-daiwa","8":"product_cat-310000-novidades-gerais","10":"first","11":"instock","12":"taxable","13":"shipping-taxable","14":"purchasable","15":"product-type-variable"},"_links":{"self":[{"href":"https:\/\/idealpesca.com\/loja\/wp-json\/wp\/v2\/product\/827","targetHints":{"allow":["GET"]}}],"collection":[{"href":"https:\/\/idealpesca.com\/loja\/wp-json\/wp\/v2\/product"}],"about":[{"href":"https:\/\/idealpesca.com\/loja\/wp-json\/wp\/v2\/types\/product"}],"replies":[{"embeddable":true,"href":"https:\/\/idealpesca.com\/loja\/wp-json\/wp\/v2\/comments?post=827"}],"wp:featuredmedia":[{"embeddable":true,"href":"https:\/\/idealpesca.com\/loja\/wp-json\/wp\/v2\/media\/3775"}],"wp:attachment":[{"href":"https:\/\/idealpesca.com\/loja\/wp-json\/wp\/v2\/media?parent=827"}],"wp:term":[{"taxonomy":"product_brand","embeddable":true,"href":"https:\/\/idealpesca.com\/loja\/wp-json\/wp\/v2\/product_brand?post=827"},{"taxonomy":"product_cat","embeddable":true,"href":"https:\/\/idealpesca.com\/loja\/wp-json\/wp\/v2\/product_cat?post=827"},{"taxonomy":"product_tag","embeddable":true,"href":"https:\/\/idealpesca.com\/loja\/wp-json\/wp\/v2\/product_tag?post=827"}],"curies":[{"name":"wp","href":"https:\/\/api.w.org\/{rel}","templated":true}]}}