{"id":816,"date":"2026-03-20T12:15:20","date_gmt":"2026-03-20T12:15:20","guid":{"rendered":"https:\/\/idealpesca.com\/loja\/produto\/zagaia-daiwa-saltiga-sk-jig-85-gr-3831\/"},"modified":"2026-03-20T23:59:25","modified_gmt":"2026-03-20T23:59:25","slug":"zagaia-daiwa-saltiga-sk-jig-85-gr-3831","status":"publish","type":"product","link":"https:\/\/idealpesca.com\/loja\/produto\/zagaia-daiwa-saltiga-sk-jig-85-gr-3831\/","title":{"rendered":"Zagaia Daiwa samurai jig 30gr."},"content":{"rendered":"<p>Aqui est\u00e1 um casting jig f\u00e1cil de utilizar para todas as pescas de predadores marinhos a grande dist\u00e2ncia. Equipado com um triplo s\u00f3lido, este jig pode ser utilizado nas batidas de peixe \u00e0 superf\u00edcie, bem como em shore jigging para a prospe\u00e7\u00e3o a grande dist\u00e2ncia. Ideal para o robalo, cavala, bonito&#8230;<\/p>\n<p>\u00a0<\/p>\n<table class=\"table bordered js-pswp-gallery\">\n<tr>\n<th>Peso<\/th>\n<th>02 Blue Pink<\/th>\n<th>04 Black Shiner<\/th>\n<th>16 Iwashi<\/th>\n<th>17 Pink Iwashi<\/th>\n<th>44 Laser katakuchi<\/th>\n<th>69 Rainbow<\/th>\n<th>78 Stain blue iwashi with dots<\/th>\n<th>99 Glow Zebra<\/th>\n<\/tr>\n<tr>\n<td>20 g<\/td>\n<td>SAJ20G02<\/td>\n<td>SAJ20G04<\/td>\n<td>SAJ20G16<\/td>\n<td>SAJ20G17<\/td>\n<td>SAJ20G44<\/td>\n<td>SAJ20G69<\/td>\n<td>SAJ20G78<\/td>\n<td>SAJ20G99<\/td>\n<\/tr>\n<tr>\n<td>30 g<\/td>\n<td>SAJ30G02<\/td>\n<td>SAJ30G04<\/td>\n<td>SAJ30G16<\/td>\n<td>SAJ30G17<\/td>\n<td>SAJ30G44<\/td>\n<td>SAJ30G69<\/td>\n<td>SAJ30G78<\/td>\n<td>SAJ30G99<\/td>\n<\/tr>\n<tr>\n<td>40 g<\/td>\n<td><a href=\"https:\/\/www.daiwa.pt\/uploads\/products\/line_equipment\/2022\/3\/saj40g02_1200x1200.jpg\"> <span class=\"inner\"> <img decoding=\"async\" src=\"image\/gif;base64,R0lGODlhAQABAIAAAMLCwgAAACH5BAAAAAAALAAAAAABAAEAAAICRAEAOw==\" alt=\"\" width=\"1\" height=\"1\" \/><\/span><\/a><br \/>\nSAJ40G02\n<\/td>\n<td><a href=\"https:\/\/www.daiwa.pt\/uploads\/products\/line_equipment\/2022\/3\/saj40g04_1200x1200.jpg\"> <span class=\"inner\"> <img decoding=\"async\" src=\"image\/gif;base64,R0lGODlhAQABAIAAAMLCwgAAACH5BAAAAAAALAAAAAABAAEAAAICRAEAOw==\" alt=\"\" width=\"1\" height=\"1\" \/><\/span><\/a><br \/>\nSAJ40G04\n<\/td>\n<td>SAJ40G16<\/td>\n<td>SAJ40G17<\/td>\n<td>SAJ40G44<\/td>\n<td>SAJ40G69<\/td>\n<td>SAJ40G78<\/td>\n<td>SAJ40G99<\/td>\n<\/tr>\n<tr>\n<td>60 g<\/td>\n<td>SAJ60G02<\/td>\n<td>SAJ60G04<\/td>\n<td><a href=\"https:\/\/www.daiwa.pt\/uploads\/products\/line_equipment\/2022\/3\/saj60g16_1200x1200.jpg\"> <span class=\"inner\"> <img decoding=\"async\" src=\"image\/gif;base64,R0lGODlhAQABAIAAAMLCwgAAACH5BAAAAAAALAAAAAABAAEAAAICRAEAOw==\" alt=\"\" width=\"1\" height=\"1\" \/><\/span><\/a><br \/>\nSAJ60G16\n<\/td>\n<td><a href=\"https:\/\/www.daiwa.pt\/uploads\/products\/line_equipment\/2022\/3\/saj60g17_1200x1200.jpg\"> <span class=\"inner\"> <img decoding=\"async\" src=\"image\/gif;base64,R0lGODlhAQABAIAAAMLCwgAAACH5BAAAAAAALAAAAAABAAEAAAICRAEAOw==\" alt=\"\" width=\"1\" height=\"1\" \/><\/span><\/a><br \/>\nSAJ60G17\n<\/td>\n<td><a href=\"https:\/\/www.daiwa.pt\/uploads\/products\/line_equipment\/2022\/3\/saj60g44_1200x1200.jpg\"> <span class=\"inner\"> <img decoding=\"async\" src=\"image\/gif;base64,R0lGODlhAQABAIAAAMLCwgAAACH5BAAAAAAALAAAAAABAAEAAAICRAEAOw==\" alt=\"\" width=\"1\" height=\"1\" \/><\/span><\/a><br \/>\nSAJ60G44\n<\/td>\n<td><a href=\"https:\/\/www.daiwa.pt\/uploads\/products\/line_equipment\/2022\/3\/saj60g69_1200x1200.jpg\"> <span class=\"inner\"> <img decoding=\"async\" src=\"image\/gif;base64,R0lGODlhAQABAIAAAMLCwgAAACH5BAAAAAAALAAAAAABAAEAAAICRAEAOw==\" alt=\"\" width=\"1\" height=\"1\" \/><\/span><\/a><br \/>\nSAJ60G69\n<\/td>\n<td><a href=\"https:\/\/www.daiwa.pt\/uploads\/products\/line_equipment\/2022\/3\/saj60g78_1200x1200.jpg\"> <span class=\"inner\"> <img decoding=\"async\" src=\"image\/gif;base64,R0lGODlhAQABAIAAAMLCwgAAACH5BAAAAAAALAAAAAABAAEAAAICRAEAOw==\" alt=\"\" width=\"1\" height=\"1\" \/><\/span><\/a><br \/>\nSAJ60G78\n<\/td>\n<td><a href=\"https:\/\/www.daiwa.pt\/uploads\/products\/line_equipment\/2022\/3\/saj60g99_1200x1200.jpg\"> <span class=\"inner\"> <img decoding=\"async\" src=\"image\/gif;base64,R0lGODlhAQABAIAAAMLCwgAAACH5BAAAAAAALAAAAAABAAEAAAICRAEAOw==\" alt=\"\" width=\"1\" height=\"1\" \/><\/span><\/a><br \/>\nSAJ60G99\n<\/td>\n<\/tr>\n<\/table>\n","protected":false},"excerpt":{"rendered":"<p>SAMURAI JIG<\/p>\n","protected":false},"featured_media":3757,"comment_status":"open","ping_status":"closed","template":"","meta":[],"product_brand":[],"product_cat":[54,258,43],"product_tag":[],"class_list":{"0":"post-816","1":"product","2":"type-product","3":"status-publish","4":"has-post-thumbnail","6":"product_cat-030600-zagaiascasting-jigs-inchikus-e-light-rock-fishing","7":"product_cat-030604-daiwa","8":"product_cat-310000-novidades-gerais","10":"first","11":"instock","12":"taxable","13":"shipping-taxable","14":"purchasable","15":"product-type-variable"},"_links":{"self":[{"href":"https:\/\/idealpesca.com\/loja\/wp-json\/wp\/v2\/product\/816","targetHints":{"allow":["GET"]}}],"collection":[{"href":"https:\/\/idealpesca.com\/loja\/wp-json\/wp\/v2\/product"}],"about":[{"href":"https:\/\/idealpesca.com\/loja\/wp-json\/wp\/v2\/types\/product"}],"replies":[{"embeddable":true,"href":"https:\/\/idealpesca.com\/loja\/wp-json\/wp\/v2\/comments?post=816"}],"wp:featuredmedia":[{"embeddable":true,"href":"https:\/\/idealpesca.com\/loja\/wp-json\/wp\/v2\/media\/3757"}],"wp:attachment":[{"href":"https:\/\/idealpesca.com\/loja\/wp-json\/wp\/v2\/media?parent=816"}],"wp:term":[{"taxonomy":"product_brand","embeddable":true,"href":"https:\/\/idealpesca.com\/loja\/wp-json\/wp\/v2\/product_brand?post=816"},{"taxonomy":"product_cat","embeddable":true,"href":"https:\/\/idealpesca.com\/loja\/wp-json\/wp\/v2\/product_cat?post=816"},{"taxonomy":"product_tag","embeddable":true,"href":"https:\/\/idealpesca.com\/loja\/wp-json\/wp\/v2\/product_tag?post=816"}],"curies":[{"name":"wp","href":"https:\/\/api.w.org\/{rel}","templated":true}]}}