{"id":814,"date":"2026-03-20T12:15:20","date_gmt":"2026-03-20T12:15:20","guid":{"rendered":"https:\/\/idealpesca.com\/loja\/produto\/calca-shimano-bibbrace-preta\/"},"modified":"2026-03-20T23:45:21","modified_gmt":"2026-03-20T23:45:21","slug":"calca-shimano-bibbrace-preta","status":"publish","type":"product","link":"https:\/\/idealpesca.com\/loja\/produto\/calca-shimano-bibbrace-preta\/","title":{"rendered":"CAL\u00c7A SHIMANO BIbBRACE PRETA"},"content":{"rendered":"<p>&#8211; V\u00e1rios tamanhos dispon\u00edveis;<\/p>\n<p>Ref. SHBBNPB<\/p>\n<p>A cal\u00e7a de altas presta\u00e7\u00f5es Shimano Bib &amp; Brace \u00e9 \u00e0 prova de \u00e1gua e desenhada para a pesca. Feita num processo avan\u00e7ado de impermebializa\u00e7\u00e3o com hidoest\u00e1tico de 20k, a Shimano Bib &amp; Brace \u00e9 a perfeita combina\u00e7\u00e3o com o Shimano Rain Jacket para suportar situa\u00e7\u00f5es severas de chuva.<br \/>The Shimano Bib &amp; Brace is the perfect partner for the Shimano Rain Jacket.\u00a0<\/p>\n<p>\u00a0<\/p>\n","protected":false},"excerpt":{"rendered":"<p>Cal\u00e7a para pesca Shimano em polyester.<br \/>\nTotalmente \u00e1 prova de agua e respiravel<\/p>\n","protected":false},"featured_media":3755,"comment_status":"open","ping_status":"closed","template":"","meta":[],"product_brand":[],"product_cat":[364,43],"product_tag":[],"class_list":{"0":"post-814","1":"product","2":"type-product","3":"status-publish","4":"has-post-thumbnail","6":"product_cat-100102-casacos-e-fatos-de-pesca","7":"product_cat-310000-novidades-gerais","9":"first","10":"instock","11":"taxable","12":"shipping-taxable","13":"purchasable","14":"product-type-variable"},"_links":{"self":[{"href":"https:\/\/idealpesca.com\/loja\/wp-json\/wp\/v2\/product\/814","targetHints":{"allow":["GET"]}}],"collection":[{"href":"https:\/\/idealpesca.com\/loja\/wp-json\/wp\/v2\/product"}],"about":[{"href":"https:\/\/idealpesca.com\/loja\/wp-json\/wp\/v2\/types\/product"}],"replies":[{"embeddable":true,"href":"https:\/\/idealpesca.com\/loja\/wp-json\/wp\/v2\/comments?post=814"}],"wp:featuredmedia":[{"embeddable":true,"href":"https:\/\/idealpesca.com\/loja\/wp-json\/wp\/v2\/media\/3755"}],"wp:attachment":[{"href":"https:\/\/idealpesca.com\/loja\/wp-json\/wp\/v2\/media?parent=814"}],"wp:term":[{"taxonomy":"product_brand","embeddable":true,"href":"https:\/\/idealpesca.com\/loja\/wp-json\/wp\/v2\/product_brand?post=814"},{"taxonomy":"product_cat","embeddable":true,"href":"https:\/\/idealpesca.com\/loja\/wp-json\/wp\/v2\/product_cat?post=814"},{"taxonomy":"product_tag","embeddable":true,"href":"https:\/\/idealpesca.com\/loja\/wp-json\/wp\/v2\/product_tag?post=814"}],"curies":[{"name":"wp","href":"https:\/\/api.w.org\/{rel}","templated":true}]}}