{"id":801,"date":"2026-03-20T12:15:17","date_gmt":"2026-03-20T12:15:17","guid":{"rendered":"https:\/\/idealpesca.com\/loja\/produto\/sufix-832-camo-1920-4635\/"},"modified":"2026-03-20T23:53:16","modified_gmt":"2026-03-20T23:53:16","slug":"sufix-832-camo-1920-4635","status":"publish","type":"product","link":"https:\/\/idealpesca.com\/loja\/produto\/sufix-832-camo-1920-4635\/","title":{"rendered":"Linha ASARI KAZUMA GLOSS"},"content":{"rendered":"<p><strong><span style=\"font-size: large;color: #000000\">&#8211; Bobines de 150 metros<\/span><\/strong><\/p>\n<p><span style=\"font-size: large;color: #000000\"><strong>&#8211; A linha ideal para controlar a localiza\u00e7\u00e3o do lan\u00e7amento, agora em vers\u00e3o de 150mtrs;<\/strong><\/span><\/p>\n<p><span style=\"font-size: large;color: #000000\"><strong>&#8211; Suave e resistente, permite lan\u00e7amentos mais longos<\/strong><\/span><\/p>\n<p><span style=\"font-size: large;color: #000000\"><strong>\u00a0<\/strong><\/span><\/p>\n","protected":false},"excerpt":{"rendered":"<p>C\u00d4R ROSA GLOSS<br \/>\nIDEAL PARA CHOCOS E LULAS<\/p>\n","protected":false},"featured_media":3735,"comment_status":"open","ping_status":"closed","template":"","meta":[],"product_brand":[],"product_cat":[346,300],"product_tag":[],"class_list":{"0":"post-801","1":"product","2":"type-product","3":"status-publish","4":"has-post-thumbnail","6":"product_cat-060901-asari","7":"product_cat-061000-multifilamento-100-a-150-mt","9":"first","10":"instock","11":"taxable","12":"shipping-taxable","13":"purchasable","14":"product-type-variable"},"_links":{"self":[{"href":"https:\/\/idealpesca.com\/loja\/wp-json\/wp\/v2\/product\/801","targetHints":{"allow":["GET"]}}],"collection":[{"href":"https:\/\/idealpesca.com\/loja\/wp-json\/wp\/v2\/product"}],"about":[{"href":"https:\/\/idealpesca.com\/loja\/wp-json\/wp\/v2\/types\/product"}],"replies":[{"embeddable":true,"href":"https:\/\/idealpesca.com\/loja\/wp-json\/wp\/v2\/comments?post=801"}],"wp:featuredmedia":[{"embeddable":true,"href":"https:\/\/idealpesca.com\/loja\/wp-json\/wp\/v2\/media\/3735"}],"wp:attachment":[{"href":"https:\/\/idealpesca.com\/loja\/wp-json\/wp\/v2\/media?parent=801"}],"wp:term":[{"taxonomy":"product_brand","embeddable":true,"href":"https:\/\/idealpesca.com\/loja\/wp-json\/wp\/v2\/product_brand?post=801"},{"taxonomy":"product_cat","embeddable":true,"href":"https:\/\/idealpesca.com\/loja\/wp-json\/wp\/v2\/product_cat?post=801"},{"taxonomy":"product_tag","embeddable":true,"href":"https:\/\/idealpesca.com\/loja\/wp-json\/wp\/v2\/product_tag?post=801"}],"curies":[{"name":"wp","href":"https:\/\/api.w.org\/{rel}","templated":true}]}}