{"id":774,"date":"2026-03-20T12:15:11","date_gmt":"2026-03-20T12:15:11","guid":{"rendered":"https:\/\/idealpesca.com\/loja\/produto\/linha-daiwa-j-braid-grand-x8-150mts-multicolor\/"},"modified":"2026-03-20T23:53:40","modified_gmt":"2026-03-20T23:53:40","slug":"linha-daiwa-j-braid-grand-x8-150mts-multicolor","status":"publish","type":"product","link":"https:\/\/idealpesca.com\/loja\/produto\/linha-daiwa-j-braid-grand-x8-150mts-multicolor\/","title":{"rendered":"LINHA daiwa J-BRAID GRAND X8 150mts MULTICOLOR"},"content":{"rendered":"<p>O multifilamento entran\u00e7ado J-Braid Grand X8 eleva ainda mais os pontos fortes do J-Braid x8. Fabricado no Jap\u00e3o, este multifilamento entran\u00e7ado utiliza novas fibras denominadas Izanas, conferindo o mais alto grau de resist\u00eancia: \u00e9 4 vezes mais resistente \u00e0 abras\u00e3o! Nesta vers\u00e3o, o processo de fabrica\u00e7\u00e3o do multifilamento torna poss\u00edvel apertar ainda mais os fios. Assim, o J-Braid Grand x8 apresenta uma forma perfeitamente redonda, otimizando a sua aerodin\u00e2mica e a sua hidrodin\u00e2mica. Deste modo, as dist\u00e2ncias de lan\u00e7amento s\u00e3o melhoradas e o melhor desempenho do multifilamento em a\u00e7\u00e3o de pesca assegura uma sensibilidade e uma reatividade acrescidas. Dispon\u00edvel em multicor e azul celeste.<\/p>\n<table class=\"table bordered js-pswp-gallery\">\n<tr>\n<th>Di\u00e2metro (mm)<\/th>\n<th>PE<\/th>\n<th>Resist\u00eancia<\/th>\n<th>Resist\u00eancia<\/th>\n<th>150 m<br \/>Multicor<\/th>\n<th>N<br \/>135 m<br \/>Azul<\/th>\n<\/tr>\n<tr>\n<td>13\/100<\/td>\n<td>#1<\/td>\n<td>8,5 kg<\/td>\n<td>19 lb<\/td>\n<td>12795013<\/td>\n<td>12796013<\/td>\n<\/tr>\n<tr>\n<td>16\/100<\/td>\n<td>#1,2<\/td>\n<td>10 kg<\/td>\n<td>22 lb<\/td>\n<td>12795016<\/td>\n<td>12796016<\/td>\n<\/tr>\n<tr>\n<td>18\/100<\/td>\n<td>#1,5<\/td>\n<td>12,5 kg<\/td>\n<td>28 lb<\/td>\n<td>12795018<\/td>\n<td>12796018<\/td>\n<\/tr>\n<tr>\n<td>20\/100<\/td>\n<td>#2<\/td>\n<td>16 kg<\/td>\n<td>35 lb<\/td>\n<td>12795020<\/td>\n<td>12796020<\/td>\n<\/tr>\n<tr>\n<td>22\/100<\/td>\n<td>#2,5<\/td>\n<td>19,5 kg<\/td>\n<td>43 lb<\/td>\n<td>12795022<\/td>\n<td><a href=\"https:\/\/www.daiwa.pt\/uploads\/products\/line_equipment\/2019\/10\/12796022_1200x1200.jpg\"> <span class=\"inner\"> <img decoding=\"async\" src=\"image\/gif;base64,R0lGODlhAQABAIAAAMLCwgAAACH5BAAAAAAALAAAAAABAAEAAAICRAEAOw==\" alt=\"\" width=\"1\" height=\"1\" \/><\/span><\/a><br \/>\n12796022\n<\/td>\n<\/tr>\n<tr>\n<td>24\/100<\/td>\n<td>#3<\/td>\n<td>22 kg<\/td>\n<td>49 lb<\/td>\n<td>0<\/td>\n<td>\u00a0<\/td>\n<\/tr>\n<tr>\n<td>28\/100<\/td>\n<td>#4<\/td>\n<td>26,5 kg<\/td>\n<td>58 lb<\/td>\n<td>0<\/td>\n<td>\u00a0<\/td>\n<\/tr>\n<\/table>\n<p>\u00a0<\/p>\n","protected":false},"excerpt":{"rendered":"<p>LINHA DE ALTA QUALIDADE DAIWA<\/p>\n","protected":false},"featured_media":3710,"comment_status":"open","ping_status":"closed","template":"","meta":[],"product_brand":[],"product_cat":[300,343],"product_tag":[],"class_list":{"0":"post-774","1":"product","2":"type-product","3":"status-publish","4":"has-post-thumbnail","6":"product_cat-061000-multifilamento-100-a-150-mt","7":"product_cat-061002-daiwa","9":"first","10":"instock","11":"taxable","12":"shipping-taxable","13":"purchasable","14":"product-type-variable"},"_links":{"self":[{"href":"https:\/\/idealpesca.com\/loja\/wp-json\/wp\/v2\/product\/774","targetHints":{"allow":["GET"]}}],"collection":[{"href":"https:\/\/idealpesca.com\/loja\/wp-json\/wp\/v2\/product"}],"about":[{"href":"https:\/\/idealpesca.com\/loja\/wp-json\/wp\/v2\/types\/product"}],"replies":[{"embeddable":true,"href":"https:\/\/idealpesca.com\/loja\/wp-json\/wp\/v2\/comments?post=774"}],"wp:featuredmedia":[{"embeddable":true,"href":"https:\/\/idealpesca.com\/loja\/wp-json\/wp\/v2\/media\/3710"}],"wp:attachment":[{"href":"https:\/\/idealpesca.com\/loja\/wp-json\/wp\/v2\/media?parent=774"}],"wp:term":[{"taxonomy":"product_brand","embeddable":true,"href":"https:\/\/idealpesca.com\/loja\/wp-json\/wp\/v2\/product_brand?post=774"},{"taxonomy":"product_cat","embeddable":true,"href":"https:\/\/idealpesca.com\/loja\/wp-json\/wp\/v2\/product_cat?post=774"},{"taxonomy":"product_tag","embeddable":true,"href":"https:\/\/idealpesca.com\/loja\/wp-json\/wp\/v2\/product_tag?post=774"}],"curies":[{"name":"wp","href":"https:\/\/api.w.org\/{rel}","templated":true}]}}