{"id":759,"date":"2026-03-20T12:15:09","date_gmt":"2026-03-20T12:15:09","guid":{"rendered":"https:\/\/idealpesca.com\/loja\/produto\/amostra-daiwa-seabass-minnow-f-17-cm-3834-4152-4580-4581\/"},"modified":"2026-03-20T23:38:20","modified_gmt":"2026-03-20T23:38:20","slug":"amostra-daiwa-seabass-minnow-f-17-cm-3834-4152-4580-4581","status":"publish","type":"product","link":"https:\/\/idealpesca.com\/loja\/produto\/amostra-daiwa-seabass-minnow-f-17-cm-3834-4152-4580-4581\/","title":{"rendered":"AMOSTRA DAIWA Shoreline Shiner Z Vertice 97F"},"content":{"rendered":"<p>\u00a0OR.\u00a0<\/p>\n<p>\u00a0<\/p>\n<table class=\"table bordered js-pswp-gallery\">\n<tr>\n<th>CORES<\/th>\n<th>Katakuchi RB<\/th>\n<th>\n<p>\u00a0<\/p>\n<p>Chart back pearl<\/p>\n<\/th>\n<th>Fuyajo<\/th>\n<th>Laser Maiwashi<\/th>\n<th>Clash Night<\/th>\n<th>MT Trans Konoshiro<\/th>\n<th>Burning Gold Iwashi<\/th>\n<th>MtT Chiayu<\/th>\n<\/tr>\n<\/table>\n<p>\u00a0<\/p>\n<p><strong>Shoreline Shiner Z Vertice 97F<\/strong><\/p>\n<p>Esta amostra \u00e9 &#8220;super shallow&#8221;, ou seja, evolui nas zonas pouco profundas, sob a superf\u00edcie e at\u00e9 cerca de 80 cm. De densidade flutuante, pode passar sobre rochas que afloram, onde outras amostras n\u00e3o passam. Recupera-se a baixa velocidade com uma estabilidade incr\u00edvel para iludir a desconfian\u00e7a dos robalos e, desenvolve ent\u00e3o uma nata\u00e7\u00e3o em rolling muito pronunciada. Esse movimento de rolling do corpo \u00e9 muito atraente. O centro de gravidade est\u00e1vel tamb\u00e9m permite igualmente recupera\u00e7\u00f5es r\u00e1pidas. Com o sistema de transfer\u00eancia de massa patenteado, ela alcan\u00e7ou uma dist\u00e2ncia m\u00e9dia de 62,5 m e uma dist\u00e2ncia m\u00e1xima de 65,5 m quando dos testes efetuados pela equipa da Daiwa no Jap\u00e3o.<\/p>\n<p>Profundidade da nata\u00e7\u00e3o: 30 a 80 cm. Anz\u00f3is: Owner ST-46 # 4<\/p>\n<p><strong>\u00a0<\/strong><\/p>\n","protected":false},"excerpt":{"rendered":"<p>Shoreline Shiner Z<br \/>\nFLUTUANTES 97MM 14.3GR<\/p>\n","protected":false},"featured_media":3692,"comment_status":"open","ping_status":"closed","template":"","meta":[],"product_brand":[],"product_cat":[49,122,43,517],"product_tag":[],"class_list":{"0":"post-759","1":"product","2":"type-product","3":"status-publish","4":"has-post-thumbnail","6":"product_cat-030100-jerkbait-spinning","7":"product_cat-030101-daiwa","8":"product_cat-310000-novidades-gerais","9":"product_cat-ideal-pesca","11":"first","12":"instock","13":"taxable","14":"shipping-taxable","15":"purchasable","16":"product-type-variable"},"_links":{"self":[{"href":"https:\/\/idealpesca.com\/loja\/wp-json\/wp\/v2\/product\/759","targetHints":{"allow":["GET"]}}],"collection":[{"href":"https:\/\/idealpesca.com\/loja\/wp-json\/wp\/v2\/product"}],"about":[{"href":"https:\/\/idealpesca.com\/loja\/wp-json\/wp\/v2\/types\/product"}],"replies":[{"embeddable":true,"href":"https:\/\/idealpesca.com\/loja\/wp-json\/wp\/v2\/comments?post=759"}],"wp:featuredmedia":[{"embeddable":true,"href":"https:\/\/idealpesca.com\/loja\/wp-json\/wp\/v2\/media\/3692"}],"wp:attachment":[{"href":"https:\/\/idealpesca.com\/loja\/wp-json\/wp\/v2\/media?parent=759"}],"wp:term":[{"taxonomy":"product_brand","embeddable":true,"href":"https:\/\/idealpesca.com\/loja\/wp-json\/wp\/v2\/product_brand?post=759"},{"taxonomy":"product_cat","embeddable":true,"href":"https:\/\/idealpesca.com\/loja\/wp-json\/wp\/v2\/product_cat?post=759"},{"taxonomy":"product_tag","embeddable":true,"href":"https:\/\/idealpesca.com\/loja\/wp-json\/wp\/v2\/product_tag?post=759"}],"curies":[{"name":"wp","href":"https:\/\/api.w.org\/{rel}","templated":true}]}}