{"id":704,"date":"2026-03-20T12:14:59","date_gmt":"2026-03-20T12:14:59","guid":{"rendered":"https:\/\/idealpesca.com\/loja\/produto\/linha-nbs-flomax-1000mtr-mar-branco-0-60mm\/"},"modified":"2026-03-20T23:54:04","modified_gmt":"2026-03-20T23:54:04","slug":"linha-nbs-flomax-1000mtr-mar-branco-0-60mm","status":"publish","type":"product","link":"https:\/\/idealpesca.com\/loja\/produto\/linha-nbs-flomax-1000mtr-mar-branco-0-60mm\/","title":{"rendered":"LINHA NBS FLOMAX 1000MTR MAR BRANCO 0.60mm"},"content":{"rendered":"<p>\u00a0<\/p>\n<p><strong><span style=\"font-size: large;color: #000000\">&#8211; Fio de alta qualidade.<\/span><\/strong><\/p>\n<p><strong><span style=\"font-size: large;color: #000000\">&#8211; Especial para carreto.<\/span><\/strong><\/p>\n<p><strong><span style=\"font-size: large;color: #000000\">&#8211; Alta resist\u00eancia \u00e0 abras\u00e3o.<\/span><\/strong><\/p>\n<p><strong><span style=\"font-size: large;color: #000000\">&#8211; Resistente ao n\u00f3.\u00a0<\/span><\/strong><\/p>\n<p><strong><span style=\"font-size: large;color: #000000\">DISPONIVEl A MEDIDA:<\/span><\/strong><\/p>\n<p><strong>&#8211;\u00a0 0.60MM &#8211; 1000MTR &#8211;\u00a0<\/strong><\/p>\n<p><strong>\u00a0<\/strong><\/p>\n<p>\u00a0<\/p>\n","protected":false},"excerpt":{"rendered":"<p>Bobines de longa metragem<\/p>\n","protected":false},"featured_media":3609,"comment_status":"open","ping_status":"closed","template":"","meta":[],"product_brand":[],"product_cat":[47,446],"product_tag":[],"class_list":{"0":"post-704","1":"product","2":"type-product","3":"status-publish","4":"has-post-thumbnail","6":"product_cat-060300-monofilamento-nylon-500-a-3000-metros","7":"product_cat-060307-nbs","9":"first","10":"instock","11":"taxable","12":"shipping-taxable","13":"purchasable","14":"product-type-variable"},"_links":{"self":[{"href":"https:\/\/idealpesca.com\/loja\/wp-json\/wp\/v2\/product\/704","targetHints":{"allow":["GET"]}}],"collection":[{"href":"https:\/\/idealpesca.com\/loja\/wp-json\/wp\/v2\/product"}],"about":[{"href":"https:\/\/idealpesca.com\/loja\/wp-json\/wp\/v2\/types\/product"}],"replies":[{"embeddable":true,"href":"https:\/\/idealpesca.com\/loja\/wp-json\/wp\/v2\/comments?post=704"}],"wp:featuredmedia":[{"embeddable":true,"href":"https:\/\/idealpesca.com\/loja\/wp-json\/wp\/v2\/media\/3609"}],"wp:attachment":[{"href":"https:\/\/idealpesca.com\/loja\/wp-json\/wp\/v2\/media?parent=704"}],"wp:term":[{"taxonomy":"product_brand","embeddable":true,"href":"https:\/\/idealpesca.com\/loja\/wp-json\/wp\/v2\/product_brand?post=704"},{"taxonomy":"product_cat","embeddable":true,"href":"https:\/\/idealpesca.com\/loja\/wp-json\/wp\/v2\/product_cat?post=704"},{"taxonomy":"product_tag","embeddable":true,"href":"https:\/\/idealpesca.com\/loja\/wp-json\/wp\/v2\/product_tag?post=704"}],"curies":[{"name":"wp","href":"https:\/\/api.w.org\/{rel}","templated":true}]}}