{"id":702,"date":"2026-03-20T12:14:58","date_gmt":"2026-03-20T12:14:58","guid":{"rendered":"https:\/\/idealpesca.com\/loja\/produto\/linha-sufix-duraflex-0-20mm\/"},"modified":"2026-03-20T23:54:25","modified_gmt":"2026-03-20T23:54:25","slug":"linha-sufix-duraflex-0-20mm","status":"publish","type":"product","link":"https:\/\/idealpesca.com\/loja\/produto\/linha-sufix-duraflex-0-20mm\/","title":{"rendered":"LINHA SUFIX DURAFLEX 0.20mm"},"content":{"rendered":"<p>\u00a0<\/p>\n<p><strong><span style=\"font-size: large;color: #000000\">&#8211; Fio de alta qualidade.<\/span><\/strong><\/p>\n<p><strong><span style=\"font-size: large;color: #000000\">&#8211; Especial para carreto.<\/span><\/strong><\/p>\n<p><strong><span style=\"font-size: large;color: #000000\">&#8211; Alta resist\u00eancia \u00e0 abras\u00e3o.<\/span><\/strong><\/p>\n<p><strong><span style=\"font-size: large;color: #000000\">&#8211; Resistente ao n\u00f3.\u00a0<\/span><\/strong><\/p>\n<p><strong><span style=\"font-size: large;color: #000000\">DISPONIVEIS AS MEDIDAS:<\/span><\/strong><\/p>\n<p><strong>&#8211;\u00a0 0.50MM &#8211; 800MTR &#8211; 23 KGS<\/strong><\/p>\n<p><strong>&#8211;\u00a0 0.45MM &#8211; 800MTR &#8211; 18.2KGS<\/strong><\/p>\n<p><strong>&#8211;\u00a0 0.30MM &#8211; 1000MTR &#8211; 9.7KGS<\/strong><\/p>\n<p><strong>&#8211;\u00a0 0.20MM &#8211; 1000MTR &#8211; 4.5KGS<\/strong><\/p>\n<p>\u00a0<\/p>\n","protected":false},"excerpt":{"rendered":"<p>Bobines de longa metragem<\/p>\n","protected":false},"featured_media":3607,"comment_status":"open","ping_status":"closed","template":"","meta":[],"product_brand":[],"product_cat":[47,324],"product_tag":[],"class_list":{"0":"post-702","1":"product","2":"type-product","3":"status-publish","4":"has-post-thumbnail","6":"product_cat-060300-monofilamento-nylon-500-a-3000-metros","7":"product_cat-060309-sufix","9":"first","10":"instock","11":"taxable","12":"shipping-taxable","13":"purchasable","14":"product-type-variable"},"_links":{"self":[{"href":"https:\/\/idealpesca.com\/loja\/wp-json\/wp\/v2\/product\/702","targetHints":{"allow":["GET"]}}],"collection":[{"href":"https:\/\/idealpesca.com\/loja\/wp-json\/wp\/v2\/product"}],"about":[{"href":"https:\/\/idealpesca.com\/loja\/wp-json\/wp\/v2\/types\/product"}],"replies":[{"embeddable":true,"href":"https:\/\/idealpesca.com\/loja\/wp-json\/wp\/v2\/comments?post=702"}],"wp:featuredmedia":[{"embeddable":true,"href":"https:\/\/idealpesca.com\/loja\/wp-json\/wp\/v2\/media\/3607"}],"wp:attachment":[{"href":"https:\/\/idealpesca.com\/loja\/wp-json\/wp\/v2\/media?parent=702"}],"wp:term":[{"taxonomy":"product_brand","embeddable":true,"href":"https:\/\/idealpesca.com\/loja\/wp-json\/wp\/v2\/product_brand?post=702"},{"taxonomy":"product_cat","embeddable":true,"href":"https:\/\/idealpesca.com\/loja\/wp-json\/wp\/v2\/product_cat?post=702"},{"taxonomy":"product_tag","embeddable":true,"href":"https:\/\/idealpesca.com\/loja\/wp-json\/wp\/v2\/product_tag?post=702"}],"curies":[{"name":"wp","href":"https:\/\/api.w.org\/{rel}","templated":true}]}}