{"id":699,"date":"2026-03-20T12:14:58","date_gmt":"2026-03-20T12:14:58","guid":{"rendered":"https:\/\/idealpesca.com\/loja\/produto\/l\/"},"modified":"2026-03-20T23:53:53","modified_gmt":"2026-03-20T23:53:53","slug":"l","status":"publish","type":"product","link":"https:\/\/idealpesca.com\/loja\/produto\/l\/","title":{"rendered":"Linha KALI KUNNAN CYCLONE 5000 MTR."},"content":{"rendered":"<p>\u00a0<\/p>\n<p>Cyclone \u00e9 um monofilamento fabricado de copolimero de alta qualidade e muito resistente \u00e1 abras\u00e3o. Gra\u00e7as \u00e1 combina\u00e7\u00e3o de materiais conseguimos criar um monofilamento de baixa memoria e alta resistencia ao lan\u00e7amento. A excepcional resist\u00eancia \u00e1 abras\u00e3o mant\u00e9m a linha em \u00f3ptimas condic\u00f5es de lan\u00e7amento mesmo depois de muitos lan\u00e7amentos. C\u00f4r Azul.<\/p>\n<p>Bobinas de 5000 metros.<\/p>\n<table>\n<tr>\n<td>\u00a0mm<\/td>\n<td>Resist. em a\u00e7\u00e3o de pesca Kg<\/td>\n<\/tr>\n<tr>\n<td>0.23<\/td>\n<td>4.000<\/td>\n<\/tr>\n<tr>\n<td>\u00a00.26<\/td>\n<td>\u00a07.900<\/td>\n<\/tr>\n<tr>\n<td>\u00a0<\/td>\n<td>\u00a0<\/td>\n<\/tr>\n<\/table>\n<p>\u00a0<\/p>\n","protected":false},"excerpt":{"rendered":"<p>BOBINES DE 5000MTRS PARA SURFCASTING<\/p>\n","protected":false},"featured_media":3603,"comment_status":"open","ping_status":"closed","template":"","meta":[],"product_brand":[],"product_cat":[47,441,517],"product_tag":[],"class_list":{"0":"post-699","1":"product","2":"type-product","3":"status-publish","4":"has-post-thumbnail","6":"product_cat-060300-monofilamento-nylon-500-a-3000-metros","7":"product_cat-060306-kali-kunnan","8":"product_cat-ideal-pesca","10":"first","11":"instock","12":"taxable","13":"shipping-taxable","14":"purchasable","15":"product-type-variable"},"_links":{"self":[{"href":"https:\/\/idealpesca.com\/loja\/wp-json\/wp\/v2\/product\/699","targetHints":{"allow":["GET"]}}],"collection":[{"href":"https:\/\/idealpesca.com\/loja\/wp-json\/wp\/v2\/product"}],"about":[{"href":"https:\/\/idealpesca.com\/loja\/wp-json\/wp\/v2\/types\/product"}],"replies":[{"embeddable":true,"href":"https:\/\/idealpesca.com\/loja\/wp-json\/wp\/v2\/comments?post=699"}],"wp:featuredmedia":[{"embeddable":true,"href":"https:\/\/idealpesca.com\/loja\/wp-json\/wp\/v2\/media\/3603"}],"wp:attachment":[{"href":"https:\/\/idealpesca.com\/loja\/wp-json\/wp\/v2\/media?parent=699"}],"wp:term":[{"taxonomy":"product_brand","embeddable":true,"href":"https:\/\/idealpesca.com\/loja\/wp-json\/wp\/v2\/product_brand?post=699"},{"taxonomy":"product_cat","embeddable":true,"href":"https:\/\/idealpesca.com\/loja\/wp-json\/wp\/v2\/product_cat?post=699"},{"taxonomy":"product_tag","embeddable":true,"href":"https:\/\/idealpesca.com\/loja\/wp-json\/wp\/v2\/product_tag?post=699"}],"curies":[{"name":"wp","href":"https:\/\/api.w.org\/{rel}","templated":true}]}}