{"id":673,"date":"2026-03-20T12:14:52","date_gmt":"2026-03-20T12:14:52","guid":{"rendered":"https:\/\/idealpesca.com\/loja\/produto\/cabeca-de-camaroeiro-iso-daiwa\/"},"modified":"2026-03-20T23:43:56","modified_gmt":"2026-03-20T23:43:56","slug":"cabeca-de-camaroeiro-iso-daiwa","status":"publish","type":"product","link":"https:\/\/idealpesca.com\/loja\/produto\/cabeca-de-camaroeiro-iso-daiwa\/","title":{"rendered":"Cabe\u00e7a de camaroeiro ISO DAIWA"},"content":{"rendered":"<p>-Cabe\u00e7a de camaroeiro dobr\u00e1vel em 4 para transportar, adequada ao cabo ISO. Rede em nylon transparente;<\/p>\n<p>-Compat\u00edvel com diversos cabos;<\/p>\n<p>\u00a0<\/p>\n<table class=\"table bordered js-pswp-gallery\">\n<tr>\n<th>Di\u00e2metro<\/th>\n<th>Malha<\/th>\n<th>Peso<\/th>\n<th>Desmontada<\/th>\n<th>Refer\u00eancia<\/th>\n<\/tr>\n<tr>\n<td>60 cm<\/td>\n<td>Nylon transparente<\/td>\n<td>205 g<\/td>\n<td>21 x 42 cm<\/td>\n<td>ISO60C<\/td>\n<\/tr>\n<\/table>\n","protected":false},"excerpt":{"rendered":"<p>-Cabe\u00e7a de camaroeiro dobr\u00e1vel em 4 para transportar, adequada ao cabo ISO. Rede em nylon transparente; -Compat\u00edvel com diversos cabos; \u00a0 Di\u00e2metro Malha Peso Desmontada Refer\u00eancia 60 cm Nylon transparente 205 g 21 x 42 cm ISO60C<\/p>\n","protected":false},"featured_media":3572,"comment_status":"open","ping_status":"closed","template":"","meta":[],"product_brand":[],"product_cat":[58],"product_tag":[],"class_list":{"0":"post-673","1":"product","2":"type-product","3":"status-publish","4":"has-post-thumbnail","6":"product_cat-200000-cabos-e-chalavares","8":"first","9":"instock","10":"taxable","11":"shipping-taxable","12":"purchasable","13":"product-type-variable"},"_links":{"self":[{"href":"https:\/\/idealpesca.com\/loja\/wp-json\/wp\/v2\/product\/673","targetHints":{"allow":["GET"]}}],"collection":[{"href":"https:\/\/idealpesca.com\/loja\/wp-json\/wp\/v2\/product"}],"about":[{"href":"https:\/\/idealpesca.com\/loja\/wp-json\/wp\/v2\/types\/product"}],"replies":[{"embeddable":true,"href":"https:\/\/idealpesca.com\/loja\/wp-json\/wp\/v2\/comments?post=673"}],"wp:featuredmedia":[{"embeddable":true,"href":"https:\/\/idealpesca.com\/loja\/wp-json\/wp\/v2\/media\/3572"}],"wp:attachment":[{"href":"https:\/\/idealpesca.com\/loja\/wp-json\/wp\/v2\/media?parent=673"}],"wp:term":[{"taxonomy":"product_brand","embeddable":true,"href":"https:\/\/idealpesca.com\/loja\/wp-json\/wp\/v2\/product_brand?post=673"},{"taxonomy":"product_cat","embeddable":true,"href":"https:\/\/idealpesca.com\/loja\/wp-json\/wp\/v2\/product_cat?post=673"},{"taxonomy":"product_tag","embeddable":true,"href":"https:\/\/idealpesca.com\/loja\/wp-json\/wp\/v2\/product_tag?post=673"}],"curies":[{"name":"wp","href":"https:\/\/api.w.org\/{rel}","templated":true}]}}