{"id":637,"date":"2026-03-20T12:14:47","date_gmt":"2026-03-20T12:14:47","guid":{"rendered":"https:\/\/idealpesca.com\/loja\/produto\/cinnetic-explorer-inshore-jigging-1-90-mt-3010\/"},"modified":"2026-04-17T18:12:35","modified_gmt":"2026-04-17T17:12:35","slug":"cinnetic-explorer-inshore-jigging-1-90-mt-3010","status":"publish","type":"product","link":"https:\/\/idealpesca.com\/loja\/produto\/cinnetic-explorer-inshore-jigging-1-90-mt-3010\/","title":{"rendered":"CINNETIC BLUE WIN INSHORE UL JIGGING 1.90 MT."},"content":{"rendered":"<p><span style=\"font-size: large;color: #000000\"><strong>TAMANHO: 1.90 MT.<\/strong><\/span><\/p>\n<p><span style=\"font-size: large;color: #000000\"><strong>AC\u00c7\u00c3O: 40-120 GRAMAS ( PESO M\u00c1X. VERTICAL 90 GRAMAS)<\/strong><\/span><\/p>\n<p><span style=\"font-size: large;color: #000000\"><strong>PASSADORES: SIC<\/strong><\/span><\/p>\n<p><span style=\"font-size: large;color: #000000\"><strong>PORTA-CARRETOS: TUBULAR DPS<\/strong><\/span><\/p>\n<p><span style=\"font-size: large;color: #000000\"><strong>MATERIAL: CARBONO DE 24 TONS<\/strong><\/span><\/p>\n<p><span style=\"font-size: large;color: #000000\"><strong>PESO: 185 GRAMAS<\/strong><\/span><\/p>\n<p>\u00a0<\/p>\n<p><span style=\"font-size: large;color: #000000\"><strong>OBSERVA\u00c7\u00d5ES: A PENSAR NO PESCADOR QUE QUER M\u00c1XIMA SENSIBILIDADE A BAIXO PRE\u00c7O A INSHORE JIGGING FOI CRIADA PARA PERMITIR A QUE QUALQUER PESCADOR SE POSSA INICIAR NA PESCA COM AMOSTRAS DEVIDO AO SEU REDUZIDO PRE\u00c7O.<\/strong><\/span><\/p>\n","protected":false},"excerpt":{"rendered":"<p>TAMANHO: 1.90 MT. AC\u00c7\u00c3O: 40-120 GRAMAS ( PESO M\u00c1X. VERTICAL 90 GRAMAS) PASSADORES: SIC PORTA-CARRETOS: TUBULAR DPS MATERIAL: CARBONO DE 24 TONS PESO: 185 GRAMAS \u00a0 OBSERVA\u00c7\u00d5ES: A PENSAR NO PESCADOR QUE QUER M\u00c1XIMA SENSIBILIDADE A BAIXO PRE\u00c7O A INSHORE JIGGING FOI CRIADA PARA PERMITIR A QUE QUALQUER PESCADOR SE POSSA INICIAR NA PESCA COM [&hellip;]<\/p>\n","protected":false},"featured_media":3520,"comment_status":"open","ping_status":"closed","template":"","meta":[],"product_brand":[],"product_cat":[561,563,43],"product_tag":[],"class_list":{"0":"post-637","1":"product","2":"type-product","3":"status-publish","4":"has-post-thumbnail","6":"product_cat-010600-jigging-e-trolling","7":"product_cat-010602-cinnetic","8":"product_cat-310000-novidades-gerais","10":"first","11":"outofstock","12":"taxable","13":"shipping-taxable","14":"purchasable","15":"product-type-simple"},"_links":{"self":[{"href":"https:\/\/idealpesca.com\/loja\/wp-json\/wp\/v2\/product\/637","targetHints":{"allow":["GET"]}}],"collection":[{"href":"https:\/\/idealpesca.com\/loja\/wp-json\/wp\/v2\/product"}],"about":[{"href":"https:\/\/idealpesca.com\/loja\/wp-json\/wp\/v2\/types\/product"}],"replies":[{"embeddable":true,"href":"https:\/\/idealpesca.com\/loja\/wp-json\/wp\/v2\/comments?post=637"}],"wp:featuredmedia":[{"embeddable":true,"href":"https:\/\/idealpesca.com\/loja\/wp-json\/wp\/v2\/media\/3520"}],"wp:attachment":[{"href":"https:\/\/idealpesca.com\/loja\/wp-json\/wp\/v2\/media?parent=637"}],"wp:term":[{"taxonomy":"product_brand","embeddable":true,"href":"https:\/\/idealpesca.com\/loja\/wp-json\/wp\/v2\/product_brand?post=637"},{"taxonomy":"product_cat","embeddable":true,"href":"https:\/\/idealpesca.com\/loja\/wp-json\/wp\/v2\/product_cat?post=637"},{"taxonomy":"product_tag","embeddable":true,"href":"https:\/\/idealpesca.com\/loja\/wp-json\/wp\/v2\/product_tag?post=637"}],"curies":[{"name":"wp","href":"https:\/\/api.w.org\/{rel}","templated":true}]}}