{"id":612,"date":"2026-03-20T12:14:41","date_gmt":"2026-03-20T12:14:41","guid":{"rendered":"https:\/\/idealpesca.com\/loja\/produto\/bolsa-amostras-l-4fa3ab0523aef-718\/"},"modified":"2026-04-17T18:12:40","modified_gmt":"2026-04-17T17:12:40","slug":"bolsa-amostras-l-4fa3ab0523aef-718","status":"publish","type":"product","link":"https:\/\/idealpesca.com\/loja\/produto\/bolsa-amostras-l-4fa3ab0523aef-718\/","title":{"rendered":"SACO tiracolo EMERALDAS DAIWA"},"content":{"rendered":"<div class=\"product-content\">\n<div class=\"product-content-inner\">\n<div class=\"product-desc\">\n<p>Este saco Emeraldas \u00e9 ideal para os pescadores de cefal\u00f3podes que, durante uma sa\u00edda, mudam de pesqueiro. Transportado a tiracolo, pode aceder \u00e0s suas toneiras com muita facilidade e rapidamente ou ainda arrum\u00e1-las com toda a seguran\u00e7a na caixa interna r\u00edgida lav\u00e1vel.<\/p>\n<\/div>\n<div class=\"row\">\u00a0<\/p>\n<table class=\"table bordered js-pswp-gallery\">\n<tr>\n<th>Refer\u00eancia<\/th>\n<th>Cor<\/th>\n<th>Dimens\u00f5es<\/th>\n<\/tr>\n<tr>\n<td><span class=\"new\">PEM<\/span><\/td>\n<td>Preto \/ Turquesa<\/td>\n<td>19 x 6 x 17 cm<\/td>\n<td>\u00a0<\/td>\n<\/tr>\n<\/table>\n<\/div>\n<\/div>\n<\/div>\n<div class=\"product-content-next\">\u00a0<\/div>\n","protected":false},"excerpt":{"rendered":"<p>Este saco Emeraldas \u00e9 ideal para os pescadores de cefal\u00f3podes que, durante uma sa\u00edda, mudam de pesqueiro. Transportado a tiracolo, pode aceder \u00e0s suas toneiras com muita facilidade e rapidamente ou ainda arrum\u00e1-las com toda a seguran\u00e7a na caixa interna r\u00edgida lav\u00e1vel. \u00a0 Refer\u00eancia Cor Dimens\u00f5es PEM Preto \/ Turquesa 19 x 6 x 17 [&hellip;]<\/p>\n","protected":false},"featured_media":3489,"comment_status":"open","ping_status":"closed","template":"","meta":[],"product_brand":[],"product_cat":[169],"product_tag":[],"class_list":{"0":"post-612","1":"product","2":"type-product","3":"status-publish","4":"has-post-thumbnail","6":"product_cat-130000-bolsas-e-caixas-para-amostras","8":"first","9":"outofstock","10":"taxable","11":"shipping-taxable","12":"purchasable","13":"product-type-simple"},"_links":{"self":[{"href":"https:\/\/idealpesca.com\/loja\/wp-json\/wp\/v2\/product\/612","targetHints":{"allow":["GET"]}}],"collection":[{"href":"https:\/\/idealpesca.com\/loja\/wp-json\/wp\/v2\/product"}],"about":[{"href":"https:\/\/idealpesca.com\/loja\/wp-json\/wp\/v2\/types\/product"}],"replies":[{"embeddable":true,"href":"https:\/\/idealpesca.com\/loja\/wp-json\/wp\/v2\/comments?post=612"}],"wp:featuredmedia":[{"embeddable":true,"href":"https:\/\/idealpesca.com\/loja\/wp-json\/wp\/v2\/media\/3489"}],"wp:attachment":[{"href":"https:\/\/idealpesca.com\/loja\/wp-json\/wp\/v2\/media?parent=612"}],"wp:term":[{"taxonomy":"product_brand","embeddable":true,"href":"https:\/\/idealpesca.com\/loja\/wp-json\/wp\/v2\/product_brand?post=612"},{"taxonomy":"product_cat","embeddable":true,"href":"https:\/\/idealpesca.com\/loja\/wp-json\/wp\/v2\/product_cat?post=612"},{"taxonomy":"product_tag","embeddable":true,"href":"https:\/\/idealpesca.com\/loja\/wp-json\/wp\/v2\/product_tag?post=612"}],"curies":[{"name":"wp","href":"https:\/\/api.w.org\/{rel}","templated":true}]}}