{"id":61,"date":"2026-03-20T12:12:41","date_gmt":"2026-03-20T12:12:41","guid":{"rendered":"https:\/\/idealpesca.com\/loja\/produto\/amostra-rapala-max-rap-13\/"},"modified":"2026-03-20T23:39:46","modified_gmt":"2026-03-20T23:39:46","slug":"amostra-rapala-max-rap-13","status":"publish","type":"product","link":"https:\/\/idealpesca.com\/loja\/produto\/amostra-rapala-max-rap-13\/","title":{"rendered":"AMOSTRA Rapala MAX RAP 13"},"content":{"rendered":"<p><span style=\"font-size: small\"><strong>Tamanho:<\/strong> 13cm.<\/span><\/p>\n<p><span style=\"font-size: small\"><strong>Peso:<\/strong> 15 gramas<\/span><\/p>\n<p><span style=\"font-size: small\"><strong>Tipo:<\/strong> Flutuante, afunda dos 0.3 aos 0.9 metros.<\/span><\/p>\n<p><span style=\"font-size: small\"><strong>Fateixas:<\/strong> 3 VMC<\/span><\/p>\n<p>\u00a0<\/p>\n<p><span style=\"font-size: large\"><strong>Observa\u00e7\u00f5es:<\/strong> Com as max rap os lan\u00e7amentos longos deixam de ser uma ilus\u00e3o. O corpo em forma de seta permite a estas magn\u00edficas amostras alcan\u00e7arem grandes dist\u00e2ncias.<\/span><\/p>\n<p><span style=\"font-size: large\">V\u00eam equipadas com fateixas VMC, esferas de tungst\u00e9nio e olhos 3D.<\/span><\/p>\n<p>\u00a0<\/p>\n","protected":false},"excerpt":{"rendered":"<p>com 13 cm. e 15 gr.<\/p>\n","protected":false},"featured_media":2656,"comment_status":"open","ping_status":"closed","template":"","meta":[],"product_brand":[],"product_cat":[49,119,517],"product_tag":[],"class_list":{"0":"post-61","1":"product","2":"type-product","3":"status-publish","4":"has-post-thumbnail","6":"product_cat-030100-jerkbait-spinning","7":"product_cat-030109-rapala","8":"product_cat-ideal-pesca","10":"first","11":"instock","12":"taxable","13":"shipping-taxable","14":"purchasable","15":"product-type-variable"},"_links":{"self":[{"href":"https:\/\/idealpesca.com\/loja\/wp-json\/wp\/v2\/product\/61","targetHints":{"allow":["GET"]}}],"collection":[{"href":"https:\/\/idealpesca.com\/loja\/wp-json\/wp\/v2\/product"}],"about":[{"href":"https:\/\/idealpesca.com\/loja\/wp-json\/wp\/v2\/types\/product"}],"replies":[{"embeddable":true,"href":"https:\/\/idealpesca.com\/loja\/wp-json\/wp\/v2\/comments?post=61"}],"wp:featuredmedia":[{"embeddable":true,"href":"https:\/\/idealpesca.com\/loja\/wp-json\/wp\/v2\/media\/2656"}],"wp:attachment":[{"href":"https:\/\/idealpesca.com\/loja\/wp-json\/wp\/v2\/media?parent=61"}],"wp:term":[{"taxonomy":"product_brand","embeddable":true,"href":"https:\/\/idealpesca.com\/loja\/wp-json\/wp\/v2\/product_brand?post=61"},{"taxonomy":"product_cat","embeddable":true,"href":"https:\/\/idealpesca.com\/loja\/wp-json\/wp\/v2\/product_cat?post=61"},{"taxonomy":"product_tag","embeddable":true,"href":"https:\/\/idealpesca.com\/loja\/wp-json\/wp\/v2\/product_tag?post=61"}],"curies":[{"name":"wp","href":"https:\/\/api.w.org\/{rel}","templated":true}]}}