{"id":604,"date":"2026-03-20T12:14:40","date_gmt":"2026-03-20T12:14:40","guid":{"rendered":"https:\/\/idealpesca.com\/loja\/produto\/linha-seaguar-zr-bass-150-metros\/"},"modified":"2026-03-20T23:54:13","modified_gmt":"2026-03-20T23:54:13","slug":"linha-seaguar-zr-bass-150-metros","status":"publish","type":"product","link":"https:\/\/idealpesca.com\/loja\/produto\/linha-seaguar-zr-bass-150-metros\/","title":{"rendered":"Linha SEAGUAR ZR BASS 150 METROS"},"content":{"rendered":"<p><span style=\"font-size: large\"><strong>&#8211; BOBINES DE 150 METROS;<\/strong><\/span><\/p>\n<p><span style=\"font-size: large\"><strong>&#8211; FLUOROCARBONO;<\/strong><\/span><\/p>\n<p><span style=\"font-size: large\"><strong>&#8211; BAIXA VISIBILIDADE;<\/strong><\/span><\/p>\n<table class=\"linediam\">\n<tr>\n<td><strong>\u00d8<\/strong><\/td>\n<td><strong>kg<\/strong><\/td>\n<td><strong>lb<\/strong><\/td>\n<\/tr>\n<tr>\n<td>0.16<\/td>\n<td>1.80<\/td>\n<td>5.60<\/td>\n<\/tr>\n<tr>\n<td>0.18<\/td>\n<td>2.20<\/td>\n<td>6.50<\/td>\n<\/tr>\n<tr>\n<td>0.20<\/td>\n<td>3.10<\/td>\n<td>9<\/td>\n<\/tr>\n<tr>\n<td>0.23<\/td>\n<td>3.60<\/td>\n<td>12.20<\/td>\n<\/tr>\n<tr>\n<td>0.26<\/td>\n<td>4.50<\/td>\n<td>14.20<\/td>\n<\/tr>\n<tr>\n<td>0.28<\/td>\n<td>5.40<\/td>\n<td>15.30<\/td>\n<\/tr>\n<tr>\n<td>0.30<\/td>\n<td>6.30<\/td>\n<td>17.30<\/td>\n<\/tr>\n<tr>\n<td>0.33<\/td>\n<td>7.20<\/td>\n<td>19.40<\/td>\n<\/tr>\n<tr>\n<td>0.37<\/td>\n<td>9<\/td>\n<td>23.40<\/td>\n<\/tr>\n<tr>\n<td>0.40<\/td>\n<td>9.90<\/td>\n<td>25.90<\/td>\n<\/tr>\n<tr>\n<td>0.43<\/td>\n<td>11.20<\/td>\n<td>30.60<\/td>\n<\/tr>\n<tr>\n<td>0.47<\/td>\n<td>14.50<\/td>\n<td>35.90<\/td>\n<\/tr>\n<tr>\n<td>0.52<\/td>\n<td>15.20<\/td>\n<td>46<\/td>\n<\/tr>\n<\/table>\n","protected":false},"excerpt":{"rendered":"<p>EXCELENTE LINHA PARA SURFCASTING BAIXADAS<br \/>\nE POUCA MEM\u00d3RIA PARA A PESCA \u00c0 B\u00d3IA<\/p>\n","protected":false},"featured_media":3471,"comment_status":"open","ping_status":"closed","template":"","meta":[],"product_brand":[],"product_cat":[305,338,517],"product_tag":[],"class_list":{"0":"post-604","1":"product","2":"type-product","3":"status-publish","4":"has-post-thumbnail","6":"product_cat-060600-fluorocarbono-100-a-250-metros","7":"product_cat-060609-seaguar","8":"product_cat-ideal-pesca","10":"first","11":"instock","12":"taxable","13":"shipping-taxable","14":"purchasable","15":"product-type-variable"},"_links":{"self":[{"href":"https:\/\/idealpesca.com\/loja\/wp-json\/wp\/v2\/product\/604","targetHints":{"allow":["GET"]}}],"collection":[{"href":"https:\/\/idealpesca.com\/loja\/wp-json\/wp\/v2\/product"}],"about":[{"href":"https:\/\/idealpesca.com\/loja\/wp-json\/wp\/v2\/types\/product"}],"replies":[{"embeddable":true,"href":"https:\/\/idealpesca.com\/loja\/wp-json\/wp\/v2\/comments?post=604"}],"wp:featuredmedia":[{"embeddable":true,"href":"https:\/\/idealpesca.com\/loja\/wp-json\/wp\/v2\/media\/3471"}],"wp:attachment":[{"href":"https:\/\/idealpesca.com\/loja\/wp-json\/wp\/v2\/media?parent=604"}],"wp:term":[{"taxonomy":"product_brand","embeddable":true,"href":"https:\/\/idealpesca.com\/loja\/wp-json\/wp\/v2\/product_brand?post=604"},{"taxonomy":"product_cat","embeddable":true,"href":"https:\/\/idealpesca.com\/loja\/wp-json\/wp\/v2\/product_cat?post=604"},{"taxonomy":"product_tag","embeddable":true,"href":"https:\/\/idealpesca.com\/loja\/wp-json\/wp\/v2\/product_tag?post=604"}],"curies":[{"name":"wp","href":"https:\/\/api.w.org\/{rel}","templated":true}]}}