{"id":598,"date":"2026-03-20T12:14:39","date_gmt":"2026-03-20T12:14:39","guid":{"rendered":"https:\/\/idealpesca.com\/loja\/produto\/vadeador-hart-25-s-3545\/"},"modified":"2026-03-20T23:58:29","modified_gmt":"2026-03-20T23:58:29","slug":"vadeador-hart-25-s-3545","status":"publish","type":"product","link":"https:\/\/idealpesca.com\/loja\/produto\/vadeador-hart-25-s-3545\/","title":{"rendered":"VADEADOR HART SKIN Z"},"content":{"rendered":"<p><strong>&#8211; NOVIDADE PARA 2017, BASEADO NO CONCEITO JAPON\u00caS IDEAL PARA OS PESCADORES DE SPINNING<\/strong><\/p>\n<p><strong>&#8211; MUITO RESISTENTE REFOR\u00c7ADO COM RIP STOP SUPER T\u00c9CNICO\u00a0<\/strong><\/p>\n<p><strong>&#8211; BOLSOS NO PEITO COM FECHOS YKK ( N\u00c3O ESTANQUE)<\/strong><\/p>\n<p><strong>&#8211; BORDA SUPERIOR QUE EVITA A ENTRADA DE \u00c1GUA<\/strong><\/p>\n<p><strong>&#8211; SUSPENS\u00d3RIOS EL\u00c1STICOS REGUL\u00c1VEIS<\/strong><\/p>\n<p><strong>&#8211; CINTO REGUL\u00c1VEL COM ANILHAS PARA ACESS\u00d3RIOS<\/strong><\/p>\n<p><strong>&#8211; POLAINAS DE TECIDO RIP STOP COM NEOPRENE REFOR\u00c7ADO PARA CAL\u00c7AR MAIS F\u00c1CIL<\/strong><\/p>\n<p><strong>&#8211; MEIAS DE NEOPRENE DE ALTA DENSIDADE COM REFOR\u00c7O GOMADO NO CALCANHAR E TEND\u00c3O PARA EVITAR O DESGASTE DA BOTA<\/strong><\/p>\n<p><strong>&#8211;<\/strong><\/p>\n","protected":false},"excerpt":{"rendered":"<p>TOPO DE GAMA DA HART<\/p>\n","protected":false},"featured_media":3464,"comment_status":"open","ping_status":"closed","template":"","meta":[],"product_brand":[],"product_cat":[38],"product_tag":[],"class_list":{"0":"post-598","1":"product","2":"type-product","3":"status-publish","4":"has-post-thumbnail","6":"product_cat-230000-vadeadores","8":"first","9":"instock","10":"taxable","11":"shipping-taxable","12":"purchasable","13":"product-type-variable"},"_links":{"self":[{"href":"https:\/\/idealpesca.com\/loja\/wp-json\/wp\/v2\/product\/598","targetHints":{"allow":["GET"]}}],"collection":[{"href":"https:\/\/idealpesca.com\/loja\/wp-json\/wp\/v2\/product"}],"about":[{"href":"https:\/\/idealpesca.com\/loja\/wp-json\/wp\/v2\/types\/product"}],"replies":[{"embeddable":true,"href":"https:\/\/idealpesca.com\/loja\/wp-json\/wp\/v2\/comments?post=598"}],"wp:featuredmedia":[{"embeddable":true,"href":"https:\/\/idealpesca.com\/loja\/wp-json\/wp\/v2\/media\/3464"}],"wp:attachment":[{"href":"https:\/\/idealpesca.com\/loja\/wp-json\/wp\/v2\/media?parent=598"}],"wp:term":[{"taxonomy":"product_brand","embeddable":true,"href":"https:\/\/idealpesca.com\/loja\/wp-json\/wp\/v2\/product_brand?post=598"},{"taxonomy":"product_cat","embeddable":true,"href":"https:\/\/idealpesca.com\/loja\/wp-json\/wp\/v2\/product_cat?post=598"},{"taxonomy":"product_tag","embeddable":true,"href":"https:\/\/idealpesca.com\/loja\/wp-json\/wp\/v2\/product_tag?post=598"}],"curies":[{"name":"wp","href":"https:\/\/api.w.org\/{rel}","templated":true}]}}