{"id":597,"date":"2026-03-20T12:14:39","date_gmt":"2026-03-20T12:14:39","guid":{"rendered":"https:\/\/idealpesca.com\/loja\/produto\/lanterna-de-cabeca-yokozuna-3402-4028\/"},"modified":"2026-04-17T18:12:43","modified_gmt":"2026-04-17T17:12:43","slug":"lanterna-de-cabeca-yokozuna-3402-4028","status":"publish","type":"product","link":"https:\/\/idealpesca.com\/loja\/produto\/lanterna-de-cabeca-yokozuna-3402-4028\/","title":{"rendered":"LANTERNA de cabe\u00e7a PETZL SWIFT RL"},"content":{"rendered":"<p><strong>Descri\u00e7\u00e3o<br \/><\/strong><\/p>\n<table>\n<tr>\n<th>C\u00f4r<\/th>\n<td>branco-preto<\/td>\n<\/tr>\n<tr>\n<th>peso<\/th>\n<td>100 g<\/td>\n<\/tr>\n<tr>\n<th>estanquecidade<\/th>\n<td>IPX4\u00a0<\/td>\n<\/tr>\n<tr>\n<th>categoria<\/th>\n<td>Lanterna cabe\u00e7a<\/td>\n<\/tr>\n<tr>\n<th>tipo l\u00e2mpada<\/th>\n<td>LED<\/td>\n<\/tr>\n<tr>\n<th>alimenta\u00e7\u00e3o (LOV)<\/th>\n<td>Bateria 2350mah lithium<\/td>\n<\/tr>\n<tr>\n<th>Material<\/th>\n<td>pl\u00e1stico, aluminio<\/td>\n<\/tr>\n<tr>\n<th>alcance (max)<\/th>\n<td>150 metros<\/td>\n<\/tr>\n<tr>\n<th>intensidade (max)<\/th>\n<td>900 lumens<\/td>\n<\/tr>\n<\/table>\n","protected":false},"excerpt":{"rendered":"<p>LANTERNA DE CABE\u00c7A DE ALTA QUALIDADE 900 lumens<\/p>\n","protected":false},"featured_media":3463,"comment_status":"open","ping_status":"closed","template":"","meta":[],"product_brand":[],"product_cat":[57],"product_tag":[],"class_list":{"0":"post-597","1":"product","2":"type-product","3":"status-publish","4":"has-post-thumbnail","6":"product_cat-190000-lanternas","8":"first","9":"outofstock","10":"taxable","11":"shipping-taxable","12":"purchasable","13":"product-type-simple"},"_links":{"self":[{"href":"https:\/\/idealpesca.com\/loja\/wp-json\/wp\/v2\/product\/597","targetHints":{"allow":["GET"]}}],"collection":[{"href":"https:\/\/idealpesca.com\/loja\/wp-json\/wp\/v2\/product"}],"about":[{"href":"https:\/\/idealpesca.com\/loja\/wp-json\/wp\/v2\/types\/product"}],"replies":[{"embeddable":true,"href":"https:\/\/idealpesca.com\/loja\/wp-json\/wp\/v2\/comments?post=597"}],"wp:featuredmedia":[{"embeddable":true,"href":"https:\/\/idealpesca.com\/loja\/wp-json\/wp\/v2\/media\/3463"}],"wp:attachment":[{"href":"https:\/\/idealpesca.com\/loja\/wp-json\/wp\/v2\/media?parent=597"}],"wp:term":[{"taxonomy":"product_brand","embeddable":true,"href":"https:\/\/idealpesca.com\/loja\/wp-json\/wp\/v2\/product_brand?post=597"},{"taxonomy":"product_cat","embeddable":true,"href":"https:\/\/idealpesca.com\/loja\/wp-json\/wp\/v2\/product_cat?post=597"},{"taxonomy":"product_tag","embeddable":true,"href":"https:\/\/idealpesca.com\/loja\/wp-json\/wp\/v2\/product_tag?post=597"}],"curies":[{"name":"wp","href":"https:\/\/api.w.org\/{rel}","templated":true}]}}