{"id":594,"date":"2026-03-20T12:14:38","date_gmt":"2026-03-20T12:14:38","guid":{"rendered":"https:\/\/idealpesca.com\/loja\/produto\/suportes-para-canas-daiwa\/"},"modified":"2026-03-20T23:57:46","modified_gmt":"2026-03-20T23:57:46","slug":"suportes-para-canas-daiwa","status":"publish","type":"product","link":"https:\/\/idealpesca.com\/loja\/produto\/suportes-para-canas-daiwa\/","title":{"rendered":"Suportes para canas DAIWA"},"content":{"rendered":"<div class=\"product-content\">\n<div class=\"product-content-inner\">\n<div class=\"product-desc\">As estacas de surf casting Daiwa s\u00e3o de uma incr\u00edvel robustez. Dotadas de um \u00e2ngulo de 25 x 25 x 3,5 mm, s\u00e3o mais espessas do que as estacas tradicionais e, al\u00e9m das praias de areia, eles se adaptam a qualquer tipo de substrato lodoso ou de are\u00e3o. O copo de PVC \u00e9 ajust\u00e1vel em altura. A estaca \u00e9 em alum\u00ednio anodizado para uma boa resist\u00eancia ao longo do tempo.\u00a0A estaca\u00a0\u00a0azul tem uma especificidade: a parte superior que segura a cana \u00e9 circular para evitar a queda da cana. Enquanto que nas estacas vermelhas, essa parte est\u00e1 aberta em meia-lua. <br \/>As estacas vermelhas s\u00e3o fornecidas numa saco individual (a estaca azul \u00e9 entregue sem saco).<\/div>\n<div class=\"product-desc\">\u00a0<\/div>\n<div class=\"product-desc\">\n<table class=\"table bordered js-pswp-gallery\">\n<tr>\n<th>Refer\u00eancia<\/th>\n<th>Cor<\/th>\n<th>Altura<\/th>\n<th>\u00c2ngulo<\/th>\n<\/tr>\n<tr>\n<td>PI257183<\/td>\n<td>Vermelho<\/td>\n<td>1,0 m<\/td>\n<td>25 x 25 x 3,5 mm<\/td>\n<\/tr>\n<tr>\n<td>PI257190<\/td>\n<td>Vermelho<\/td>\n<td>1,2 m<\/td>\n<td>25 x 25 x 3,5 mm<\/td>\n<\/tr>\n<tr>\n<td>PI257206<\/td>\n<td>Vermelho<\/td>\n<td>1,5 m<\/td>\n<td>25 x 25 x 3,5 mm<\/td>\n<\/tr>\n<tr>\n<td><a href=\"https:\/\/www.daiwa.pt\/uploads\/products\/fisherman_equipment\/2020\/4\/pi384971_1200x1200.jpg\"> <span class=\"inner\"> <img decoding=\"async\" src=\"image\/gif;base64,R0lGODlhAQABAIAAAMLCwgAAACH5BAAAAAAALAAAAAABAAEAAAICRAEAOw==\" alt=\"\" width=\"1\" height=\"1\" \/><\/span><\/a><br \/>\nPI384971\n<\/td>\n<td>Azul<\/td>\n<td>1,5 m<\/td>\n<td>25 x 25 x 3,5 mm<\/td>\n<\/tr>\n<\/table>\n<\/div>\n<div class=\"row\">\u00a0<\/div>\n<\/div>\n<\/div>\n<div class=\"product-content-next\">\u00a0<\/div>\n","protected":false},"excerpt":{"rendered":"<p>4 op\u00e7\u00f5es dispon\u00edveis<br \/>\nAs estacas de surf casting Daiwa s\u00e3o de uma incr\u00edvel robustez.<\/p>\n","protected":false},"featured_media":3458,"comment_status":"open","ping_status":"closed","template":"","meta":[],"product_brand":[],"product_cat":[210,517],"product_tag":[],"class_list":{"0":"post-594","1":"product","2":"type-product","3":"status-publish","4":"has-post-thumbnail","6":"product_cat-160000-carros-de-pesca-espetos-tripes-e-tabuleiros-de-pesca","7":"product_cat-ideal-pesca","9":"first","10":"instock","11":"taxable","12":"shipping-taxable","13":"purchasable","14":"product-type-variable"},"_links":{"self":[{"href":"https:\/\/idealpesca.com\/loja\/wp-json\/wp\/v2\/product\/594","targetHints":{"allow":["GET"]}}],"collection":[{"href":"https:\/\/idealpesca.com\/loja\/wp-json\/wp\/v2\/product"}],"about":[{"href":"https:\/\/idealpesca.com\/loja\/wp-json\/wp\/v2\/types\/product"}],"replies":[{"embeddable":true,"href":"https:\/\/idealpesca.com\/loja\/wp-json\/wp\/v2\/comments?post=594"}],"wp:featuredmedia":[{"embeddable":true,"href":"https:\/\/idealpesca.com\/loja\/wp-json\/wp\/v2\/media\/3458"}],"wp:attachment":[{"href":"https:\/\/idealpesca.com\/loja\/wp-json\/wp\/v2\/media?parent=594"}],"wp:term":[{"taxonomy":"product_brand","embeddable":true,"href":"https:\/\/idealpesca.com\/loja\/wp-json\/wp\/v2\/product_brand?post=594"},{"taxonomy":"product_cat","embeddable":true,"href":"https:\/\/idealpesca.com\/loja\/wp-json\/wp\/v2\/product_cat?post=594"},{"taxonomy":"product_tag","embeddable":true,"href":"https:\/\/idealpesca.com\/loja\/wp-json\/wp\/v2\/product_tag?post=594"}],"curies":[{"name":"wp","href":"https:\/\/api.w.org\/{rel}","templated":true}]}}