{"id":581,"date":"2026-03-20T12:14:35","date_gmt":"2026-03-20T12:14:35","guid":{"rendered":"https:\/\/idealpesca.com\/loja\/produto\/anzois-montados-para-jigging-ligeiro-daiwa\/"},"modified":"2026-03-20T23:40:35","modified_gmt":"2026-03-20T23:40:35","slug":"anzois-montados-para-jigging-ligeiro-daiwa","status":"publish","type":"product","link":"https:\/\/idealpesca.com\/loja\/produto\/anzois-montados-para-jigging-ligeiro-daiwa\/","title":{"rendered":"ANZOIS MONTADOS PARA JIGGING LIGEIRO DAIWA"},"content":{"rendered":"<div class=\"product-desc\">\n<p>O Light Assist Hook \u00e9 adequado simultaneamente para os jigs destinados \u00e0 pesca vertical de barco bem como para os para os modelos shore jigging concebidos para lan\u00e7ar a partir de costa rochosa. Dispon\u00edveis em diferentes comprimentos de empate, estes assist hooks permitem ajustar o melhor armamento da amostra em fun\u00e7\u00e3o da sua dimens\u00e3o e da configura\u00e7\u00e3o desejada: dois assist hooks no meio ou uma montagem 2\/3 -1\/3 no perfil do jig longo.<\/p>\n<p>Os anz\u00f3is japoneses garantem um excelente agu\u00e7amento e a corda \u00e9 suficientemente r\u00edgida para uma boa resposta do assist hooks ao toque limitando os embara\u00e7amentos e os risco de desgaste.<\/p>\n<p>Quantidade por saqueta: x2.<\/p>\n<\/div>\n","protected":false},"excerpt":{"rendered":"<p>QUALIDADE DAIWA<\/p>\n","protected":false},"featured_media":3439,"comment_status":"open","ping_status":"closed","template":"","meta":[],"product_brand":[],"product_cat":[255,517],"product_tag":[],"class_list":{"0":"post-581","1":"product","2":"type-product","3":"status-publish","4":"has-post-thumbnail","6":"product_cat-040500-anzois-montados-assist-hooks-jigging","7":"product_cat-ideal-pesca","9":"first","10":"instock","11":"taxable","12":"shipping-taxable","13":"purchasable","14":"product-type-variable"},"_links":{"self":[{"href":"https:\/\/idealpesca.com\/loja\/wp-json\/wp\/v2\/product\/581","targetHints":{"allow":["GET"]}}],"collection":[{"href":"https:\/\/idealpesca.com\/loja\/wp-json\/wp\/v2\/product"}],"about":[{"href":"https:\/\/idealpesca.com\/loja\/wp-json\/wp\/v2\/types\/product"}],"replies":[{"embeddable":true,"href":"https:\/\/idealpesca.com\/loja\/wp-json\/wp\/v2\/comments?post=581"}],"wp:featuredmedia":[{"embeddable":true,"href":"https:\/\/idealpesca.com\/loja\/wp-json\/wp\/v2\/media\/3439"}],"wp:attachment":[{"href":"https:\/\/idealpesca.com\/loja\/wp-json\/wp\/v2\/media?parent=581"}],"wp:term":[{"taxonomy":"product_brand","embeddable":true,"href":"https:\/\/idealpesca.com\/loja\/wp-json\/wp\/v2\/product_brand?post=581"},{"taxonomy":"product_cat","embeddable":true,"href":"https:\/\/idealpesca.com\/loja\/wp-json\/wp\/v2\/product_cat?post=581"},{"taxonomy":"product_tag","embeddable":true,"href":"https:\/\/idealpesca.com\/loja\/wp-json\/wp\/v2\/product_tag?post=581"}],"curies":[{"name":"wp","href":"https:\/\/api.w.org\/{rel}","templated":true}]}}