{"id":57,"date":"2026-03-20T12:12:41","date_gmt":"2026-03-20T12:12:41","guid":{"rendered":"https:\/\/idealpesca.com\/loja\/produto\/storm-ultra-eel-40\/"},"modified":"2026-03-20T23:57:46","modified_gmt":"2026-03-20T23:57:46","slug":"storm-ultra-eel-40","status":"publish","type":"product","link":"https:\/\/idealpesca.com\/loja\/produto\/storm-ultra-eel-40\/","title":{"rendered":"Storm Ultra Eel 40"},"content":{"rendered":"<p><span style=\"font-size: small\"><strong>\u00a0<\/strong><\/span><\/p>\n<p>\u00a0<\/p>\n<p><span style=\"font-size: small\"><strong>&#8211; Tamanho:<\/strong> 18 cm.<\/span><\/p>\n<p><span style=\"font-size: small\"><strong>&#8211; Peso:<\/strong> 40 gramas<\/span><\/p>\n<p><span style=\"font-size: small\"><strong>&#8211; Tipo:<\/strong> Afundantes<\/span><\/p>\n<p><span style=\"font-size: small\"><strong>&#8211; Apresenta\u00e7\u00e3o em box com dois vinis, um deles sem cabe\u00e7ote.<\/strong><\/span><\/p>\n<p>\u00a0<\/p>\n<p><span style=\"font-size: medium\"><strong>Observa\u00e7\u00f5es:\u00a0<\/strong>A gama Ultra Eel foi especialmente desenhada para a captura de grandes predadores como o robalo e a corvina. Estas amostras t\u00eam um aspecto muito realista e produzem uma nata\u00e7\u00e3o que imita um peixe ferido.<\/span><\/p>\n","protected":false},"excerpt":{"rendered":"<p>Especialmente desenhada para a captura de grandes predadores<\/p>\n","protected":false},"featured_media":2652,"comment_status":"open","ping_status":"closed","template":"","meta":[],"product_brand":[],"product_cat":[53,131,517],"product_tag":[],"class_list":{"0":"post-57","1":"product","2":"type-product","3":"status-publish","4":"has-post-thumbnail","6":"product_cat-030400-amostras-vinil","7":"product_cat-030415-storm","8":"product_cat-ideal-pesca","10":"first","11":"instock","12":"taxable","13":"shipping-taxable","14":"purchasable","15":"product-type-variable"},"_links":{"self":[{"href":"https:\/\/idealpesca.com\/loja\/wp-json\/wp\/v2\/product\/57","targetHints":{"allow":["GET"]}}],"collection":[{"href":"https:\/\/idealpesca.com\/loja\/wp-json\/wp\/v2\/product"}],"about":[{"href":"https:\/\/idealpesca.com\/loja\/wp-json\/wp\/v2\/types\/product"}],"replies":[{"embeddable":true,"href":"https:\/\/idealpesca.com\/loja\/wp-json\/wp\/v2\/comments?post=57"}],"wp:featuredmedia":[{"embeddable":true,"href":"https:\/\/idealpesca.com\/loja\/wp-json\/wp\/v2\/media\/2652"}],"wp:attachment":[{"href":"https:\/\/idealpesca.com\/loja\/wp-json\/wp\/v2\/media?parent=57"}],"wp:term":[{"taxonomy":"product_brand","embeddable":true,"href":"https:\/\/idealpesca.com\/loja\/wp-json\/wp\/v2\/product_brand?post=57"},{"taxonomy":"product_cat","embeddable":true,"href":"https:\/\/idealpesca.com\/loja\/wp-json\/wp\/v2\/product_cat?post=57"},{"taxonomy":"product_tag","embeddable":true,"href":"https:\/\/idealpesca.com\/loja\/wp-json\/wp\/v2\/product_tag?post=57"}],"curies":[{"name":"wp","href":"https:\/\/api.w.org\/{rel}","templated":true}]}}