{"id":567,"date":"2026-03-20T12:14:33","date_gmt":"2026-03-20T12:14:33","guid":{"rendered":"https:\/\/idealpesca.com\/loja\/produto\/saco-semi-rigido-para-canas-daiwa-surf\/"},"modified":"2026-04-17T18:12:47","modified_gmt":"2026-04-17T17:12:47","slug":"saco-semi-rigido-para-canas-daiwa-surf","status":"publish","type":"product","link":"https:\/\/idealpesca.com\/loja\/produto\/saco-semi-rigido-para-canas-daiwa-surf\/","title":{"rendered":"Saco SEMI R\u00cdGIDO para Canas DAIWA SURF"},"content":{"rendered":"<p><span style=\"float: none;background-color: #ffffff;color: #292f38;font-family: OpenSansRegular,Arial,sans-serif;font-size: 15px;font-style: normal;font-variant: normal;font-weight: 400;letter-spacing: normal;text-align: left;text-decoration: none;text-indent: 0px;text-transform: none;white-space: normal\">Este grande saco \u00e9 dedicada ao armazenamento de canas de surfcasting de encaixe ou telesc\u00f3picas. A bolsa central \u00e9 equipada com velcro interno para fixar as canas e evitar que colidam durante o transporte. Um bolso lateral permitir\u00e1 que armazene as espadas e porta baixadas. Equipado com uma al\u00e7a de transporte a tiracolo bem como de uma pega de transporte, poder\u00e1 transportar o seu equipamento confortavelmente. A abertura est\u00e1 equipada com um fecho \u00e9clair s\u00f3lido com um grande carrinho PVC.<\/span><\/p>\n<p>\u00a0<\/p>\n<table class=\"table bordered js-pswp-gallery\">\n<tr>\n<th>\u00a0<\/th>\n<th>Refer\u00eancia<\/th>\n<th>Cor<\/th>\n<th>Dimensi\u00f5es<\/th>\n<\/tr>\n<tr>\n<td><span class=\"new\">N<\/span><\/td>\n<td>DSFOR1<\/td>\n<td>Vermelho e preto<\/td>\n<td>167x19x20cm<\/td>\n<\/tr>\n<\/table>\n","protected":false},"excerpt":{"rendered":"<p>Este grande saco \u00e9 dedicada ao armazenamento de canas de surfcasting de encaixe ou telesc\u00f3picas. A bolsa central \u00e9 equipada com velcro interno para fixar as canas e evitar que colidam durante o transporte. Um bolso lateral permitir\u00e1 que armazene as espadas e porta baixadas. Equipado com uma al\u00e7a de transporte a tiracolo bem como [&hellip;]<\/p>\n","protected":false},"featured_media":3419,"comment_status":"open","ping_status":"closed","template":"","meta":[],"product_brand":[],"product_cat":[59],"product_tag":[],"class_list":{"0":"post-567","1":"product","2":"type-product","3":"status-publish","4":"has-post-thumbnail","6":"product_cat-150000-estojos-e-bolsas-para-canas","8":"first","9":"outofstock","10":"taxable","11":"shipping-taxable","12":"purchasable","13":"product-type-variable"},"_links":{"self":[{"href":"https:\/\/idealpesca.com\/loja\/wp-json\/wp\/v2\/product\/567","targetHints":{"allow":["GET"]}}],"collection":[{"href":"https:\/\/idealpesca.com\/loja\/wp-json\/wp\/v2\/product"}],"about":[{"href":"https:\/\/idealpesca.com\/loja\/wp-json\/wp\/v2\/types\/product"}],"replies":[{"embeddable":true,"href":"https:\/\/idealpesca.com\/loja\/wp-json\/wp\/v2\/comments?post=567"}],"wp:featuredmedia":[{"embeddable":true,"href":"https:\/\/idealpesca.com\/loja\/wp-json\/wp\/v2\/media\/3419"}],"wp:attachment":[{"href":"https:\/\/idealpesca.com\/loja\/wp-json\/wp\/v2\/media?parent=567"}],"wp:term":[{"taxonomy":"product_brand","embeddable":true,"href":"https:\/\/idealpesca.com\/loja\/wp-json\/wp\/v2\/product_brand?post=567"},{"taxonomy":"product_cat","embeddable":true,"href":"https:\/\/idealpesca.com\/loja\/wp-json\/wp\/v2\/product_cat?post=567"},{"taxonomy":"product_tag","embeddable":true,"href":"https:\/\/idealpesca.com\/loja\/wp-json\/wp\/v2\/product_tag?post=567"}],"curies":[{"name":"wp","href":"https:\/\/api.w.org\/{rel}","templated":true}]}}