{"id":528,"date":"2026-03-20T12:14:21","date_gmt":"2026-03-20T12:14:21","guid":{"rendered":"https:\/\/idealpesca.com\/loja\/produto\/cana-daiwa-castizm-4-25-mt-33-ce\/"},"modified":"2026-03-20T23:46:45","modified_gmt":"2026-03-20T23:46:45","slug":"cana-daiwa-castizm-4-25-mt-33-ce","status":"publish","type":"product","link":"https:\/\/idealpesca.com\/loja\/produto\/cana-daiwa-castizm-4-25-mt-33-ce\/","title":{"rendered":"Cana DAIWA CAST&#8217;IZM 4.25 MT. 33 CE"},"content":{"rendered":"<p>Estas canas de surfcasting s\u00e3o t\u00f3nicos. As Cast&#8217;izm surpreendem principalmente pelas suas qualidades ao lan\u00e7ar. Estes blanks robustos t\u00eam uma a\u00e7\u00e3o de ponta progressiva e n\u00e3o pedem sen\u00e3o ser carregados ao m\u00e1ximo para lan\u00e7ar as montagens para onde desejar. Os modelos poderosos permitem lan\u00e7ar chumbadas at\u00e9 225 g.<\/p>\n<div class=\"row\">\n<div class=\"col-1_1  product-technologies\">\n<div class=\"row xcondensed\">\u00a0<\/div>\n<\/div>\n<div class=\"col-1_1  product-technologies\">\n<ul>\n<li>Blank carbono alto m\u00f3dulo SVF montado com a tecnologia x45<\/li>\n<li>Encaixes V-Joint droits<\/li>\n<li>Passadores Fuji Lowrider Alconite<\/li>\n<li>Porta-carreto de placa Fuji NS-7<\/li>\n<li>Pega lisa<\/li>\n<li>contra peso incluido no peso total da cana\u00a0<\/li>\n<\/ul>\n<\/div>\n<\/div>\n<div class=\"polymorphic-table product-table overflow-right\">\n<div class=\"polymorphic-table-inner\">\u00a0<\/p>\n<table class=\"table bordered js-pswp-gallery\">\n<tr>\n<th>\u00a0<\/th>\n<th>Refer\u00eancia<\/th>\n<th>Ponteira\/porta carretos<\/th>\n<th>Comprimento<\/th>\n<th>Elementos<\/th>\n<th>Desmontada<\/th>\n<th>Peso<\/th>\n<th>Passadores<\/th>\n<th>Pot\u00eancia<\/th>\n<\/tr>\n<tr>\n<td><span class=\"new\">N<\/span><\/td>\n<td><a href=\"https:\/\/www.daiwa.pt\/uploads\/products\/rods\/2019\/10\/cms33425hbe_1200x2400.jpg\"> <span class=\"inner\"> <img decoding=\"async\" src=\"image\/gif;base64,R0lGODlhAQACAIAAAMLCwgAAACH5BAAAAAAALAAAAAABAAIAAAICBAoAOw==\" alt=\"\" width=\"1\" height=\"2\" \/><\/span><\/a><br \/>\nCMS33425HCE\n<\/td>\n<td>\u00a0hibrida\/ chapa<\/td>\n<td>4,25m<\/td>\n<td>3<\/td>\n<td>149cm<\/td>\n<td>670g<\/td>\n<td>\u00a0 \u00a0 \u00a0 \u00a07<\/td>\n<td>100-225g<\/td>\n<\/tr>\n<tr>\n<td><span class=\"new\">N<\/span><\/td>\n<td>\u00a0 \u00a0 \u00a0 \u00a0 \u00a0 \u00a0 CMS33425CE<\/td>\n<td>\u00a0Tubular\/ chapa<\/td>\n<td>4,25m<\/td>\n<td>3<\/td>\n<td>148cm<\/td>\n<td>670g<\/td>\n<td>\u00a0 \u00a0 \u00a0 \u00a07<\/td>\n<td>100-225g<\/td>\n<\/tr>\n<tr>\n<td><span class=\"new\">N<\/span><\/td>\n<td><a href=\"https:\/\/www.daiwa.pt\/uploads\/products\/rods\/2019\/10\/cms33425hbf_1200x2400.jpg\"> <span class=\"inner\"> <img decoding=\"async\" src=\"image\/gif;base64,R0lGODlhAQACAIAAAMLCwgAAACH5BAAAAAAALAAAAAABAAIAAAICBAoAOw==\" alt=\"\" width=\"1\" height=\"2\" \/><\/span><\/a><br \/>\nCMS33425HCF\n<\/td>\n<td>\u00a0hibrida\/rosca<\/td>\n<td>4,25m<\/td>\n<td>3<\/td>\n<td>149cm<\/td>\n<td>707g<\/td>\n<td>\u00a0 \u00a0 \u00a0 \u00a08<\/td>\n<td>100-225g<\/td>\n<\/tr>\n<tr>\n<td><span class=\"new\">N<\/span><\/td>\n<td>\u00a0<\/td>\n<td>\u00a0<\/td>\n<td>\u00a0<\/td>\n<td>\u00a0<\/td>\n<td>\u00a0<\/td>\n<td>\u00a0<\/td>\n<td>\u00a0<\/td>\n<td>\u00a0<\/td>\n<\/tr>\n<\/table>\n<\/div>\n<\/div>\n","protected":false},"excerpt":{"rendered":"<p>UMA CANA MUITO PODEROSA<br \/>\nNOVO MODELO DE 2025 SERIE C<br \/>\nvers\u00e3o de ponteira tubular<\/p>\n","protected":false},"featured_media":3359,"comment_status":"open","ping_status":"closed","template":"","meta":[],"product_brand":[],"product_cat":[551,99,517],"product_tag":[],"class_list":{"0":"post-528","1":"product","2":"type-product","3":"status-publish","4":"has-post-thumbnail","6":"product_cat-010100-surfcasting-pesca-de-lancamento","7":"product_cat-010105-daiwa","8":"product_cat-ideal-pesca","10":"first","11":"instock","12":"taxable","13":"shipping-taxable","14":"purchasable","15":"product-type-variable"},"_links":{"self":[{"href":"https:\/\/idealpesca.com\/loja\/wp-json\/wp\/v2\/product\/528","targetHints":{"allow":["GET"]}}],"collection":[{"href":"https:\/\/idealpesca.com\/loja\/wp-json\/wp\/v2\/product"}],"about":[{"href":"https:\/\/idealpesca.com\/loja\/wp-json\/wp\/v2\/types\/product"}],"replies":[{"embeddable":true,"href":"https:\/\/idealpesca.com\/loja\/wp-json\/wp\/v2\/comments?post=528"}],"wp:featuredmedia":[{"embeddable":true,"href":"https:\/\/idealpesca.com\/loja\/wp-json\/wp\/v2\/media\/3359"}],"wp:attachment":[{"href":"https:\/\/idealpesca.com\/loja\/wp-json\/wp\/v2\/media?parent=528"}],"wp:term":[{"taxonomy":"product_brand","embeddable":true,"href":"https:\/\/idealpesca.com\/loja\/wp-json\/wp\/v2\/product_brand?post=528"},{"taxonomy":"product_cat","embeddable":true,"href":"https:\/\/idealpesca.com\/loja\/wp-json\/wp\/v2\/product_cat?post=528"},{"taxonomy":"product_tag","embeddable":true,"href":"https:\/\/idealpesca.com\/loja\/wp-json\/wp\/v2\/product_tag?post=528"}],"curies":[{"name":"wp","href":"https:\/\/api.w.org\/{rel}","templated":true}]}}