{"id":512,"date":"2026-03-20T12:14:19","date_gmt":"2026-03-20T12:14:19","guid":{"rendered":"https:\/\/idealpesca.com\/loja\/produto\/palhaco-daiwa-emeraldas-boat-rv\/"},"modified":"2026-03-20T23:55:49","modified_gmt":"2026-03-20T23:55:49","slug":"palhaco-daiwa-emeraldas-boat-rv","status":"publish","type":"product","link":"https:\/\/idealpesca.com\/loja\/produto\/palhaco-daiwa-emeraldas-boat-rv\/","title":{"rendered":"PALHA\u00c7O DAIWA Emeraldas Boat RV"},"content":{"rendered":"<p>As toneiras Emeraldas BOAT RV s\u00e3o especialmente concebidas para a pesca de cefal\u00f3podes de barco. Equipada com um lastro interno ao n\u00edvel da cabe\u00e7a, bem como de um lastro externo sob a amostra, esta toneira de 30 gramas desce rapidamente, mas oferece uma boa estabilidade em anima\u00e7\u00f5es verticais. A sua argola em cima favorece as anima\u00e7\u00f5es com muito longos estic\u00f5es, limitando as pris\u00f5es. Esta toneira \u00e9 ideal para a pesca em &#8220;tip-run&#8221;, que consiste em pescar na deriva do barco, para fazer evoluir a amostra nas diferentes camadas de \u00e1gua at\u00e9 ao fundo. As lula e o chocos n\u00e3o resistir\u00e3o a esta toneira equipado com esferas ruidosas.<\/p>\n<p>\u00a0https:\/\/www.daiwa.pt\/produtos\/equipamento-de-linha\/emeraldas-boat-rv-3<\/p>\n<p>Velocidade de descida: 2 seg \/ m.<\/p>\n<div class=\"polymorphic-table product-table\">\n<div class=\"polymorphic-table-inner\">\n<table class=\"table bordered js-pswp-gallery\">\n<tr>\n<th>Peso<\/th>\n<th>Red Brown Sugi<\/th>\n<th>Marble Moss Green<\/th>\n<th>Blue Purple<\/th>\n<th>Glow Pink<\/th>\n<\/tr>\n<tr>\n<td>#3,5 \/ 30 g<\/td>\n<td><a href=\"https:\/\/www.daiwa.pt\/uploads\/products\/line_equipment\/2019\/10\/07210781_1200x1200.jpg\"> <span class=\"inner\"> <img decoding=\"async\" src=\"image\/gif;base64,R0lGODlhAQABAIAAAMLCwgAAACH5BAAAAAAALAAAAAABAAEAAAICRAEAOw==\" alt=\"\" width=\"1\" height=\"1\" \/><\/span><\/a><br \/>\n07210781\n<\/td>\n<td><a href=\"https:\/\/www.daiwa.pt\/uploads\/products\/line_equipment\/2019\/10\/07210782_1200x1200.jpg\"> <span class=\"inner\"> <img decoding=\"async\" src=\"image\/gif;base64,R0lGODlhAQABAIAAAMLCwgAAACH5BAAAAAAALAAAAAABAAEAAAICRAEAOw==\" alt=\"\" width=\"1\" height=\"1\" \/><\/span><\/a><br \/>\n07210782\n<\/td>\n<td><a href=\"https:\/\/www.daiwa.pt\/uploads\/products\/line_equipment\/2019\/10\/07210783_1200x1200.jpg\"> <span class=\"inner\"> <img decoding=\"async\" src=\"image\/gif;base64,R0lGODlhAQABAIAAAMLCwgAAACH5BAAAAAAALAAAAAABAAEAAAICRAEAOw==\" alt=\"\" width=\"1\" height=\"1\" \/><\/span><\/a><br \/>\n07210783\n<\/td>\n<td><a href=\"https:\/\/www.daiwa.pt\/uploads\/products\/line_equipment\/2019\/10\/07210785_1200x1200.jpg\"> <span class=\"inner\"> <img decoding=\"async\" src=\"image\/gif;base64,R0lGODlhAQABAIAAAMLCwgAAACH5BAAAAAAALAAAAAABAAEAAAICRAEAOw==\" alt=\"\" width=\"1\" height=\"1\" \/><\/span><\/a><br \/>\n07210785\n<\/td>\n<\/tr>\n<\/table>\n<\/div>\n<\/div>\n<div class=\"product-infos \">\n<div class=\"product-infos-title\">\u00a0<\/div>\n<div class=\"product-infos-content psm-content\">\n<p>\u00a0<\/p>\n<\/div>\n<\/div>\n<p>\u00a0<\/p>\n","protected":false},"excerpt":{"rendered":"<p>TAMANHO 3,5 COM 30GR.<\/p>\n","protected":false},"featured_media":3335,"comment_status":"open","ping_status":"closed","template":"","meta":[],"product_brand":[],"product_cat":[52,406],"product_tag":[],"class_list":{"0":"post-512","1":"product","2":"type-product","3":"status-publish","4":"has-post-thumbnail","6":"product_cat-030800-palhacos-toneiras-para-chocos-e-lulas","7":"product_cat-030804-daiwa","9":"first","10":"instock","11":"taxable","12":"shipping-taxable","13":"purchasable","14":"product-type-variable"},"_links":{"self":[{"href":"https:\/\/idealpesca.com\/loja\/wp-json\/wp\/v2\/product\/512","targetHints":{"allow":["GET"]}}],"collection":[{"href":"https:\/\/idealpesca.com\/loja\/wp-json\/wp\/v2\/product"}],"about":[{"href":"https:\/\/idealpesca.com\/loja\/wp-json\/wp\/v2\/types\/product"}],"replies":[{"embeddable":true,"href":"https:\/\/idealpesca.com\/loja\/wp-json\/wp\/v2\/comments?post=512"}],"wp:featuredmedia":[{"embeddable":true,"href":"https:\/\/idealpesca.com\/loja\/wp-json\/wp\/v2\/media\/3335"}],"wp:attachment":[{"href":"https:\/\/idealpesca.com\/loja\/wp-json\/wp\/v2\/media?parent=512"}],"wp:term":[{"taxonomy":"product_brand","embeddable":true,"href":"https:\/\/idealpesca.com\/loja\/wp-json\/wp\/v2\/product_brand?post=512"},{"taxonomy":"product_cat","embeddable":true,"href":"https:\/\/idealpesca.com\/loja\/wp-json\/wp\/v2\/product_cat?post=512"},{"taxonomy":"product_tag","embeddable":true,"href":"https:\/\/idealpesca.com\/loja\/wp-json\/wp\/v2\/product_tag?post=512"}],"curies":[{"name":"wp","href":"https:\/\/api.w.org\/{rel}","templated":true}]}}