{"id":511,"date":"2026-03-20T12:14:19","date_gmt":"2026-03-20T12:14:19","guid":{"rendered":"https:\/\/idealpesca.com\/loja\/produto\/palhaco-daiwa-emeraldas-dart-ii-25\/"},"modified":"2026-03-20T23:55:49","modified_gmt":"2026-03-20T23:55:49","slug":"palhaco-daiwa-emeraldas-dart-ii-25","status":"publish","type":"product","link":"https:\/\/idealpesca.com\/loja\/produto\/palhaco-daiwa-emeraldas-dart-ii-25\/","title":{"rendered":"PALHA\u00c7O DAIWA Emeraldas DART II 25"},"content":{"rendered":"<p>O modelo Dart II da toneira Emeraldas \u00e9 ideal para a anima\u00e7\u00e3o darting gra\u00e7as ao seu perfil estreito na ponta. A estabilidade e a forma do seu lastro permitir-lhe-\u00e3o lan\u00e7ar a toneira a grande dist\u00e2ncia. A dupla coroa foi concebida com a tecnologia Daiwa SaqSaq, que assegura um forte agu\u00e7amento, um revestimento liso e uma maior resist\u00eancia. Proveniente da gama japonesa eging, estas toneiras conquistaram j\u00e1 os pescadores nip\u00f3nicos e ir\u00e3o deliciar os\u00a0egingersportugueses.<\/p>\n<p>Velocidade de descida:<\/p>\n<p>&#8211; 5 seg \/ m (# 2.5);<\/p>\n<p>&#8211; 4 seg \/ m (# 3);<\/p>\n<p>-3 ,5 seg \/ m (# 3,5).<\/p>\n<table class=\"table bordered js-pswp-gallery\">\n<tr>\n<th>Peso<\/th>\n<th>Gold Kinaji<\/th>\n<th>Marble Pink<\/th>\n<th>Pink Red<\/th>\n<th>UV Blue<\/th>\n<th>Purple Tsumujip<\/th>\n<th>Red Tornedo Navy<\/th>\n<\/tr>\n<tr>\n<td>#2,5 \/ 9,5 g<\/td>\n<td>07210003<\/td>\n<td>07210004<\/td>\n<td><a href=\"https:\/\/www.daiwa.pt\/uploads\/products\/line_equipment\/2019\/10\/07210007_1200x1200.jpg\"> <span class=\"inner\"> <img decoding=\"async\" src=\"image\/gif;base64,R0lGODlhAQABAIAAAMLCwgAAACH5BAAAAAAALAAAAAABAAEAAAICRAEAOw==\" alt=\"\" width=\"1\" height=\"1\" \/><\/span><\/a><br \/>\n07210007\n<\/td>\n<td>07210010<\/td>\n<td><a href=\"https:\/\/www.daiwa.pt\/uploads\/products\/line_equipment\/2019\/10\/07210015_1200x1200.jpg\"> <span class=\"inner\"> <img decoding=\"async\" src=\"image\/gif;base64,R0lGODlhAQABAIAAAMLCwgAAACH5BAAAAAAALAAAAAABAAEAAAICRAEAOw==\" alt=\"\" width=\"1\" height=\"1\" \/><\/span><\/a><br \/>\n07210015\n<\/td>\n<td><a href=\"https:\/\/www.daiwa.pt\/uploads\/products\/line_equipment\/2019\/10\/07210016_1200x1200.jpg\"> <span class=\"inner\"> <img decoding=\"async\" src=\"image\/gif;base64,R0lGODlhAQABAIAAAMLCwgAAACH5BAAAAAAALAAAAAABAAEAAAICRAEAOw==\" alt=\"\" width=\"1\" height=\"1\" \/><\/span><\/a><br \/>\n07210016\n<\/td>\n<\/tr>\n<tr>\n<td>#3,0 \/ 13,5 g<\/td>\n<td>07210053<\/td>\n<td>07210054<\/td>\n<td>07210057<\/td>\n<td>07210060<\/td>\n<td><a href=\"https:\/\/www.daiwa.pt\/uploads\/products\/line_equipment\/2019\/10\/07210065_1200x1200.jpg\"> <span class=\"inner\"> <img decoding=\"async\" src=\"image\/gif;base64,R0lGODlhAQABAIAAAMLCwgAAACH5BAAAAAAALAAAAAABAAEAAAICRAEAOw==\" alt=\"\" width=\"1\" height=\"1\" \/><\/span><\/a><br \/>\n07210065\n<\/td>\n<td><a href=\"https:\/\/www.daiwa.pt\/uploads\/products\/line_equipment\/2019\/10\/07210066_1200x1200.jpg\"> <span class=\"inner\"> <img decoding=\"async\" src=\"image\/gif;base64,R0lGODlhAQABAIAAAMLCwgAAACH5BAAAAAAALAAAAAABAAEAAAICRAEAOw==\" alt=\"\" width=\"1\" height=\"1\" \/><\/span><\/a><br \/>\n07210066\n<\/td>\n<\/tr>\n<tr>\n<td>#3,5 \/ 18,5 g<\/td>\n<td><a href=\"https:\/\/www.daiwa.pt\/uploads\/products\/line_equipment\/2019\/10\/07210103_1200x1200.jpg\"> <span class=\"inner\"> <img decoding=\"async\" src=\"image\/gif;base64,R0lGODlhAQABAIAAAMLCwgAAACH5BAAAAAAALAAAAAABAAEAAAICRAEAOw==\" alt=\"\" width=\"1\" height=\"1\" \/><\/span><\/a><br \/>\n07210103\n<\/td>\n<td><a href=\"https:\/\/www.daiwa.pt\/uploads\/products\/line_equipment\/2019\/10\/07210104_1200x1200.jpg\"> <span class=\"inner\"> <img decoding=\"async\" src=\"image\/gif;base64,R0lGODlhAQABAIAAAMLCwgAAACH5BAAAAAAALAAAAAABAAEAAAICRAEAOw==\" alt=\"\" width=\"1\" height=\"1\" \/><\/span><\/a><br \/>\n07210104\n<\/td>\n<td><a href=\"https:\/\/www.daiwa.pt\/uploads\/products\/line_equipment\/2019\/10\/07210107_1200x1200.jpg\"> <span class=\"inner\"> <img decoding=\"async\" src=\"image\/gif;base64,R0lGODlhAQABAIAAAMLCwgAAACH5BAAAAAAALAAAAAABAAEAAAICRAEAOw==\" alt=\"\" width=\"1\" height=\"1\" \/><\/span><\/a><br \/>\n07210107\n<\/td>\n<td><a href=\"https:\/\/www.daiwa.pt\/uploads\/products\/line_equipment\/2019\/10\/07210110_1200x1200.jpg\"> <span class=\"inner\"> <img decoding=\"async\" src=\"image\/gif;base64,R0lGODlhAQABAIAAAMLCwgAAACH5BAAAAAAALAAAAAABAAEAAAICRAEAOw==\" alt=\"\" width=\"1\" height=\"1\" \/><\/span><\/a><br \/>\n07210110\n<\/td>\n<td><a href=\"https:\/\/www.daiwa.pt\/uploads\/products\/line_equipment\/2019\/10\/07210115_1200x1200.jpg\"> <span class=\"inner\"> <img decoding=\"async\" src=\"image\/gif;base64,R0lGODlhAQABAIAAAMLCwgAAACH5BAAAAAAALAAAAAABAAEAAAICRAEAOw==\" alt=\"\" width=\"1\" height=\"1\" \/><\/span><\/a><br \/>\n07210115\n<\/td>\n<td><a href=\"https:\/\/www.daiwa.pt\/uploads\/products\/line_equipment\/2019\/10\/07210116_1200x1200.jpg\"> <span class=\"inner\"> <img decoding=\"async\" src=\"image\/gif;base64,R0lGODlhAQABAIAAAMLCwgAAACH5BAAAAAAALAAAAAABAAEAAAICRAEAOw==\" alt=\"\" width=\"1\" height=\"1\" \/><\/span><\/a><br \/>\n07210116\n<\/td>\n<\/tr>\n<tr>\n<td>\u00a0<\/td>\n<td>\u00a0<\/td>\n<td>\u00a0<\/td>\n<td>\u00a0<\/td>\n<td>\u00a0<\/td>\n<td>\u00a0<\/td>\n<td>\u00a0<\/td>\n<\/tr>\n<tr>\n<td><strong>PESO<\/strong><\/td>\n<td><strong>Green Purple Pink<\/strong><\/td>\n<td><strong>UV Purple Pink<\/strong><\/td>\n<td><strong>N&#8212;&#8211;Marble Orange<\/strong><\/td>\n<td><strong>N&#8212;&#8211;Pink Tsumuji Red<\/strong><\/td>\n<td><strong>N&#8212;&#8211;UV Tsumuji Mikan<\/strong><\/td>\n<td><strong>N&#8212;&#8211;SP Glow Pinksugi<\/strong><\/td>\n<\/tr>\n<tr>\n<td>#2,5 \/ 9,5 g<\/td>\n<td>07210031<\/td>\n<td>07210033<\/td>\n<td>07210005<\/td>\n<td>07210011<\/td>\n<td>07210014<\/td>\n<td>07210032<\/td>\n<\/tr>\n<tr>\n<td>#3,0 \/ 13,5 g<\/td>\n<td>\u00a0<\/td>\n<td>07210073<\/td>\n<td><a href=\"https:\/\/www.daiwa.pt\/uploads\/products\/line_equipment\/2020\/10\/07210055_1200x1200.jpg\"> <span class=\"inner\"> <img decoding=\"async\" src=\"image\/gif;base64,R0lGODlhAQABAIAAAMLCwgAAACH5BAAAAAAALAAAAAABAAEAAAICRAEAOw==\" alt=\"\" width=\"1\" height=\"1\" \/><\/span><\/a><br \/>\n07210055\n<\/td>\n<td><a href=\"https:\/\/www.daiwa.pt\/uploads\/products\/line_equipment\/2020\/10\/07210061_1200x1200.jpg\"> <span class=\"inner\"> <img decoding=\"async\" src=\"image\/gif;base64,R0lGODlhAQABAIAAAMLCwgAAACH5BAAAAAAALAAAAAABAAEAAAICRAEAOw==\" alt=\"\" width=\"1\" height=\"1\" \/><\/span><\/a><br \/>\n07210061\n<\/td>\n<td><a href=\"https:\/\/www.daiwa.pt\/uploads\/products\/line_equipment\/2020\/10\/07210064_1200x1200.jpg\"> <span class=\"inner\"> <img decoding=\"async\" src=\"image\/gif;base64,R0lGODlhAQABAIAAAMLCwgAAACH5BAAAAAAALAAAAAABAAEAAAICRAEAOw==\" alt=\"\" width=\"1\" height=\"1\" \/><\/span><\/a><br \/>\n07210064\n<\/td>\n<td><a href=\"https:\/\/www.daiwa.pt\/uploads\/products\/line_equipment\/2020\/10\/07210072_1200x1200.jpg\"> <span class=\"inner\"> <img decoding=\"async\" src=\"image\/gif;base64,R0lGODlhAQABAIAAAMLCwgAAACH5BAAAAAAALAAAAAABAAEAAAICRAEAOw==\" alt=\"\" width=\"1\" height=\"1\" \/><\/span><\/a><br \/>\n07210072\n<\/td>\n<\/tr>\n<tr>\n<td>#3,5 \/ 18,5 g<\/td>\n<td><a href=\"https:\/\/www.daiwa.pt\/uploads\/products\/line_equipment\/2019\/10\/07210117_1200x1200.jpg\"> <span class=\"inner\"> <img decoding=\"async\" src=\"image\/gif;base64,R0lGODlhAQABAIAAAMLCwgAAACH5BAAAAAAALAAAAAABAAEAAAICRAEAOw==\" alt=\"\" width=\"1\" height=\"1\" \/><\/span><\/a><br \/>\n07210117\n<\/td>\n<td><a href=\"https:\/\/www.daiwa.pt\/uploads\/products\/line_equipment\/2019\/10\/07210119_1200x1200.jpg\"> <span class=\"inner\"> <img decoding=\"async\" src=\"image\/gif;base64,R0lGODlhAQABAIAAAMLCwgAAACH5BAAAAAAALAAAAAABAAEAAAICRAEAOw==\" alt=\"\" width=\"1\" height=\"1\" \/><\/span><\/a><br \/>\n07210119\n<\/td>\n<td>*07210105<\/td>\n<td>07210111<\/td>\n<td>07210114<\/td>\n<td>07210118<\/td>\n<\/tr>\n<\/table>\n<p>\u00a0 \u00a0<\/p>\n<p>\u00a0<\/p>\n","protected":false},"excerpt":{"rendered":"<p>TAMANHO 2,5<\/p>\n","protected":false},"featured_media":3333,"comment_status":"open","ping_status":"closed","template":"","meta":[],"product_brand":[],"product_cat":[52,406],"product_tag":[],"class_list":{"0":"post-511","1":"product","2":"type-product","3":"status-publish","4":"has-post-thumbnail","6":"product_cat-030800-palhacos-toneiras-para-chocos-e-lulas","7":"product_cat-030804-daiwa","9":"first","10":"instock","11":"taxable","12":"shipping-taxable","13":"purchasable","14":"product-type-variable"},"_links":{"self":[{"href":"https:\/\/idealpesca.com\/loja\/wp-json\/wp\/v2\/product\/511","targetHints":{"allow":["GET"]}}],"collection":[{"href":"https:\/\/idealpesca.com\/loja\/wp-json\/wp\/v2\/product"}],"about":[{"href":"https:\/\/idealpesca.com\/loja\/wp-json\/wp\/v2\/types\/product"}],"replies":[{"embeddable":true,"href":"https:\/\/idealpesca.com\/loja\/wp-json\/wp\/v2\/comments?post=511"}],"wp:featuredmedia":[{"embeddable":true,"href":"https:\/\/idealpesca.com\/loja\/wp-json\/wp\/v2\/media\/3333"}],"wp:attachment":[{"href":"https:\/\/idealpesca.com\/loja\/wp-json\/wp\/v2\/media?parent=511"}],"wp:term":[{"taxonomy":"product_brand","embeddable":true,"href":"https:\/\/idealpesca.com\/loja\/wp-json\/wp\/v2\/product_brand?post=511"},{"taxonomy":"product_cat","embeddable":true,"href":"https:\/\/idealpesca.com\/loja\/wp-json\/wp\/v2\/product_cat?post=511"},{"taxonomy":"product_tag","embeddable":true,"href":"https:\/\/idealpesca.com\/loja\/wp-json\/wp\/v2\/product_tag?post=511"}],"curies":[{"name":"wp","href":"https:\/\/api.w.org\/{rel}","templated":true}]}}