{"id":510,"date":"2026-03-20T12:14:18","date_gmt":"2026-03-20T12:14:18","guid":{"rendered":"https:\/\/idealpesca.com\/loja\/produto\/palhaco-daiwa-emeraldas-nude-30\/"},"modified":"2026-03-20T23:55:49","modified_gmt":"2026-03-20T23:55:49","slug":"palhaco-daiwa-emeraldas-nude-30","status":"publish","type":"product","link":"https:\/\/idealpesca.com\/loja\/produto\/palhaco-daiwa-emeraldas-nude-30\/","title":{"rendered":"PALHA\u00c7O DAIWA Emeraldas Nude 3,0"},"content":{"rendered":"<p>As toneiras Esmeraldas Nude s\u00e3o assim designadas porque n\u00e3o t\u00eam tecido a cobri-las, o seu corpo \u00e9 liso, pelo que a amostra desliza melhor na \u00e1gua. Isso permitir\u00e1 que nade muito facilmente com pux\u00f5es secos na vertical ou fazendo-a balan\u00e7ar, interrompendo o gesto e acompanhando-o na descida. Gra\u00e7as a um revestimento nacarado em forma de losango que se encontra em cima da amostra, ela reflete ainda mais luz: os cefal\u00f3podes n\u00e3o resistir\u00e3o a esse atrativo e ao realismo desta toneira, cujo olho \u00e9 em 3D. Um orif\u00edcio no lastro de estanho permitir\u00e1 que adicione um chumbo com um agrafo. Outra caracter\u00edstica pr\u00e1tica: a sua argola est\u00e1 localizada na parte frontal da amostra, logo acima da cabe\u00e7a, permitindo assim reduzir as pris\u00f5es.<\/p>\n<p>\u00a0<\/p>\n<p>Velocidade de descida(TAMANHO\/PESO):<\/p>\n<p>\u00a0&#8211; 5 seg\/m (# 2.5\/10 GRAMAS);<\/p>\n<p>\u00a0&#8211; 4 seg\/m (# 3\/14 GRAMAS );<\/p>\n<p>\u00a0&#8211; 3,5 seg\/m (# 3,5\/19,50 GRAMAS)<\/p>\n<p>\u00a0<\/p>\n<table class=\"table bordered js-pswp-gallery\">\n<tr>\n<th>Peso<\/th>\n<th>Pink Ebi<\/th>\n<th>Orange Ebi<\/th>\n<th>Burning Shrimp<\/th>\n<th>Laser Kibinago<\/th>\n<th>Glow Matte Orange<\/th>\n<th>Real Maiwasi<\/th>\n<\/tr>\n<tr>\n<td>#2,5 \/ 10 g<\/td>\n<td><a href=\"https:\/\/www.daiwa.fr\/uploads\/products\/line_equipment\/2019\/10\/07209301_1200x1200.jpg\"> <span class=\"inner\"> <img decoding=\"async\" src=\"image\/gif;base64,R0lGODlhAQABAIAAAMLCwgAAACH5BAAAAAAALAAAAAABAAEAAAICRAEAOw==\" alt=\"\" width=\"1\" height=\"1\" \/><\/span><\/a><br \/>\n07209301\n<\/td>\n<td><a href=\"https:\/\/www.daiwa.fr\/uploads\/products\/line_equipment\/2019\/10\/07209302_1200x1200.jpg\"> <span class=\"inner\"> <img decoding=\"async\" src=\"image\/gif;base64,R0lGODlhAQABAIAAAMLCwgAAACH5BAAAAAAALAAAAAABAAEAAAICRAEAOw==\" alt=\"\" width=\"1\" height=\"1\" \/><\/span><\/a><br \/>\n07209302\n<\/td>\n<td><a href=\"https:\/\/www.daiwa.fr\/uploads\/products\/line_equipment\/2019\/10\/07209306_1200x1200.jpg\"> <span class=\"inner\"> <img decoding=\"async\" src=\"image\/gif;base64,R0lGODlhAQABAIAAAMLCwgAAACH5BAAAAAAALAAAAAABAAEAAAICRAEAOw==\" alt=\"\" width=\"1\" height=\"1\" \/><\/span><\/a><br \/>\n07209306\n<\/td>\n<td><a href=\"https:\/\/www.daiwa.fr\/uploads\/products\/line_equipment\/2019\/10\/07209307_1200x1200.jpg\"> <span class=\"inner\"> <img decoding=\"async\" src=\"image\/gif;base64,R0lGODlhAQABAIAAAMLCwgAAACH5BAAAAAAALAAAAAABAAEAAAICRAEAOw==\" alt=\"\" width=\"1\" height=\"1\" \/><\/span><\/a><br \/>\n07209307\n<\/td>\n<td>07209314<\/td>\n<td><a href=\"https:\/\/www.daiwa.fr\/uploads\/products\/line_equipment\/2019\/10\/07209317_1200x1200.jpg\"> <span class=\"inner\"> <img decoding=\"async\" src=\"image\/gif;base64,R0lGODlhAQABAIAAAMLCwgAAACH5BAAAAAAALAAAAAABAAEAAAICRAEAOw==\" alt=\"\" width=\"1\" height=\"1\" \/><\/span><\/a><br \/>\n07209317\n<\/td>\n<\/tr>\n<tr>\n<td>#3,0 \/ 14 g<\/td>\n<td><a href=\"https:\/\/www.daiwa.fr\/uploads\/products\/line_equipment\/2019\/10\/07209341_1200x1200.jpg\"> <span class=\"inner\"> <img decoding=\"async\" src=\"image\/gif;base64,R0lGODlhAQABAIAAAMLCwgAAACH5BAAAAAAALAAAAAABAAEAAAICRAEAOw==\" alt=\"\" width=\"1\" height=\"1\" \/><\/span><\/a><br \/>\n07209341\n<\/td>\n<td><a href=\"https:\/\/www.daiwa.fr\/uploads\/products\/line_equipment\/2019\/10\/07209342_1200x1200.jpg\"> <span class=\"inner\"> <img decoding=\"async\" src=\"image\/gif;base64,R0lGODlhAQABAIAAAMLCwgAAACH5BAAAAAAALAAAAAABAAEAAAICRAEAOw==\" alt=\"\" width=\"1\" height=\"1\" \/><\/span><\/a><br \/>\n07209342\n<\/td>\n<td>07209346<\/td>\n<td><a href=\"https:\/\/www.daiwa.fr\/uploads\/products\/line_equipment\/2019\/10\/07209347_1200x1200.jpg\"> <span class=\"inner\"> <img decoding=\"async\" src=\"image\/gif;base64,R0lGODlhAQABAIAAAMLCwgAAACH5BAAAAAAALAAAAAABAAEAAAICRAEAOw==\" alt=\"\" width=\"1\" height=\"1\" \/><\/span><\/a><br \/>\n07209347\n<\/td>\n<td><a href=\"https:\/\/www.daiwa.fr\/uploads\/products\/line_equipment\/2019\/10\/07209354_1200x1200.jpg\"> <span class=\"inner\"> <img decoding=\"async\" src=\"image\/gif;base64,R0lGODlhAQABAIAAAMLCwgAAACH5BAAAAAAALAAAAAABAAEAAAICRAEAOw==\" alt=\"\" width=\"1\" height=\"1\" \/><\/span><\/a><br \/>\n07209354\n<\/td>\n<td><a href=\"https:\/\/www.daiwa.fr\/uploads\/products\/line_equipment\/2019\/10\/07209357_1200x1200.jpg\"> <span class=\"inner\"> <img decoding=\"async\" src=\"image\/gif;base64,R0lGODlhAQABAIAAAMLCwgAAACH5BAAAAAAALAAAAAABAAEAAAICRAEAOw==\" alt=\"\" width=\"1\" height=\"1\" \/><\/span><\/a><br \/>\n07209357\n<\/td>\n<\/tr>\n<tr>\n<td>#3,5 \/ 19,5 g<\/td>\n<td><a href=\"https:\/\/www.daiwa.fr\/uploads\/products\/line_equipment\/2019\/10\/07209001_1200x1200.jpg\"> <span class=\"inner\"> <img decoding=\"async\" src=\"image\/gif;base64,R0lGODlhAQABAIAAAMLCwgAAACH5BAAAAAAALAAAAAABAAEAAAICRAEAOw==\" alt=\"\" width=\"1\" height=\"1\" \/><\/span><\/a><br \/>\n07209001\n<\/td>\n<td><a href=\"https:\/\/www.daiwa.fr\/uploads\/products\/line_equipment\/2019\/10\/07209002_1200x1200.jpg\"> <span class=\"inner\"> <img decoding=\"async\" src=\"image\/gif;base64,R0lGODlhAQABAIAAAMLCwgAAACH5BAAAAAAALAAAAAABAAEAAAICRAEAOw==\" alt=\"\" width=\"1\" height=\"1\" \/><\/span><\/a><br \/>\n07209002\n<\/td>\n<td><a href=\"https:\/\/www.daiwa.fr\/uploads\/products\/line_equipment\/2019\/10\/07209006_1200x1200.jpg\"> <span class=\"inner\"> <img decoding=\"async\" src=\"image\/gif;base64,R0lGODlhAQABAIAAAMLCwgAAACH5BAAAAAAALAAAAAABAAEAAAICRAEAOw==\" alt=\"\" width=\"1\" height=\"1\" \/><\/span><\/a><br \/>\n07209006\n<\/td>\n<td><a href=\"https:\/\/www.daiwa.fr\/uploads\/products\/line_equipment\/2019\/10\/07209007_1200x1200.jpg\"> <span class=\"inner\"> <img decoding=\"async\" src=\"image\/gif;base64,R0lGODlhAQABAIAAAMLCwgAAACH5BAAAAAAALAAAAAABAAEAAAICRAEAOw==\" alt=\"\" width=\"1\" height=\"1\" \/><\/span><\/a><br \/>\n07209007\n<\/td>\n<td>07209014<\/td>\n<td>07209017<\/td>\n<\/tr>\n<tr>\n<td>\u00a0<\/td>\n<td>\u00a0<\/td>\n<td>\u00a0<\/td>\n<td>\u00a0<\/td>\n<td>\u00a0<\/td>\n<td>\u00a0<\/td>\n<td>\u00a0<\/td>\n<\/tr>\n<tr>\n<td><strong>Peso<\/strong><\/td>\n<td><strong>Real Kibinago<\/strong><\/td>\n<td><strong>Glow Stripe<\/strong><\/td>\n<td><strong>Ganmeta Side Glow<\/strong><\/td>\n<td><strong>Glow Matte Pink<\/strong><\/td>\n<td><strong>Glow Bel. Ocean Tiger<\/strong><\/td>\n<td>\u00a0<\/td>\n<\/tr>\n<tr>\n<td>#2,5 \/ 10 g<\/td>\n<td>07209318<\/td>\n<td><a href=\"https:\/\/www.daiwa.fr\/uploads\/products\/line_equipment\/2019\/10\/07209320_1200x1200.jpg\"> <span class=\"inner\"> <img decoding=\"async\" src=\"image\/gif;base64,R0lGODlhAQABAIAAAMLCwgAAACH5BAAAAAAALAAAAAABAAEAAAICRAEAOw==\" alt=\"\" width=\"1\" height=\"1\" \/><\/span><\/a><br \/>\n07209320\n<\/td>\n<td><a href=\"https:\/\/www.daiwa.fr\/uploads\/products\/line_equipment\/2019\/10\/07209321_1200x1200.jpg\"> <span class=\"inner\"> <img decoding=\"async\" src=\"image\/gif;base64,R0lGODlhAQABAIAAAMLCwgAAACH5BAAAAAAALAAAAAABAAEAAAICRAEAOw==\" alt=\"\" width=\"1\" height=\"1\" \/><\/span><\/a><br \/>\n07209321\n<\/td>\n<td>07209313<\/td>\n<td>07209324<\/td>\n<td>\u00a0<\/td>\n<\/tr>\n<tr>\n<td>#3,0 \/ 14 g<\/td>\n<td>07209358<\/td>\n<td>07209360<\/td>\n<td><a href=\"https:\/\/www.daiwa.fr\/uploads\/products\/line_equipment\/2019\/10\/07209361_1200x1200.jpg\"> <span class=\"inner\"> <img decoding=\"async\" src=\"image\/gif;base64,R0lGODlhAQABAIAAAMLCwgAAACH5BAAAAAAALAAAAAABAAEAAAICRAEAOw==\" alt=\"\" width=\"1\" height=\"1\" \/><\/span><\/a><br \/>\n07209361\n<\/td>\n<td><a href=\"https:\/\/www.daiwa.fr\/uploads\/products\/line_equipment\/2020\/10\/07209353_1200x1200_f601x97.jpg\"> <span class=\"inner\"> <img decoding=\"async\" src=\"image\/gif;base64,R0lGODlhAQABAIAAAMLCwgAAACH5BAAAAAAALAAAAAABAAEAAAICRAEAOw==\" alt=\"\" width=\"1\" height=\"1\" \/><\/span><\/a><br \/>\n07209353\n<\/td>\n<td><a href=\"https:\/\/www.daiwa.fr\/uploads\/products\/line_equipment\/2020\/10\/07209364_1200x1200.jpg\"> <span class=\"inner\"> <img decoding=\"async\" src=\"image\/gif;base64,R0lGODlhAQABAIAAAMLCwgAAACH5BAAAAAAALAAAAAABAAEAAAICRAEAOw==\" alt=\"\" width=\"1\" height=\"1\" \/><\/span><\/a><br \/>\n07209364\n<\/td>\n<td>\u00a0<\/td>\n<\/tr>\n<tr>\n<td>#3,5 \/ 19,5 g<\/td>\n<td><a href=\"https:\/\/www.daiwa.fr\/uploads\/products\/line_equipment\/2019\/10\/07209018_1200x1200.jpg\"> <span class=\"inner\"> <img decoding=\"async\" src=\"image\/gif;base64,R0lGODlhAQABAIAAAMLCwgAAACH5BAAAAAAALAAAAAABAAEAAAICRAEAOw==\" alt=\"\" width=\"1\" height=\"1\" \/><\/span><\/a><br \/>\n07209018\n<\/td>\n<td><a href=\"https:\/\/www.daiwa.fr\/uploads\/products\/line_equipment\/2019\/10\/07209020_1200x1200.jpg\"> <span class=\"inner\"> <img decoding=\"async\" src=\"image\/gif;base64,R0lGODlhAQABAIAAAMLCwgAAACH5BAAAAAAALAAAAAABAAEAAAICRAEAOw==\" alt=\"\" width=\"1\" height=\"1\" \/><\/span><\/a><br \/>\n07209020\n<\/td>\n<td>07209021<\/td>\n<td>07209013<\/td>\n<td>07209024<\/td>\n<td>\u00a0<\/td>\n<\/tr>\n<\/table>\n<p>\u00a0<\/p>\n<p>\u00a0 \u00a0<\/p>\n<p>\u00a0<\/p>\n","protected":false},"excerpt":{"rendered":"<p>TAMANHO 3,0<\/p>\n","protected":false},"featured_media":3328,"comment_status":"open","ping_status":"closed","template":"","meta":[],"product_brand":[],"product_cat":[52,406],"product_tag":[],"class_list":{"0":"post-510","1":"product","2":"type-product","3":"status-publish","4":"has-post-thumbnail","6":"product_cat-030800-palhacos-toneiras-para-chocos-e-lulas","7":"product_cat-030804-daiwa","9":"first","10":"instock","11":"taxable","12":"shipping-taxable","13":"purchasable","14":"product-type-variable"},"_links":{"self":[{"href":"https:\/\/idealpesca.com\/loja\/wp-json\/wp\/v2\/product\/510","targetHints":{"allow":["GET"]}}],"collection":[{"href":"https:\/\/idealpesca.com\/loja\/wp-json\/wp\/v2\/product"}],"about":[{"href":"https:\/\/idealpesca.com\/loja\/wp-json\/wp\/v2\/types\/product"}],"replies":[{"embeddable":true,"href":"https:\/\/idealpesca.com\/loja\/wp-json\/wp\/v2\/comments?post=510"}],"wp:featuredmedia":[{"embeddable":true,"href":"https:\/\/idealpesca.com\/loja\/wp-json\/wp\/v2\/media\/3328"}],"wp:attachment":[{"href":"https:\/\/idealpesca.com\/loja\/wp-json\/wp\/v2\/media?parent=510"}],"wp:term":[{"taxonomy":"product_brand","embeddable":true,"href":"https:\/\/idealpesca.com\/loja\/wp-json\/wp\/v2\/product_brand?post=510"},{"taxonomy":"product_cat","embeddable":true,"href":"https:\/\/idealpesca.com\/loja\/wp-json\/wp\/v2\/product_cat?post=510"},{"taxonomy":"product_tag","embeddable":true,"href":"https:\/\/idealpesca.com\/loja\/wp-json\/wp\/v2\/product_tag?post=510"}],"curies":[{"name":"wp","href":"https:\/\/api.w.org\/{rel}","templated":true}]}}