{"id":509,"date":"2026-03-20T12:14:18","date_gmt":"2026-03-20T12:14:18","guid":{"rendered":"https:\/\/idealpesca.com\/loja\/produto\/carreto-shimano-plays-4000\/"},"modified":"2026-03-20T23:51:02","modified_gmt":"2026-03-20T23:51:02","slug":"carreto-shimano-plays-4000","status":"publish","type":"product","link":"https:\/\/idealpesca.com\/loja\/produto\/carreto-shimano-plays-4000\/","title":{"rendered":"Carreto SHIMANO PLAYS 4000"},"content":{"rendered":"<ul>\n<li>Drag em estrela<\/li>\n<li>Bobina em alum\u00ednio<\/li>\n<li>\u00c9cran digital com indica\u00e7\u00e3o em metros<\/li>\n<li>Fornecido com um cabo de alimenta\u00e7\u00e3o\u00a0 com pin\u00e7as\u00a0<\/li>\n<li>Velocidade poss\u00edvel m\/min 1 kg133m\/min<\/li>\n<\/ul>\n<p>\u00a0<\/p>\n<ul>\n<li>\n<div class=\"product-content\">\n<div class=\"product-content-inner\">\n<div class=\"polymorphic-table product-table\">\n<div class=\"polymorphic-table-inner\">\n<table class=\"table bordered js-pswp-gallery\">\n<tr>\n<th>Refer\u00eancia<\/th>\n<th>ROLAMENTOS<\/th>\n<th>R\u00e1cio (\/1)<\/th>\n<th>VMV (MT\/MIN)<\/th>\n<th>Peso (g)<\/th>\n<th>Capacidade (m)<\/th>\n<th>Drag M\u00c1X.(kg)<\/th>\n<th>RECUP. MANIVELA<\/th>\n<\/tr>\n<tr>\n<td>PLAYS 4000<\/td>\n<td>2 S A-RB<\/td>\n<td>3,2<\/td>\n<td>\u00a0170 MT\/MINUTO<\/td>\n<td>1230<\/td>\n<td>0,36MM\/675MT<\/td>\n<td>15<\/td>\n<td>\u00a068CM.<\/td>\n<\/tr>\n<\/table>\n<\/div>\n<\/div>\n<\/div>\n<\/div>\n<\/li>\n<\/ul>\n<p>\u00a0<\/p>\n<div class=\"container\">\n<div class=\"center col-xs-12 col-md-12\">\n<div class=\"main-content-md-6 col-xs-12 col-sm-12 col-md-6 col-lg-6 p-l-0 p-sm-r-0 p-xs-r-0\">\n<div class=\"Shop ShowProduct product-desc p-l-0 p-sm-x-0 p-xs-x-0 Shop  col-xs-12  col-sm-12  col-md-12  col-lg-12  \">\n<div class=\"col-xs-12 no-padding product-description\"><\/p>\n<div class=\"container-fluid no-padding\">\u00a0<\/div>\n<\/div>\n<\/div>\n<\/div>\n<\/div>\n<\/div>\n","protected":false},"excerpt":{"rendered":"<p>Carreto indicado para a pesca da profundidade<\/p>\n","protected":false},"featured_media":3326,"comment_status":"open","ping_status":"closed","template":"","meta":[],"product_brand":[],"product_cat":[285,435,517],"product_tag":[],"class_list":{"0":"post-509","1":"product","2":"type-product","3":"status-publish","4":"has-post-thumbnail","6":"product_cat-020400-slow-jigging-casting-e-electricos","7":"product_cat-020403-shimano","8":"product_cat-ideal-pesca","10":"first","11":"instock","12":"taxable","13":"shipping-taxable","14":"purchasable","15":"product-type-variable"},"_links":{"self":[{"href":"https:\/\/idealpesca.com\/loja\/wp-json\/wp\/v2\/product\/509","targetHints":{"allow":["GET"]}}],"collection":[{"href":"https:\/\/idealpesca.com\/loja\/wp-json\/wp\/v2\/product"}],"about":[{"href":"https:\/\/idealpesca.com\/loja\/wp-json\/wp\/v2\/types\/product"}],"replies":[{"embeddable":true,"href":"https:\/\/idealpesca.com\/loja\/wp-json\/wp\/v2\/comments?post=509"}],"wp:featuredmedia":[{"embeddable":true,"href":"https:\/\/idealpesca.com\/loja\/wp-json\/wp\/v2\/media\/3326"}],"wp:attachment":[{"href":"https:\/\/idealpesca.com\/loja\/wp-json\/wp\/v2\/media?parent=509"}],"wp:term":[{"taxonomy":"product_brand","embeddable":true,"href":"https:\/\/idealpesca.com\/loja\/wp-json\/wp\/v2\/product_brand?post=509"},{"taxonomy":"product_cat","embeddable":true,"href":"https:\/\/idealpesca.com\/loja\/wp-json\/wp\/v2\/product_cat?post=509"},{"taxonomy":"product_tag","embeddable":true,"href":"https:\/\/idealpesca.com\/loja\/wp-json\/wp\/v2\/product_tag?post=509"}],"curies":[{"name":"wp","href":"https:\/\/api.w.org\/{rel}","templated":true}]}}