{"id":50,"date":"2026-03-20T12:12:40","date_gmt":"2026-03-20T12:12:40","guid":{"rendered":"https:\/\/idealpesca.com\/loja\/produto\/linha-seaguar-fxr-50mts\/"},"modified":"2026-03-20T23:54:13","modified_gmt":"2026-03-20T23:54:13","slug":"linha-seaguar-fxr-50mts","status":"publish","type":"product","link":"https:\/\/idealpesca.com\/loja\/produto\/linha-seaguar-fxr-50mts\/","title":{"rendered":"Linha Seaguar FXR 50MTS."},"content":{"rendered":"<p><strong><span style=\"font-size: large;color: #000000\">&#8211; Bobines de 50 metros.<\/span><\/strong><\/p>\n<p><strong><span style=\"font-size: large;color: #000000\">&#8211; Invis\u00edvel na \u00e1gua.<\/span><\/strong><\/p>\n<p><strong><span style=\"font-size: large;color: #000000\">&#8211; Resistente \u00e0 abras\u00e3o.<\/span><\/strong><\/p>\n<p><strong><span style=\"font-size: large;color: #000000\">&#8211; Di\u00e2metros precisos.<\/span><\/strong><\/p>\n<p><strong><span style=\"font-size: large;color: #000000\"><img decoding=\"async\" src=\"https:\/\/www.seaguar.ne.jp\/img\/common\/logo_b.svg\" \/><\/span><\/strong><\/p>\n<h2>Navio Seaguar FXR<\/h2>\n<h3>Esta linha de fluorcarbono \u00e9 a mais flex\u00edvel e resistente a impactos da s\u00e9rie, o que a torna ideal para linhas de pesca em barcos longos. Uma programa\u00e7\u00e3o exclusiva para pesca de barco!<\/h3>\n<p><strong><span style=\"font-size: large;color: #000000\">Esta \u00e9 uma linha projetada especificamente para uso em barcos, com maior resist\u00eancia e flexibilidade.<br \/>O processo de fabrica\u00e7\u00e3o FNT atinge um alto n\u00edvel de equil\u00edbrio entre resist\u00eancia e flexibilidade.<br \/>Voc\u00ea pode enfrentar com confian\u00e7a a forte atra\u00e7\u00e3o do sargo, do peixe-azul e de outros peixes.<\/span><\/strong><\/p>\n<div class=\"business-headline\">\n<p>Pioneiro do Fluorocarbono<\/p>\n<\/div>\n<p>Desde que desenvolveu e lan\u00e7ou a primeira linha de pesca de fluorcarbono (fluoreto de polivinilideno) do mundo, &#8220;Seaguar&#8221;, em 1971, ela tem sido adorada como uma das principais marcas de linhas de pesca. A mat\u00e9ria-prima do SEAGUAR, resina de fluoreto de polivinilideno (KF Polymer), \u00e9 produzida em nossa f\u00e1brica de Iwaki. O Kureha Group \u00e9 o \u00fanico grupo no mundo capaz de desenvolver produtos usando suas pr\u00f3prias mat\u00e9rias-primas.<br \/>Continuaremos nos esfor\u00e7ando para desenvolver produtos e expandir ainda mais nossa linha de produtos para que possamos continuar atendendo \u00e0s necessidades de nossos clientes.<\/p>\n","protected":false},"excerpt":{"rendered":"<p>Bobines de 50 metros.<\/p>\n","protected":false},"featured_media":2645,"comment_status":"open","ping_status":"closed","template":"","meta":[],"product_brand":[],"product_cat":[304,327,517],"product_tag":[],"class_list":{"0":"post-50","1":"product","2":"type-product","3":"status-publish","4":"has-post-thumbnail","6":"product_cat-060500-fluorocarbono-50-metros","7":"product_cat-060507-seaguar","8":"product_cat-ideal-pesca","10":"first","11":"instock","12":"taxable","13":"shipping-taxable","14":"purchasable","15":"product-type-variable"},"_links":{"self":[{"href":"https:\/\/idealpesca.com\/loja\/wp-json\/wp\/v2\/product\/50","targetHints":{"allow":["GET"]}}],"collection":[{"href":"https:\/\/idealpesca.com\/loja\/wp-json\/wp\/v2\/product"}],"about":[{"href":"https:\/\/idealpesca.com\/loja\/wp-json\/wp\/v2\/types\/product"}],"replies":[{"embeddable":true,"href":"https:\/\/idealpesca.com\/loja\/wp-json\/wp\/v2\/comments?post=50"}],"wp:featuredmedia":[{"embeddable":true,"href":"https:\/\/idealpesca.com\/loja\/wp-json\/wp\/v2\/media\/2645"}],"wp:attachment":[{"href":"https:\/\/idealpesca.com\/loja\/wp-json\/wp\/v2\/media?parent=50"}],"wp:term":[{"taxonomy":"product_brand","embeddable":true,"href":"https:\/\/idealpesca.com\/loja\/wp-json\/wp\/v2\/product_brand?post=50"},{"taxonomy":"product_cat","embeddable":true,"href":"https:\/\/idealpesca.com\/loja\/wp-json\/wp\/v2\/product_cat?post=50"},{"taxonomy":"product_tag","embeddable":true,"href":"https:\/\/idealpesca.com\/loja\/wp-json\/wp\/v2\/product_tag?post=50"}],"curies":[{"name":"wp","href":"https:\/\/api.w.org\/{rel}","templated":true}]}}