{"id":499,"date":"2026-03-20T12:14:17","date_gmt":"2026-03-20T12:14:17","guid":{"rendered":"https:\/\/idealpesca.com\/loja\/produto\/linha-daiwa-j-braid-8x-multicolor-500-mt\/"},"modified":"2026-03-20T23:53:27","modified_gmt":"2026-03-20T23:53:27","slug":"linha-daiwa-j-braid-8x-multicolor-500-mt","status":"publish","type":"product","link":"https:\/\/idealpesca.com\/loja\/produto\/linha-daiwa-j-braid-8x-multicolor-500-mt\/","title":{"rendered":"Linha Daiwa J-BRAID 8X Multicolor 500 MT."},"content":{"rendered":"<div class=\"product-content\">\n<div class=\"product-content-inner\">\n<div class=\"product-desc\">\n<p>Concebido e fabricado no Jap\u00e3o, o multifilamento entran\u00e7ado J-Braid x8 possui uma suavidade e um deslizar assinal\u00e1veis. Gra\u00e7as \u00e0 sua constru\u00e7\u00e3o refor\u00e7ada e \u00e0 sua estrutura de 8 fios, o J-BRAID tem uma excelente resist\u00eancia aos n\u00f3s e \u00e0 abras\u00e3o. Mais, o seu perfil redondo assegura uma fraca resist\u00eancia ao vento para melhores lan\u00e7amentos e fraca resist\u00eancia \u00e0 corrente para mais sensibilidade em a\u00e7\u00e3o de pesca. A sua rela\u00e7\u00e3o qualidade\/pre\u00e7o \u00e9 incr\u00edvel!<\/p>\n<p>\u00a0<\/p>\n<p>\u00a0<\/p>\n<p>O entran\u00e7ado multicor \u00e9 ideal para a pesca com amostras no mar e, especialmente, para o jig e o &#8220;bay jigging&#8221;. Mudan\u00e7a de cor todos os 10 m.<\/p>\n<p>Dispon\u00edvel do 0,06 ao 0,56mm em bobinas de 150 a 3000 m.<\/p>\n<\/div>\n<div class=\"row\">\u00a0<\/div>\n<\/div>\n<\/div>\n<div class=\"product-content-next\">\n<div class=\"product-content-next-inner\">\n<div class=\"polymorphic-table product-table\">\n<div class=\"polymorphic-table-inner\">\n<table class=\"table bordered js-pswp-gallery\">\n<tr>\n<th>Di\u00e2metro (mm)<\/th>\n<th>PE<\/th>\n<th>Resist\u00eancia<\/th>\n<th>Resist\u00eancia<\/th>\n<th>500 m<br \/>Multicor<\/th>\n<\/tr>\n<tr>\n<td>20\/100<\/td>\n<td>#2<\/td>\n<td>13 kg<\/td>\n<td>29 lb<\/td>\n<td>12755520<\/td>\n<\/tr>\n<tr>\n<td>22\/100<\/td>\n<td>#2,5<\/td>\n<td>17 kg<\/td>\n<td>37,5 lb<\/td>\n<td>12755522<\/td>\n<\/tr>\n<tr>\n<td>24\/100<\/td>\n<td>#3<\/td>\n<td>18 kg<\/td>\n<td>40 lb<\/td>\n<td><a href=\"https:\/\/www.daiwa.pt\/uploads\/products\/line_equipment\/2015\/10\/12755524_1200x1200.jpg\"> <span class=\"inner\"> <img decoding=\"async\" src=\"image\/gif;base64,R0lGODlhAQABAIAAAMLCwgAAACH5BAAAAAAALAAAAAABAAEAAAICRAEAOw==\" alt=\"\" width=\"1\" height=\"1\" \/><\/span><\/a><br \/>\n12755524\n<\/td>\n<\/tr>\n<tr>\n<td>28\/100<\/td>\n<td>#4<\/td>\n<td>26,5 kg<\/td>\n<td>58 lb<\/td>\n<td>12755528<\/td>\n<\/tr>\n<tr>\n<td>35\/100<\/td>\n<td>#6<\/td>\n<td>36 kg<\/td>\n<td>79 lb<\/td>\n<td>12755535<\/td>\n<\/tr>\n<tr>\n<td>42\/100<\/td>\n<td>#8<\/td>\n<td>46,5 kg<\/td>\n<td>103 lb<\/td>\n<td>12755542<\/td>\n<\/tr>\n<\/table>\n<\/div>\n<\/div>\n<\/div>\n<\/div>\n","protected":false},"excerpt":{"rendered":"<p>Concebido e fabricado no Jap\u00e3o, o multifilamento entran\u00e7ado J-Braid x8 possui uma suavidade e um deslizar assinal\u00e1veis. Gra\u00e7as \u00e0 sua constru\u00e7\u00e3o refor\u00e7ada e \u00e0 sua estrutura de 8 fios, o J-BRAID tem uma excelente resist\u00eancia aos n\u00f3s e \u00e0 abras\u00e3o. Mais, o seu perfil redondo assegura uma fraca resist\u00eancia ao vento para melhores lan\u00e7amentos e [&hellip;]<\/p>\n","protected":false},"featured_media":3310,"comment_status":"open","ping_status":"closed","template":"","meta":[],"product_brand":[],"product_cat":[36,302,354],"product_tag":[],"class_list":{"0":"post-499","1":"product","2":"type-product","3":"status-publish","4":"has-post-thumbnail","6":"product_cat-060000-linhas","7":"product_cat-060800-multifilamento-500-metros","8":"product_cat-060802-daiwa","10":"first","11":"instock","12":"taxable","13":"shipping-taxable","14":"purchasable","15":"product-type-variable"},"_links":{"self":[{"href":"https:\/\/idealpesca.com\/loja\/wp-json\/wp\/v2\/product\/499","targetHints":{"allow":["GET"]}}],"collection":[{"href":"https:\/\/idealpesca.com\/loja\/wp-json\/wp\/v2\/product"}],"about":[{"href":"https:\/\/idealpesca.com\/loja\/wp-json\/wp\/v2\/types\/product"}],"replies":[{"embeddable":true,"href":"https:\/\/idealpesca.com\/loja\/wp-json\/wp\/v2\/comments?post=499"}],"wp:featuredmedia":[{"embeddable":true,"href":"https:\/\/idealpesca.com\/loja\/wp-json\/wp\/v2\/media\/3310"}],"wp:attachment":[{"href":"https:\/\/idealpesca.com\/loja\/wp-json\/wp\/v2\/media?parent=499"}],"wp:term":[{"taxonomy":"product_brand","embeddable":true,"href":"https:\/\/idealpesca.com\/loja\/wp-json\/wp\/v2\/product_brand?post=499"},{"taxonomy":"product_cat","embeddable":true,"href":"https:\/\/idealpesca.com\/loja\/wp-json\/wp\/v2\/product_cat?post=499"},{"taxonomy":"product_tag","embeddable":true,"href":"https:\/\/idealpesca.com\/loja\/wp-json\/wp\/v2\/product_tag?post=499"}],"curies":[{"name":"wp","href":"https:\/\/api.w.org\/{rel}","templated":true}]}}