{"id":487,"date":"2026-03-20T12:14:15","date_gmt":"2026-03-20T12:14:15","guid":{"rendered":"https:\/\/idealpesca.com\/loja\/produto\/amostra-spanish-lures-gudari-170-s\/"},"modified":"2026-03-20T23:39:46","modified_gmt":"2026-03-20T23:39:46","slug":"amostra-spanish-lures-gudari-170-s","status":"publish","type":"product","link":"https:\/\/idealpesca.com\/loja\/produto\/amostra-spanish-lures-gudari-170-s\/","title":{"rendered":"AMOSTRA SPANISH LURES GUDARI 170 S"},"content":{"rendered":"<table class=\"shop_attributes\">\n<tr>\n<th>Tipo de amostra<\/th>\n<td>\n<p><a href=\"https:\/\/www.spanishlures.com\/tipo-de-artificial\/minnow-slowsinking\/\">Minnow SlowSinking<\/a><\/p>\n<\/td>\n<\/tr>\n<tr>\n<th>Tamanho<\/th>\n<td>\n<p><a href=\"https:\/\/www.spanishlures.com\/tamano\/170\/\">170<\/a><\/p>\n<\/td>\n<\/tr>\n<tr>\n<th>Peso<\/th>\n<td>\n<p><a href=\"https:\/\/www.spanishlures.com\/peso\/30\/\">30 gr.<\/a><\/p>\n<\/td>\n<\/tr>\n<tr>\n<th>Anzo\u00eds<\/th>\n<td>\n<p><a href=\"https:\/\/www.spanishlures.com\/anzuelos\/tres-triples-hoken-3x-4\/\">Tres triples Hoken 3x #4<\/a><\/p>\n<\/td>\n<\/tr>\n<tr>\n<th>Profundidade<\/th>\n<td>\n<p><a href=\"https:\/\/www.spanishlures.com\/profundidad\/hundido\/\">Hundido<\/a><\/p>\n<\/td>\n<\/tr>\n<tr>\n<th>Cores<\/th>\n<td>\n<p><a href=\"https:\/\/www.spanishlures.com\/color\/alburno\/\">Alburno<\/a>, <a href=\"https:\/\/www.spanishlures.com\/color\/amazing\/\">Amazing<\/a>, <a href=\"https:\/\/www.spanishlures.com\/color\/aurora\/\">Aurora<\/a>, <a href=\"https:\/\/www.spanishlures.com\/color\/aurora-sardine\/\">Aurora Sardine<\/a>, <a href=\"https:\/\/www.spanishlures.com\/color\/aurora-shad\/\">Aurora Shad<\/a>, <a href=\"https:\/\/www.spanishlures.com\/color\/barrameda\/\">Barrameda<\/a>, <a href=\"https:\/\/www.spanishlures.com\/color\/black-mullet\/\">Black Mullet<\/a>, <a href=\"https:\/\/www.spanishlures.com\/color\/black-sardine\/\">Black Sardine<\/a>, <a href=\"https:\/\/www.spanishlures.com\/color\/blanco\/\">Blanco<\/a>, <a href=\"https:\/\/www.spanishlures.com\/color\/bloody-head\/\">Bloody Head<\/a>, <a href=\"https:\/\/www.spanishlures.com\/color\/blue-mackere\/\">Blue Mackere<\/a>, <a href=\"https:\/\/www.spanishlures.com\/color\/blue-mullet\/\">Blue Mullet<\/a>, <a href=\"https:\/\/www.spanishlures.com\/color\/brown\/\">Brown<\/a>, <a href=\"https:\/\/www.spanishlures.com\/color\/chanquete\/\">Chanquete<\/a>, <a href=\"https:\/\/www.spanishlures.com\/color\/chart-minnow\/\">Chart Minnow<\/a>, <a href=\"https:\/\/www.spanishlures.com\/color\/chartreuse\/\">Chartreuse<\/a>, <a href=\"https:\/\/www.spanishlures.com\/color\/citrus-shad\/\">Citrus Shad<\/a>, <a href=\"https:\/\/www.spanishlures.com\/color\/flash-sardine\/\">Flash Sardine<\/a>, <a href=\"https:\/\/www.spanishlures.com\/color\/flsh-pink\/\">Flsh Pink<\/a>, <a href=\"https:\/\/www.spanishlures.com\/color\/geisha\/\">Geisha<\/a>, <a href=\"https:\/\/www.spanishlures.com\/color\/ghost-shad\/\">Ghost Shad<\/a>, <a href=\"https:\/\/www.spanishlures.com\/color\/green-mackerel\/\">green mackerel<\/a>, <a href=\"https:\/\/www.spanishlures.com\/color\/holographic-needlfish\/\">Holographic Needlfish<\/a>, <a href=\"https:\/\/www.spanishlures.com\/color\/laracha\/\">Laracha<\/a>, <a href=\"https:\/\/www.spanishlures.com\/color\/lunary-blue\/\">Lunary Blue<\/a>, <a href=\"https:\/\/www.spanishlures.com\/color\/macarela\/\">Macarela<\/a>, <a href=\"https:\/\/www.spanishlures.com\/color\/magic-chart\/\">Magic Chart<\/a>, <a href=\"https:\/\/www.spanishlures.com\/color\/mahi-mahi\/\">Mahi Mahi<\/a>, <a href=\"https:\/\/www.spanishlures.com\/color\/nacar\/\">Nacar<\/a>, <a href=\"https:\/\/www.spanishlures.com\/color\/needle-fish\/\">Needle fish<\/a>, <a href=\"https:\/\/www.spanishlures.com\/color\/negro\/\">Negro<\/a>, <a href=\"https:\/\/www.spanishlures.com\/color\/orange-ghost\/\">Orange Ghost<\/a>, <a href=\"https:\/\/www.spanishlures.com\/color\/quisquilla-comun\/\">Quisquilla Com\u00fan<\/a>, <a href=\"https:\/\/www.spanishlures.com\/color\/rainbown-trout\/\">Rainbown trout<\/a>, <a href=\"https:\/\/www.spanishlures.com\/color\/real-mackerel\/\">Real Mackerel<\/a>, <a href=\"https:\/\/www.spanishlures.com\/color\/real-mullet\/\">Real Mullet<\/a>, <a href=\"https:\/\/www.spanishlures.com\/color\/real-sardine\/\">Real Sardine<\/a>, <a href=\"https:\/\/www.spanishlures.com\/color\/roja\/\">Roja<\/a>, <a href=\"https:\/\/www.spanishlures.com\/color\/rosicler\/\">Rosicler<\/a>, <a href=\"https:\/\/www.spanishlures.com\/color\/sardina\/\">Sardina<\/a>, <a href=\"https:\/\/www.spanishlures.com\/color\/shiner-mullet\/\">Shiner Mullet<\/a>, <a href=\"https:\/\/www.spanishlures.com\/color\/silver-black\/\">Silver Black<\/a>, <a href=\"https:\/\/www.spanishlures.com\/color\/spanish-ayu\/\">Spanish Ayu<\/a>, <a href=\"https:\/\/www.spanishlures.com\/color\/stopped-shad\/\">Stopped Shad<\/a>, <a href=\"https:\/\/www.spanishlures.com\/color\/striped-shad\/\">Striped Shad<\/a>, <a href=\"https:\/\/www.spanishlures.com\/color\/tiger-fish\/\">Tiger Fish<\/a>, <a href=\"https:\/\/www.spanishlures.com\/color\/verde\/\">Verde<\/a>, <a href=\"https:\/\/www.spanishlures.com\/color\/white-sardine\/\">White Sardine<\/a><\/p>\n<\/td>\n<\/tr>\n<\/table>\n","protected":false},"excerpt":{"rendered":"<p>A Gudari \u00e9 uma amostra minnow slim capaz de suportar as condic\u00f5es mais adversas.<\/p>\n<p>Com esta amostra ser\u00e1s capaz de lan\u00e7ar a grandes distancias gra\u00e7as ao seu peso e sua forma aerodin\u00e1mica. Seu movimento resulta letal tanto a velocidades altas como lentas. Capaz de aguentar muito mar, n\u00e3o saindo da agua por muito m\u00e1s condic\u00f5es que estejam.<\/p>\n<p>Trata-se de uma amostra slow sinking (descida lenta).<\/p>\n<p>Um ponto forte \u00e9 a resist\u00eancia da palheta, refor\u00e7ada para aguentar os constantes golpes com as rochas.<\/p>\n<p>Definitivamente estamos perante uma amostra muito completa que seguramente dar\u00e1 muitas alegrias em forma de capturas e jornadas inesqueciveis.<\/p>\n","protected":false},"featured_media":3277,"comment_status":"open","ping_status":"closed","template":"","meta":[],"product_brand":[],"product_cat":[49,393,43,517],"product_tag":[],"class_list":{"0":"post-487","1":"product","2":"type-product","3":"status-publish","4":"has-post-thumbnail","6":"product_cat-030100-jerkbait-spinning","7":"product_cat-030112-spanish-lures","8":"product_cat-310000-novidades-gerais","9":"product_cat-ideal-pesca","11":"first","12":"instock","13":"taxable","14":"shipping-taxable","15":"purchasable","16":"product-type-variable"},"_links":{"self":[{"href":"https:\/\/idealpesca.com\/loja\/wp-json\/wp\/v2\/product\/487","targetHints":{"allow":["GET"]}}],"collection":[{"href":"https:\/\/idealpesca.com\/loja\/wp-json\/wp\/v2\/product"}],"about":[{"href":"https:\/\/idealpesca.com\/loja\/wp-json\/wp\/v2\/types\/product"}],"replies":[{"embeddable":true,"href":"https:\/\/idealpesca.com\/loja\/wp-json\/wp\/v2\/comments?post=487"}],"wp:featuredmedia":[{"embeddable":true,"href":"https:\/\/idealpesca.com\/loja\/wp-json\/wp\/v2\/media\/3277"}],"wp:attachment":[{"href":"https:\/\/idealpesca.com\/loja\/wp-json\/wp\/v2\/media?parent=487"}],"wp:term":[{"taxonomy":"product_brand","embeddable":true,"href":"https:\/\/idealpesca.com\/loja\/wp-json\/wp\/v2\/product_brand?post=487"},{"taxonomy":"product_cat","embeddable":true,"href":"https:\/\/idealpesca.com\/loja\/wp-json\/wp\/v2\/product_cat?post=487"},{"taxonomy":"product_tag","embeddable":true,"href":"https:\/\/idealpesca.com\/loja\/wp-json\/wp\/v2\/product_tag?post=487"}],"curies":[{"name":"wp","href":"https:\/\/api.w.org\/{rel}","templated":true}]}}