{"id":478,"date":"2026-03-20T12:14:12","date_gmt":"2026-03-20T12:14:12","guid":{"rendered":"https:\/\/idealpesca.com\/loja\/produto\/cana-cinnetic-cayman-st-45-flexi-tip-hybrid\/"},"modified":"2026-04-17T18:13:05","modified_gmt":"2026-04-17T17:13:05","slug":"cana-cinnetic-cayman-st-45-flexi-tip-hybrid","status":"publish","type":"product","link":"https:\/\/idealpesca.com\/loja\/produto\/cana-cinnetic-cayman-st-45-flexi-tip-hybrid\/","title":{"rendered":"CANA CINNETIC CAYMAN ST 45 Flexi-Tip Hybrid\u2122"},"content":{"rendered":"<p><span style=\"font-size: 18pt\"><strong>TAMANHO: 4.25 MT.<\/strong><\/span><\/p>\n<p><span style=\"font-size: 18pt\"><strong>AC\u00c7\u00c3O: 113-250 GRAMAS<\/strong><\/span><\/p>\n<p><span style=\"font-size: 18pt\"><strong>PESO: 489 GRAMAS<\/strong><\/span><\/p>\n<p><span style=\"font-size: 18pt\"><strong>DIAMETRO: 21.70 MM.<\/strong><\/span><\/p>\n<p><span style=\"font-size: 18pt\"><strong>Produto destinado a pescadores de alta competic\u00e3o. Blank de 40 tons construido em diagonal mediante o processo \u201cDiabraid 45\u201d. Ponteira Flexi-tip hybrid\u2122 de \u00faltima gera\u00e7\u00e3o e passadores Fuji Alconite com haste de a\u00e7o inoxid\u00e1vel e porta carretos DPS Luxe com efeito cinza iceberg. Vem com uma bolsa Soft Shell que ajudar\u00e1 a manter a cana protegida da humidade e de riscos.<br \/><\/strong><\/span><\/p>\n","protected":false},"excerpt":{"rendered":"<p>CAYMAN ST 45 Flexi-Tip Hybrid\u2122<\/p>\n","protected":false},"featured_media":3264,"comment_status":"open","ping_status":"closed","template":"","meta":[],"product_brand":[],"product_cat":[551,438,43],"product_tag":[],"class_list":{"0":"post-478","1":"product","2":"type-product","3":"status-publish","4":"has-post-thumbnail","6":"product_cat-010100-surfcasting-pesca-de-lancamento","7":"product_cat-010103-cinnetic","8":"product_cat-310000-novidades-gerais","10":"first","11":"outofstock","12":"taxable","13":"shipping-taxable","14":"purchasable","15":"product-type-simple"},"_links":{"self":[{"href":"https:\/\/idealpesca.com\/loja\/wp-json\/wp\/v2\/product\/478","targetHints":{"allow":["GET"]}}],"collection":[{"href":"https:\/\/idealpesca.com\/loja\/wp-json\/wp\/v2\/product"}],"about":[{"href":"https:\/\/idealpesca.com\/loja\/wp-json\/wp\/v2\/types\/product"}],"replies":[{"embeddable":true,"href":"https:\/\/idealpesca.com\/loja\/wp-json\/wp\/v2\/comments?post=478"}],"wp:featuredmedia":[{"embeddable":true,"href":"https:\/\/idealpesca.com\/loja\/wp-json\/wp\/v2\/media\/3264"}],"wp:attachment":[{"href":"https:\/\/idealpesca.com\/loja\/wp-json\/wp\/v2\/media?parent=478"}],"wp:term":[{"taxonomy":"product_brand","embeddable":true,"href":"https:\/\/idealpesca.com\/loja\/wp-json\/wp\/v2\/product_brand?post=478"},{"taxonomy":"product_cat","embeddable":true,"href":"https:\/\/idealpesca.com\/loja\/wp-json\/wp\/v2\/product_cat?post=478"},{"taxonomy":"product_tag","embeddable":true,"href":"https:\/\/idealpesca.com\/loja\/wp-json\/wp\/v2\/product_tag?post=478"}],"curies":[{"name":"wp","href":"https:\/\/api.w.org\/{rel}","templated":true}]}}