{"id":466,"date":"2026-03-20T12:14:10","date_gmt":"2026-03-20T12:14:10","guid":{"rendered":"https:\/\/idealpesca.com\/loja\/produto\/linha-daiwa-saltiga-12-fibras-ex-300-mts\/"},"modified":"2026-03-20T23:53:41","modified_gmt":"2026-03-20T23:53:41","slug":"linha-daiwa-saltiga-12-fibras-ex-300-mts","status":"publish","type":"product","link":"https:\/\/idealpesca.com\/loja\/produto\/linha-daiwa-saltiga-12-fibras-ex-300-mts\/","title":{"rendered":"Linha Daiwa SALTIGA 12 FIBRAS EX 300 Mts."},"content":{"rendered":"<div class=\"product-desc\">\n<div class=\"product-desc\">\n<p>O Saltiga 12 Braid evolui e torna-se mais acess\u00edvel no Saltiga 12 Braid EX! Fabricado no Jap\u00e3o, este multifilamento de 12 fios, perfeitamente redondo \u00e9 dotado das \u00faltimas tecnologias Daiwa Jap\u00e3o na composi\u00e7\u00e3o das fibras bem como no revestimento com silicone da superf\u00edcie. A sua resist\u00eancia \u00e0 abras\u00e3o \u00e9 excecional e seu deslizar permite alcan\u00e7a dist\u00e2ncias de lan\u00e7amento incr\u00edveis. O Saltiga 12 Braid EX abre uma nova era no dom\u00ednio dos multifilamentos entran\u00e7ados.<\/p>\n<p>Multicor, mudan\u00e7a de cor a cada 10 m (branco, azul, laranja, violeta, verde), marca\u00e7\u00e3o preta grossa a cada 5 m e marca\u00e7\u00e3o fina amarelo\/preto a cada metro.<\/p>\n<\/div>\n<div class=\"row\">\n<div class=\"col-1_1  product-technologies\">\n<div class=\"row xcondensed\">\n<div class=\"col-1_4 sm-1_5 md-1_4 lg-1_6 xl-1_8\"><a title=\"12 braid\" href=\"https:\/\/www.daiwa.fr\/technologies\/equipement-de-la-ligne\/tresse-12-braid?ajax=1\"> <img decoding=\"async\" src=\"https:\/\/www.daiwa.fr\/uploads\/2016\/10\/12-braid_100x60.jpg\" alt=\"\" width=\"100\" height=\"60\" \/> <\/a><\/div>\n<div class=\"col-1_4 sm-1_5 md-1_4 lg-1_6 xl-1_8\"><a title=\"UVF\" href=\"https:\/\/www.daiwa.fr\/technologies\/equipement-de-la-ligne\/uvf?ajax=1\"> <img decoding=\"async\" src=\"https:\/\/www.daiwa.fr\/uploads\/2016\/10\/uvf_100x60.jpg\" alt=\"\" width=\"100\" height=\"60\" \/> <\/a><\/div>\n<div class=\"col-1_4 sm-1_5 md-1_4 lg-1_6 xl-1_8\"><a title=\"+Si\" href=\"https:\/\/www.daiwa.fr\/technologies\/equipement-de-la-ligne\/plus-si-silicone-tresse?ajax=1\"> <img decoding=\"async\" src=\"https:\/\/www.daiwa.fr\/uploads\/2016\/10\/plus-si_100x60.jpg\" alt=\"\" width=\"100\" height=\"60\" \/> <\/a><\/div>\n<\/div>\n<\/div>\n<\/div>\n<div class=\"polymorphic-table product-table\">\u00a0<\/div>\n<\/div>\n<div class=\"embed-video product-video\">\u00a0<\/div>\n<div class=\"embed-video product-video\">\n<table class=\"table bordered js-pswp-gallery\">\n<tr>\n<th>Di\u00e2metro (mm)<\/th>\n<th>PE<\/th>\n<th>Resist\u00eancia<\/th>\n<th>Resist\u00eancia<\/th>\n<th>300 m<br \/>Multicor<\/th>\n<th>600 m<br \/>Multicor<\/th>\n<\/tr>\n<tr>\n<td>16\/100<\/td>\n<td>#1,5<\/td>\n<td>14,0 kg<\/td>\n<td>31 lb<\/td>\n<td><a href=\"https:\/\/www.daiwa.pt\/uploads\/products\/line_equipment\/2018\/11\/12696316_1200x1200.jpg\"> <span class=\"inner\"> <img loading=\"lazy\" decoding=\"async\" src=\"image\/gif;base64,R0lGODlhAQABAIAAAMLCwgAAACH5BAAAAAAALAAAAAABAAEAAAICRAEAOw==\" alt=\"\" width=\"1\" height=\"1\" \/><\/span><\/a><br \/>\n12696316\n<\/td>\n<td>12696616<\/td>\n<\/tr>\n<tr>\n<td>18\/100<\/td>\n<td>#2<\/td>\n<td>16,2 kg<\/td>\n<td>36 lb<\/td>\n<td>12696318<\/td>\n<td><a href=\"https:\/\/www.daiwa.pt\/uploads\/products\/line_equipment\/2019\/10\/12696618_1200x1200.jpg\"> <span class=\"inner\"> <img loading=\"lazy\" decoding=\"async\" src=\"image\/gif;base64,R0lGODlhAQABAIAAAMLCwgAAACH5BAAAAAAALAAAAAABAAEAAAICRAEAOw==\" alt=\"\" width=\"1\" height=\"1\" \/><\/span><\/a><br \/>\n12696618\n<\/td>\n<\/tr>\n<tr>\n<td>26\/100<\/td>\n<td>#3<\/td>\n<td>24,8 kg<\/td>\n<td>55 lb<\/td>\n<td>12696326<\/td>\n<td>12696626<\/td>\n<\/tr>\n<tr>\n<td>30\/100<\/td>\n<td>#4<\/td>\n<td>30,7 kg<\/td>\n<td>68 lb<\/td>\n<td>12696330<\/td>\n<td><a href=\"https:\/\/www.daiwa.pt\/uploads\/products\/line_equipment\/2019\/10\/12696630_1200x1200.jpg\"> <span class=\"inner\"> <img loading=\"lazy\" decoding=\"async\" src=\"image\/gif;base64,R0lGODlhAQABAIAAAMLCwgAAACH5BAAAAAAALAAAAAABAAEAAAICRAEAOw==\" alt=\"\" width=\"1\" height=\"1\" \/><\/span><\/a><br \/>\n12696630\n<\/td>\n<\/tr>\n<tr>\n<td>33\/100<\/td>\n<td>#5<\/td>\n<td>39,7 kg<\/td>\n<td>88 lb<\/td>\n<td>12696333<\/td>\n<td>12696633<\/td>\n<\/tr>\n<tr>\n<td>35\/100<\/td>\n<td>#6<\/td>\n<td>45,3 kg<\/td>\n<td>100 lb<\/td>\n<td><a href=\"https:\/\/www.daiwa.pt\/uploads\/products\/line_equipment\/2018\/10\/12696335_1200x1200.jpg\"> <span class=\"inner\"> <img loading=\"lazy\" decoding=\"async\" src=\"image\/gif;base64,R0lGODlhAQABAIAAAMLCwgAAACH5BAAAAAAALAAAAAABAAEAAAICRAEAOw==\" alt=\"\" width=\"1\" height=\"1\" \/><\/span><\/a><br \/>\n12696335\n<\/td>\n<td>12696635<\/td>\n<\/tr>\n<tr>\n<td>45\/100<\/td>\n<td>#8<\/td>\n<td>53,4 kg<\/td>\n<td>118 lb<\/td>\n<td>12696345<\/td>\n<td><a href=\"https:\/\/www.daiwa.pt\/uploads\/products\/line_equipment\/2019\/10\/12696645_1200x1200.jpg\"> <span class=\"inner\"> <img loading=\"lazy\" decoding=\"async\" src=\"image\/gif;base64,R0lGODlhAQABAIAAAMLCwgAAACH5BAAAAAAALAAAAAABAAEAAAICRAEAOw==\" alt=\"\" width=\"1\" height=\"1\" \/><\/span><\/a><br \/>\n12696645\n<\/td>\n<\/tr>\n<\/table>\n<\/div>\n","protected":false},"excerpt":{"rendered":"<p>LINHA SALTIGA 12 Braid EX 2019<br \/>\nMultifilamento x12 vers\u00e3o 2.0<\/p>\n","protected":false},"featured_media":3243,"comment_status":"open","ping_status":"closed","template":"","meta":[],"product_brand":[],"product_cat":[301,348,517],"product_tag":[],"class_list":{"0":"post-466","1":"product","2":"type-product","3":"status-publish","4":"has-post-thumbnail","6":"product_cat-060900-multifilamento-200-a-300-metros","7":"product_cat-060903-daiwa","8":"product_cat-ideal-pesca","10":"first","11":"instock","12":"taxable","13":"shipping-taxable","14":"purchasable","15":"product-type-variable"},"_links":{"self":[{"href":"https:\/\/idealpesca.com\/loja\/wp-json\/wp\/v2\/product\/466","targetHints":{"allow":["GET"]}}],"collection":[{"href":"https:\/\/idealpesca.com\/loja\/wp-json\/wp\/v2\/product"}],"about":[{"href":"https:\/\/idealpesca.com\/loja\/wp-json\/wp\/v2\/types\/product"}],"replies":[{"embeddable":true,"href":"https:\/\/idealpesca.com\/loja\/wp-json\/wp\/v2\/comments?post=466"}],"wp:featuredmedia":[{"embeddable":true,"href":"https:\/\/idealpesca.com\/loja\/wp-json\/wp\/v2\/media\/3243"}],"wp:attachment":[{"href":"https:\/\/idealpesca.com\/loja\/wp-json\/wp\/v2\/media?parent=466"}],"wp:term":[{"taxonomy":"product_brand","embeddable":true,"href":"https:\/\/idealpesca.com\/loja\/wp-json\/wp\/v2\/product_brand?post=466"},{"taxonomy":"product_cat","embeddable":true,"href":"https:\/\/idealpesca.com\/loja\/wp-json\/wp\/v2\/product_cat?post=466"},{"taxonomy":"product_tag","embeddable":true,"href":"https:\/\/idealpesca.com\/loja\/wp-json\/wp\/v2\/product_tag?post=466"}],"curies":[{"name":"wp","href":"https:\/\/api.w.org\/{rel}","templated":true}]}}