{"id":465,"date":"2026-03-20T12:14:10","date_gmt":"2026-03-20T12:14:10","guid":{"rendered":"https:\/\/idealpesca.com\/loja\/produto\/sufix-832-250-metros-2071\/"},"modified":"2026-03-20T23:54:25","modified_gmt":"2026-03-20T23:54:25","slug":"sufix-832-250-metros-2071","status":"publish","type":"product","link":"https:\/\/idealpesca.com\/loja\/produto\/sufix-832-250-metros-2071\/","title":{"rendered":"Linha SUFIX 131 Multifilamento &#8211; 300 mtr Chartreuse"},"content":{"rendered":"<table class=\"views-table\">\n<tr>\n<th>MEDIDA (mm)<\/th>\n<th>RESIST\u00caNCIA (kg)<\/th>\n<th>C\u00d4R<\/th>\n<th>QUANTIDADE<\/th>\n<\/tr>\n<tr>\n<td>0.128<\/td>\n<td>6.8<\/td>\n<td>\u00a0Chartreuse<\/td>\n<td>300 m<\/td>\n<\/tr>\n<tr>\n<td>0.165<\/td>\n<td>9.1<\/td>\n<td>\u00a0Chartreuse<\/td>\n<td>300 m<\/td>\n<\/tr>\n<tr>\n<td>0.185<\/td>\n<td>11.40<\/td>\n<td>Chartreuse<\/td>\n<td>300 m<\/td>\n<\/tr>\n<tr>\n<td>0.205<\/td>\n<td>12.7<\/td>\n<td>\u00a0Chartreuse<\/td>\n<td>300 m<\/td>\n<\/tr>\n<tr>\n<td>0.235<\/td>\n<td>13.61<\/td>\n<td>\u00a0Chartreuse<\/td>\n<td>300 m<\/td>\n<\/tr>\n<\/table>\n<p>C\u00f4r: NEON Chartreuse\/ verde claro<\/p>\n","protected":false},"excerpt":{"rendered":"<p>Constituida por 13 fibras (12 HMPE fibras + 1 GORE\u00ae Performance Fiber no n\u00facleo) para garantir uma forte resist\u00eancia, sem pontos fracos durante lan\u00e7amento e no combate com os predadores<br \/>\nC\u00f4r NEON Chartreuse<\/p>\n","protected":false},"featured_media":3242,"comment_status":"open","ping_status":"closed","template":"","meta":[],"product_brand":[],"product_cat":[301,347],"product_tag":[],"class_list":{"0":"post-465","1":"product","2":"type-product","3":"status-publish","4":"has-post-thumbnail","6":"product_cat-060900-multifilamento-200-a-300-metros","7":"product_cat-060910-sufix","9":"first","10":"instock","11":"taxable","12":"shipping-taxable","13":"purchasable","14":"product-type-variable"},"_links":{"self":[{"href":"https:\/\/idealpesca.com\/loja\/wp-json\/wp\/v2\/product\/465","targetHints":{"allow":["GET"]}}],"collection":[{"href":"https:\/\/idealpesca.com\/loja\/wp-json\/wp\/v2\/product"}],"about":[{"href":"https:\/\/idealpesca.com\/loja\/wp-json\/wp\/v2\/types\/product"}],"replies":[{"embeddable":true,"href":"https:\/\/idealpesca.com\/loja\/wp-json\/wp\/v2\/comments?post=465"}],"wp:featuredmedia":[{"embeddable":true,"href":"https:\/\/idealpesca.com\/loja\/wp-json\/wp\/v2\/media\/3242"}],"wp:attachment":[{"href":"https:\/\/idealpesca.com\/loja\/wp-json\/wp\/v2\/media?parent=465"}],"wp:term":[{"taxonomy":"product_brand","embeddable":true,"href":"https:\/\/idealpesca.com\/loja\/wp-json\/wp\/v2\/product_brand?post=465"},{"taxonomy":"product_cat","embeddable":true,"href":"https:\/\/idealpesca.com\/loja\/wp-json\/wp\/v2\/product_cat?post=465"},{"taxonomy":"product_tag","embeddable":true,"href":"https:\/\/idealpesca.com\/loja\/wp-json\/wp\/v2\/product_tag?post=465"}],"curies":[{"name":"wp","href":"https:\/\/api.w.org\/{rel}","templated":true}]}}