{"id":462,"date":"2026-03-20T12:14:10","date_gmt":"2026-03-20T12:14:10","guid":{"rendered":"https:\/\/idealpesca.com\/loja\/produto\/vadeador-rapala-x-protect-chest-waders-1-2808\/"},"modified":"2026-03-20T23:58:29","modified_gmt":"2026-03-20T23:58:29","slug":"vadeador-rapala-x-protect-chest-waders-1-2808","status":"publish","type":"product","link":"https:\/\/idealpesca.com\/loja\/produto\/vadeador-rapala-x-protect-chest-waders-1-2808\/","title":{"rendered":"Vadeador RAPALA FOUR PLUS THREE"},"content":{"rendered":"<p><span style=\"color: #000000;font-size: large\">&#8211; Vadeador transpir\u00e1vel. <\/span><\/p>\n<p><span style=\"color: #000000;font-size: large\">&#8211; Fresco no Ver\u00e3o e quente no Inverno. <\/span><\/p>\n<div class=\"tab-cntd fced\">\n<p>Construido em 4 camadas respir\u00e1veis parte inferior e 3 camadas na parte superior.<\/p>\n<p><span style=\"line-height: 20.8px;color: #0066ff\">&#8211; <\/span><span style=\"line-height: 20.8px\">Bolso \u00e1 prova de agua com fecho<\/span><br \/><span style=\"line-height: 20.8px;color: #0066ff\">&#8211; <\/span><span style=\"line-height: 20.8px\">Cinto ajust\u00e1vel<\/span><br \/><span style=\"line-height: 20.8px;color: #0066ff\">&#8211;<\/span><span style=\"line-height: 20.8px\"> Meia de neoprene com 4 mm com solo de alta resist\u00eancia<\/span><br \/><span style=\"color: #0066ff\">&#8211; t<\/span>amanhos : S- XL<br \/><span style=\"color: #0066ff;line-height: 20.8px\">&#8211; <\/span>C\u00f4r: Olive Green<\/p>\n<\/div>\n","protected":false},"excerpt":{"rendered":"<p>&#8211; Vadeador transpir\u00e1vel. &#8211; Fresco no Ver\u00e3o e quente no Inverno. Construido em 4 camadas respir\u00e1veis parte inferior e 3 camadas na parte superior. &#8211; Bolso \u00e1 prova de agua com fecho&#8211; Cinto ajust\u00e1vel&#8211; Meia de neoprene com 4 mm com solo de alta resist\u00eancia&#8211; tamanhos : S- XL&#8211; C\u00f4r: Olive Green<\/p>\n","protected":false},"featured_media":3236,"comment_status":"open","ping_status":"closed","template":"","meta":[],"product_brand":[],"product_cat":[38],"product_tag":[],"class_list":{"0":"post-462","1":"product","2":"type-product","3":"status-publish","4":"has-post-thumbnail","6":"product_cat-230000-vadeadores","8":"first","9":"instock","10":"taxable","11":"shipping-taxable","12":"purchasable","13":"product-type-variable"},"_links":{"self":[{"href":"https:\/\/idealpesca.com\/loja\/wp-json\/wp\/v2\/product\/462","targetHints":{"allow":["GET"]}}],"collection":[{"href":"https:\/\/idealpesca.com\/loja\/wp-json\/wp\/v2\/product"}],"about":[{"href":"https:\/\/idealpesca.com\/loja\/wp-json\/wp\/v2\/types\/product"}],"replies":[{"embeddable":true,"href":"https:\/\/idealpesca.com\/loja\/wp-json\/wp\/v2\/comments?post=462"}],"wp:featuredmedia":[{"embeddable":true,"href":"https:\/\/idealpesca.com\/loja\/wp-json\/wp\/v2\/media\/3236"}],"wp:attachment":[{"href":"https:\/\/idealpesca.com\/loja\/wp-json\/wp\/v2\/media?parent=462"}],"wp:term":[{"taxonomy":"product_brand","embeddable":true,"href":"https:\/\/idealpesca.com\/loja\/wp-json\/wp\/v2\/product_brand?post=462"},{"taxonomy":"product_cat","embeddable":true,"href":"https:\/\/idealpesca.com\/loja\/wp-json\/wp\/v2\/product_cat?post=462"},{"taxonomy":"product_tag","embeddable":true,"href":"https:\/\/idealpesca.com\/loja\/wp-json\/wp\/v2\/product_tag?post=462"}],"curies":[{"name":"wp","href":"https:\/\/api.w.org\/{rel}","templated":true}]}}