{"id":436,"date":"2026-03-20T12:14:06","date_gmt":"2026-03-20T12:14:06","guid":{"rendered":"https:\/\/idealpesca.com\/loja\/produto\/daiwa-saltiga-15hl-sj\/"},"modified":"2026-03-20T23:50:47","modified_gmt":"2026-03-20T23:50:47","slug":"daiwa-saltiga-15hl-sj","status":"publish","type":"product","link":"https:\/\/idealpesca.com\/loja\/produto\/daiwa-saltiga-15hl-sj\/","title":{"rendered":"Carreto SALTIGA 15 SLOW JIGGING"},"content":{"rendered":"<table class=\"table bordered js-pswp-gallery\">\n<tr>\n<th>Refer\u00eancia<\/th>\n<th>\u00a0<\/th>\n<th>Pega<\/th>\n<th>R\u00e1cio (\/1)<\/th>\n<th>VMV<\/th>\n<th>Peso<\/th>\n<th>Capacidade<\/th>\n<th>Multifilamento<\/th>\n<th>Drag<\/th>\n<th>Bobina<\/th>\n<\/tr>\n<tr>\n<td><a href=\"https:\/\/www.daiwa.pt\/uploads\/products\/reels\/2017\/10\/saltiga1515hl_1200x1200.jpg\"> <span class=\"inner\"> <img decoding=\"async\" src=\"image\/gif;base64,R0lGODlhAQABAIAAAMLCwgAAACH5BAAAAAAALAAAAAABAAEAAAICRAEAOw==\" alt=\"\" width=\"1\" height=\"1\" \/><\/span><\/a><br \/>\nSALTIGA1515HL\n<\/td>\n<td>\u00a0<\/td>\n<td>O+ EVA<\/td>\n<td>6,4<\/td>\n<td>100cm<\/td>\n<td>405g<\/td>\n<td>\u00a0<\/td>\n<td>500m\/PE2<\/td>\n<td>8kg<\/td>\n<td><a href=\"https:\/\/www.daiwa.pt\/uploads\/products\/reels\/2019\/10\/z022521_1200x1200.jpg\"> <span class=\"inner\"> <img decoding=\"async\" src=\"image\/gif;base64,R0lGODlhAQABAIAAAMLCwgAAACH5BAAAAAAALAAAAAABAAEAAAICRAEAOw==\" alt=\"\" width=\"1\" height=\"1\" \/><\/span><\/a><br \/>\nZ022521\n<\/td>\n<\/tr>\n<\/table>\n<div class=\"product-desc\">\n<p>Com um rolamento estanque Mag Sealed e um drag ATD, este Saltiga baitcasting \u00e9 o mais evolu\u00eddo na sua categoria. Este carreto poderoso recupera 1 a 1,19 m de linha por volta de manivela. \u00c9 ideal para a pr\u00e1tica de slow-jigging em \u00e1guas profundas. O seu p\u00e9 rebaixado permite ao pescador envolver o carreto com a m\u00e3o para uma pega firme. A bobina de grande capacidade e o seu drag poderoso e progressivo permitem enfrentar peixes lutadores. O carreto est\u00e1 equipado com um clique ruidoso que permite travar a bobina caso fique preso no fundo. Para afrouxar (ou partir&#8230;) a linha, pode engatar o clique e puxar pela linha sem solicitar a cana. O carreto bloqueado permite ter um ponto duro facilitando as tra\u00e7\u00f5es na linha presa sem utilizar os dedos e sem o risco de se cortar. Uma vez a linha desengatada, tudo que precisa fazer \u00e9 retornar a lingueta \u00e0 sua posi\u00e7\u00e3o inicial. A valida\u00e7\u00e3o \u00e9 feita facilmente porque o ru\u00eddo do clique desaparece quando o carreto \u00e9 colocado em a\u00e7\u00e3o de pesca. O tamanho 35 oferece capacidade, pot\u00eancia e drag superiores para pescar mais pesadas e enfrentar peixes maiores.<\/p>\n<p>O modelo SJ est\u00e1 equipado com uma pega assim\u00e9trica para melhor firmeza na m\u00e3o quando dos combates poderosos. Esta pega em alum\u00ednio permite tamb\u00e9m anima\u00e7\u00f5es mais longas tipo &#8220;long fall&#8221; (grandes pux\u00f5es verticais seguidos de longa pausa\/acompanhada). Este carreto oferece a possibilidade de ajustar o comprimento da manivela em fun\u00e7\u00e3o do pescador, passando de 75 a 95 mm de comprimento conforme o modelo.<\/p>\n<\/div>\n<ul>\n<li>Drag com tecnologia ATD (Automatic Tournament Drag) com clique ruidoso<\/li>\n<li>Rolamentos : 8 + 1 sendo 7 CRBB e 1 Mag\u00a0Sealed<\/li>\n<li>Corpo e flasque em alum\u00ednio monobloco<\/li>\n<li>Bobina alum\u00ednio prateada<\/li>\n<li>Manivela alum\u00ednio com 1 pega Power redonda EVA, exceto modelo SJ dotado de uma manivela alum\u00ednio longua ergon\u00f3mica<\/li>\n<li>Manivela do lado esquerdo para pescador destro<\/li>\n<\/ul>\n","protected":false},"excerpt":{"rendered":"<p>Drag com tecnologia ATD (Automatic Tournamemt Drag) com cliquet ruidoso<br \/>\nRolamentos : 8 + 1 sendo 7 CRBB e 1 Mag Sealed<br \/>\nCorpo e flange em alum\u00ednio monobloco<br \/>\nBobina alum\u00ednio prateada<br \/>\nManivela alum\u00ednio com 1 pega Power redonda EVA, exceto modelo SJ dotado de uma manivela em alum\u00ednio longa e ergon\u00f3mica<br \/>\nManivela do lado esquerdo para pescador destro<\/p>\n","protected":false},"featured_media":3191,"comment_status":"open","ping_status":"closed","template":"","meta":[],"product_brand":[],"product_cat":[285,434,517],"product_tag":[],"class_list":{"0":"post-436","1":"product","2":"type-product","3":"status-publish","4":"has-post-thumbnail","6":"product_cat-020400-slow-jigging-casting-e-electricos","7":"product_cat-020401-daiwa","8":"product_cat-ideal-pesca","10":"first","11":"instock","12":"taxable","13":"shipping-taxable","14":"purchasable","15":"product-type-variable"},"_links":{"self":[{"href":"https:\/\/idealpesca.com\/loja\/wp-json\/wp\/v2\/product\/436","targetHints":{"allow":["GET"]}}],"collection":[{"href":"https:\/\/idealpesca.com\/loja\/wp-json\/wp\/v2\/product"}],"about":[{"href":"https:\/\/idealpesca.com\/loja\/wp-json\/wp\/v2\/types\/product"}],"replies":[{"embeddable":true,"href":"https:\/\/idealpesca.com\/loja\/wp-json\/wp\/v2\/comments?post=436"}],"wp:featuredmedia":[{"embeddable":true,"href":"https:\/\/idealpesca.com\/loja\/wp-json\/wp\/v2\/media\/3191"}],"wp:attachment":[{"href":"https:\/\/idealpesca.com\/loja\/wp-json\/wp\/v2\/media?parent=436"}],"wp:term":[{"taxonomy":"product_brand","embeddable":true,"href":"https:\/\/idealpesca.com\/loja\/wp-json\/wp\/v2\/product_brand?post=436"},{"taxonomy":"product_cat","embeddable":true,"href":"https:\/\/idealpesca.com\/loja\/wp-json\/wp\/v2\/product_cat?post=436"},{"taxonomy":"product_tag","embeddable":true,"href":"https:\/\/idealpesca.com\/loja\/wp-json\/wp\/v2\/product_tag?post=436"}],"curies":[{"name":"wp","href":"https:\/\/api.w.org\/{rel}","templated":true}]}}