{"id":365,"date":"2026-03-20T12:13:51","date_gmt":"2026-03-20T12:13:51","guid":{"rendered":"https:\/\/idealpesca.com\/loja\/produto\/daiwa-tournament-split-rings\/"},"modified":"2026-03-20T23:42:28","modified_gmt":"2026-03-20T23:42:28","slug":"daiwa-tournament-split-rings","status":"publish","type":"product","link":"https:\/\/idealpesca.com\/loja\/produto\/daiwa-tournament-split-rings\/","title":{"rendered":"Argolas abertas Tournament Split Ring"},"content":{"rendered":"<p>S\u00e9rie de 6 medidas de argolas abertas de fabrica\u00e7\u00e3o japonesa podendo adaptar-se a todos os tipos de amostras duras. O a\u00e7o inoxid\u00e1vel de muito alta qualidade \u00e9 temperado a quente para aumentar a resist\u00eancia \u00e0 tra\u00e7\u00e3o e \u00e0 corros\u00e3o. Uma garantia de fiabilidade para o pescador. Quantidade por saqueta: 10 a 20 pe\u00e7as conforme o tamanho da argola.<\/p>\n","protected":false},"excerpt":{"rendered":"<p>S\u00e9rie de 6 medidas de argolas abertas de fabrica\u00e7\u00e3o japonesa podendo adaptar-se a todos os tipos de amostras duras. O a\u00e7o inoxid\u00e1vel de muito alta qualidade \u00e9 temperado a quente para aumentar a resist\u00eancia \u00e0 tra\u00e7\u00e3o e \u00e0 corros\u00e3o. Uma garantia de fiabilidade para o pescador. Quantidade por saqueta: 10 a 20 pe\u00e7as conforme o [&hellip;]<\/p>\n","protected":false},"featured_media":3089,"comment_status":"open","ping_status":"closed","template":"","meta":[],"product_brand":[],"product_cat":[142,430],"product_tag":[],"class_list":{"0":"post-365","1":"product","2":"type-product","3":"status-publish","4":"has-post-thumbnail","6":"product_cat-050000-destorcedores-clips-e-argolas-crossbeads-e-missangas","7":"product_cat-050104-daiwa","9":"first","10":"instock","11":"taxable","12":"shipping-taxable","13":"purchasable","14":"product-type-variable"},"_links":{"self":[{"href":"https:\/\/idealpesca.com\/loja\/wp-json\/wp\/v2\/product\/365","targetHints":{"allow":["GET"]}}],"collection":[{"href":"https:\/\/idealpesca.com\/loja\/wp-json\/wp\/v2\/product"}],"about":[{"href":"https:\/\/idealpesca.com\/loja\/wp-json\/wp\/v2\/types\/product"}],"replies":[{"embeddable":true,"href":"https:\/\/idealpesca.com\/loja\/wp-json\/wp\/v2\/comments?post=365"}],"wp:featuredmedia":[{"embeddable":true,"href":"https:\/\/idealpesca.com\/loja\/wp-json\/wp\/v2\/media\/3089"}],"wp:attachment":[{"href":"https:\/\/idealpesca.com\/loja\/wp-json\/wp\/v2\/media?parent=365"}],"wp:term":[{"taxonomy":"product_brand","embeddable":true,"href":"https:\/\/idealpesca.com\/loja\/wp-json\/wp\/v2\/product_brand?post=365"},{"taxonomy":"product_cat","embeddable":true,"href":"https:\/\/idealpesca.com\/loja\/wp-json\/wp\/v2\/product_cat?post=365"},{"taxonomy":"product_tag","embeddable":true,"href":"https:\/\/idealpesca.com\/loja\/wp-json\/wp\/v2\/product_tag?post=365"}],"curies":[{"name":"wp","href":"https:\/\/api.w.org\/{rel}","templated":true}]}}