{"id":361,"date":"2026-03-20T12:13:51","date_gmt":"2026-03-20T12:13:51","guid":{"rendered":"https:\/\/idealpesca.com\/loja\/produto\/daiwa-j-braid-yellow-270-mt\/"},"modified":"2026-03-20T23:53:41","modified_gmt":"2026-03-20T23:53:41","slug":"daiwa-j-braid-yellow-270-mt","status":"publish","type":"product","link":"https:\/\/idealpesca.com\/loja\/produto\/daiwa-j-braid-yellow-270-mt\/","title":{"rendered":"Linha DAIWA J-BRAID X4 verde 270 MT."},"content":{"rendered":"<table class=\"table bordered js-pswp-gallery\">\n<tr>\n<th>Di\u00e2metro (mm)<\/th>\n<th>PE<\/th>\n<th>Resist\u00eancia<\/th>\n<th>Resist\u00eancia<\/th>\n<th>270 m<br \/>Verde<\/th>\n<\/tr>\n<tr>\n<td>07\/100<\/td>\n<td>#0,4<\/td>\n<td>2,6 kg<\/td>\n<td>5,5 lb<\/td>\n<td>12741107<\/td>\n<\/tr>\n<tr>\n<td>10\/100<\/td>\n<td>#0,6<\/td>\n<td>3,8 kg<\/td>\n<td>9 lb<\/td>\n<td>12741110<\/td>\n<\/tr>\n<tr>\n<td>13\/100<\/td>\n<td>#1<\/td>\n<td>5,9 kg<\/td>\n<td>13 lb<\/td>\n<td>12741113<\/td>\n<\/tr>\n<tr>\n<td>15\/100<\/td>\n<td>#1,2<\/td>\n<td>6,9 kg<\/td>\n<td>15 lb<\/td>\n<td>12741115<\/td>\n<\/tr>\n<tr>\n<td>17\/100<\/td>\n<td>#1,5<\/td>\n<td>8,4 kg<\/td>\n<td>19 lb<\/td>\n<td>12741117<\/td>\n<\/tr>\n<tr>\n<td>19\/100<\/td>\n<td>#2<\/td>\n<td>10,2 kg<\/td>\n<td>23 lb<\/td>\n<td>12741119<\/td>\n<\/tr>\n<tr>\n<td>21\/100<\/td>\n<td>#2,5<\/td>\n<td>12,4 kg<\/td>\n<td>27 lb<\/td>\n<td>12741121<\/td>\n<\/tr>\n<tr>\n<td>25\/100<\/td>\n<td>#3<\/td>\n<td>14,4 kg<\/td>\n<td>32 lb<\/td>\n<td>12741125<\/td>\n<\/tr>\n<tr>\n<td>29\/100<\/td>\n<td>#4<\/td>\n<td>18,6 kg<\/td>\n<td>41 lb<\/td>\n<td>12741129<\/td>\n<\/tr>\n<tr>\n<td>33\/100<\/td>\n<td>#5<\/td>\n<td>22,4 kg<\/td>\n<td>50 lb<\/td>\n<td>12741133<\/td>\n<\/tr>\n<\/table>\n<div class=\"product-desc\">\n<p>O c\u00e9lebre multifilamento entran\u00e7ado japon\u00eas J-Braid est\u00e1 dispon\u00edvel na vers\u00e3o 4 fios. A sua estrutura em 4 fios concebida no Jap\u00e3o oferece-lhe uma muito boa resist\u00eancia aos n\u00f3s e \u00e0 abras\u00e3o. \u00c9 caracterizado por um perfil redondo e uma rigidez bem doseada oferecendo uma melhor sensibilidade e uma muito baixa resist\u00eancia \u00e0 corrente. A sua rela\u00e7\u00e3o qualidade \/ pre\u00e7o est\u00e1 \u00e0 altura da fam\u00edlia J-Braid: imbat\u00edvel!<\/p>\n<p>A cor amarela \u00e9 adequada \u00e0s \u00e1guas escuras e a todas as pescas que requerem uma controlo visual da linha: vertical, iscos, rockfishing.<\/p>\n<p>A cor verde \u00e9 a cor mais comum e est\u00e1 dispon\u00edvel numa ampla gama de di\u00e2metros.<\/p>\n<p>O multifilamento multicor \u00e9 ideal para as pescas no mar como o jigging, o slow-jigging e o bay jigging . Mudan\u00e7a de cor a cada 10 m.<\/p>\n<p>Dispon\u00edvel do 0,07 ao 0,33 mm em bobinas de 135 a 1500 m.<\/p>\n<\/div>\n","protected":false},"excerpt":{"rendered":"<p>Di\u00e2metro (mm) PE Resist\u00eancia Resist\u00eancia 270 mVerde 07\/100 #0,4 2,6 kg 5,5 lb 12741107 10\/100 #0,6 3,8 kg 9 lb 12741110 13\/100 #1 5,9 kg 13 lb 12741113 15\/100 #1,2 6,9 kg 15 lb 12741115 17\/100 #1,5 8,4 kg 19 lb 12741117 19\/100 #2 10,2 kg 23 lb 12741119 21\/100 #2,5 12,4 kg 27 lb [&hellip;]<\/p>\n","protected":false},"featured_media":3083,"comment_status":"open","ping_status":"closed","template":"","meta":[],"product_brand":[],"product_cat":[301,348],"product_tag":[],"class_list":{"0":"post-361","1":"product","2":"type-product","3":"status-publish","4":"has-post-thumbnail","6":"product_cat-060900-multifilamento-200-a-300-metros","7":"product_cat-060903-daiwa","9":"first","10":"instock","11":"taxable","12":"shipping-taxable","13":"purchasable","14":"product-type-variable"},"_links":{"self":[{"href":"https:\/\/idealpesca.com\/loja\/wp-json\/wp\/v2\/product\/361","targetHints":{"allow":["GET"]}}],"collection":[{"href":"https:\/\/idealpesca.com\/loja\/wp-json\/wp\/v2\/product"}],"about":[{"href":"https:\/\/idealpesca.com\/loja\/wp-json\/wp\/v2\/types\/product"}],"replies":[{"embeddable":true,"href":"https:\/\/idealpesca.com\/loja\/wp-json\/wp\/v2\/comments?post=361"}],"wp:featuredmedia":[{"embeddable":true,"href":"https:\/\/idealpesca.com\/loja\/wp-json\/wp\/v2\/media\/3083"}],"wp:attachment":[{"href":"https:\/\/idealpesca.com\/loja\/wp-json\/wp\/v2\/media?parent=361"}],"wp:term":[{"taxonomy":"product_brand","embeddable":true,"href":"https:\/\/idealpesca.com\/loja\/wp-json\/wp\/v2\/product_brand?post=361"},{"taxonomy":"product_cat","embeddable":true,"href":"https:\/\/idealpesca.com\/loja\/wp-json\/wp\/v2\/product_cat?post=361"},{"taxonomy":"product_tag","embeddable":true,"href":"https:\/\/idealpesca.com\/loja\/wp-json\/wp\/v2\/product_tag?post=361"}],"curies":[{"name":"wp","href":"https:\/\/api.w.org\/{rel}","templated":true}]}}