{"id":350,"date":"2026-03-20T12:13:49","date_gmt":"2026-03-20T12:13:49","guid":{"rendered":"https:\/\/idealpesca.com\/loja\/produto\/vadeador-hart-25-s-spinning-series\/"},"modified":"2026-04-17T18:13:36","modified_gmt":"2026-04-17T17:13:36","slug":"vadeador-hart-25-s-spinning-series","status":"publish","type":"product","link":"https:\/\/idealpesca.com\/loja\/produto\/vadeador-hart-25-s-spinning-series\/","title":{"rendered":"Vadeador HART 25-S spinning series"},"content":{"rendered":"<p><strong>&#8211; BASEADO NO CONCEITO JAPON\u00caS IDEAL PARA OS PESCADORES DE SPINNING<\/strong><\/p>\n<p><strong>&#8211; MUITO RESISTENTE REFOR\u00c7ADO COM RIP STOP SUPER T\u00c9CNICO\u00a0<\/strong><\/p>\n<p><strong>&#8211; BOLSOS NO PEITO COM FECHOS YKK ( N\u00c3O ESTANQUE)<\/strong><\/p>\n<p><strong>&#8211; BORDA SUPERIOR QUE EVITA A ENTRADA DE \u00c1GUA<\/strong><\/p>\n<p><strong>&#8211; SUSPENS\u00d3RIOS EL\u00c1STICOS REGUL\u00c1VEIS<\/strong><\/p>\n<p><strong>&#8211; CINTO REGUL\u00c1VEL COM ANILHAS PARA ACESS\u00d3RIOS<\/strong><\/p>\n<p><strong>&#8211; POLAINAS DE TECIDO RIP STOP COM NEOPRENE REFOR\u00c7ADO PARA CAL\u00c7AR MAIS F\u00c1CIL<\/strong><\/p>\n<p><strong>&#8211; MEIAS DE NEOPRENE DE ALTA DENSIDADE COM REFOR\u00c7O GOMADO NO CALCANHAR E TEND\u00c3O PARA EVITAR O DESGASTE DA BOTA<\/strong><\/p>\n<p><strong>&#8211; TAMANHOS DO XS AO XXL<\/strong><\/p>\n","protected":false},"excerpt":{"rendered":"<p>&#8211; BASEADO NO CONCEITO JAPON\u00caS IDEAL PARA OS PESCADORES DE SPINNING &#8211; MUITO RESISTENTE REFOR\u00c7ADO COM RIP STOP SUPER T\u00c9CNICO\u00a0 &#8211; BOLSOS NO PEITO COM FECHOS YKK ( N\u00c3O ESTANQUE) &#8211; BORDA SUPERIOR QUE EVITA A ENTRADA DE \u00c1GUA &#8211; SUSPENS\u00d3RIOS EL\u00c1STICOS REGUL\u00c1VEIS &#8211; CINTO REGUL\u00c1VEL COM ANILHAS PARA ACESS\u00d3RIOS &#8211; POLAINAS DE TECIDO RIP [&hellip;]<\/p>\n","protected":false},"featured_media":3067,"comment_status":"open","ping_status":"closed","template":"","meta":[],"product_brand":[],"product_cat":[38],"product_tag":[],"class_list":{"0":"post-350","1":"product","2":"type-product","3":"status-publish","4":"has-post-thumbnail","6":"product_cat-230000-vadeadores","8":"first","9":"outofstock","10":"taxable","11":"shipping-taxable","12":"purchasable","13":"product-type-variable"},"_links":{"self":[{"href":"https:\/\/idealpesca.com\/loja\/wp-json\/wp\/v2\/product\/350","targetHints":{"allow":["GET"]}}],"collection":[{"href":"https:\/\/idealpesca.com\/loja\/wp-json\/wp\/v2\/product"}],"about":[{"href":"https:\/\/idealpesca.com\/loja\/wp-json\/wp\/v2\/types\/product"}],"replies":[{"embeddable":true,"href":"https:\/\/idealpesca.com\/loja\/wp-json\/wp\/v2\/comments?post=350"}],"wp:featuredmedia":[{"embeddable":true,"href":"https:\/\/idealpesca.com\/loja\/wp-json\/wp\/v2\/media\/3067"}],"wp:attachment":[{"href":"https:\/\/idealpesca.com\/loja\/wp-json\/wp\/v2\/media?parent=350"}],"wp:term":[{"taxonomy":"product_brand","embeddable":true,"href":"https:\/\/idealpesca.com\/loja\/wp-json\/wp\/v2\/product_brand?post=350"},{"taxonomy":"product_cat","embeddable":true,"href":"https:\/\/idealpesca.com\/loja\/wp-json\/wp\/v2\/product_cat?post=350"},{"taxonomy":"product_tag","embeddable":true,"href":"https:\/\/idealpesca.com\/loja\/wp-json\/wp\/v2\/product_tag?post=350"}],"curies":[{"name":"wp","href":"https:\/\/api.w.org\/{rel}","templated":true}]}}